{"id":22186,"date":"2024-11-18T12:45:13","date_gmt":"2024-11-18T12:45:13","guid":{"rendered":"https:\/\/flaxmanlaw.wpenginepowered.com\/accidentes-de-una-sola-moto-en-north-miami-abogados-de-lesiones-de-motocicleta-del-condado-de-miami-dade\/"},"modified":"2024-11-18T12:45:13","modified_gmt":"2024-11-18T12:45:13","slug":"accidentes-de-una-sola-moto-en-north-miami-abogados-de-lesiones-de-motocicleta-del-condado-de-miami-dade","status":"publish","type":"page","link":"https:\/\/flaxmanlaw.com\/es\/accidentes-de-una-sola-moto-en-north-miami-abogados-de-lesiones-de-motocicleta-del-condado-de-miami-dade\/","title":{"rendered":"Accidentes de una sola moto en North Miami | Abogados de lesiones de motocicleta del condado de Miami-Dade"},"content":{"rendered":"<div class=\"bodytext\">\n<h2>Accidentes de una sola bicicleta en North Miami<\/h1><\/h2>\n<div class=\"description\">\n<p>Hay muchas cosas que pueden hacer que un motorista pierda el control de su moto y provoque un accidente de una sola motocicleta en North Miami o en su comunidad. El mal dise\u00f1o de la carretera o los restos de la misma son dos de las principales causas de accidentes de una sola motocicleta. Sin embargo, un error del motorista, el mal estado de la carretera, un fallo mec\u00e1nico y otros problemas pueden hacer que el motorista pierda el control de su moto y se salga de control.  <\/p>\n<p>Si has sufrido lesiones en un accidente de moto, a\u00fan puedes tener opciones legales para buscar una indemnizaci\u00f3n. Incluso sin un conductor culpable, puedes tener opciones bajo la p\u00f3liza de tu propia compa\u00f1\u00eda de seguros para buscar compensaci\u00f3n por facturas m\u00e9dicas, salarios perdidos, y m\u00e1s. Para averiguar m\u00e1s, contacte al Grupo Legal Flaxman en cualquier momento para programar una evaluaci\u00f3n gratuita de su caso. Los abogados del Grupo Legal Flaxman han estado trabajando en el \u00e1rea por m\u00e1s de 35 a\u00f1os y cuentan con m\u00e1s de 60 a\u00f1os de experiencia combinada. Estaremos encantados de hablar contigo sobre tus opciones y la situaci\u00f3n de tu seguro.    <\/p>\n<p><strong class=\"heading4\">\u00bfQu\u00e9 ocurre cuando no hay conductor culpable?<\/strong><\/p>\n<p>En un accidente de tr\u00e1fico en North Miami u otra comunidad de Florida, es habitual que el conductor o pasajero lesionado pida una indemnizaci\u00f3n a la compa\u00f1\u00eda de seguros del conductor culpable. En un accidente de moto, la situaci\u00f3n puede parecer m\u00e1s compleja. No hay conductor culpable. Sin embargo, a\u00fan puede haber opciones legales. Por ejemplo, tu propia p\u00f3liza de seguros puede ayudarte a cubrir el coste de las lesiones, as\u00ed como los gastos de reparaci\u00f3n o sustituci\u00f3n de la motocicleta.    <\/p>\n<p>En muchos de estos casos, adem\u00e1s, las lesiones son evitables y est\u00e1n causadas por negligencia. Por ejemplo, tus lesiones pueden haber sido causadas por un mal dise\u00f1o de la carretera u otro caso de negligencia. En estos casos, tambi\u00e9n puedes reclamar una indemnizaci\u00f3n a las partes responsables mediante una demanda judicial. Para saber cu\u00e1les son tus opciones, lo mejor es que hables con un abogado especializado en lesiones personales sobre tu situaci\u00f3n lo antes posible, para empezar a preservar tus derechos.   <\/p>\n<p><strong class=\"heading4\">\u00bfCu\u00e1l es la mejor forma de actuar tras un accidente de moto?<\/strong><\/p>\n<p>Si has sufrido un accidente de moto, lo mejor que puedes hacer es recibir tratamiento m\u00e9dico de inmediato si has resultado gravemente herido. Aunque parezcas estar bien, obt\u00e9n una r\u00e1pida evaluaci\u00f3n m\u00e9dica para descartar lesiones de tejidos blandos, lesiones cerebrales potencialmente mortales y otras lesiones. Adem\u00e1s, docum\u00e9ntate sobre lo que ha provocado el accidente. A continuaci\u00f3n, notifica el accidente de moto a tu propia compa\u00f1\u00eda de seguros. Sin embargo, evita entrar en grandes detalles con tu compa\u00f1\u00eda de seguros. Lim\u00edtate a los hechos. De hecho, antes de ponerte en contacto con tu compa\u00f1\u00eda de seguros o poco despu\u00e9s, te conviene consultar a un abogado especializado en lesiones personales que pueda proteger tus derechos y tus intereses. Un abogado puede negociar con tu compa\u00f1\u00eda de seguros y conseguir la m\u00e1xima indemnizaci\u00f3n en tu caso.       <\/p>\n<p>Si deseas asistencia inmediata despu\u00e9s de un accidente de motocicleta en tu comunidad, <a href=\"contacta con nosotros.html\">contacta con el<\/a> despacho <a href=\"contacta con nosotros.html\">del Grupo Legal Flaxman<\/a>. Los abogados de nuestro bufete de servicios integrales pueden ofrecerte una evaluaci\u00f3n honesta y exhaustiva de tus posibilidades de obtener una indemnizaci\u00f3n. Podemos revisar sus opciones para un acuerdo, una demanda civil o una reclamaci\u00f3n al seguro. Tu consulta inicial con nosotros es gratuita y sin ning\u00fan compromiso.   <\/p>\n<\/p><\/div>\n<\/p><\/div>\n","protected":false},"excerpt":{"rendered":"<p>Sin honorarios a menos que ganemos. Llama al 866-352-9626 para una &#8230; <\/p>\n","protected":false},"author":3,"featured_media":0,"parent":0,"menu_order":0,"comment_status":"closed","ping_status":"closed","template":"template-practice-areas.php","meta":{"footnotes":""},"class_list":["post-22186","page","type-page","status-publish","hentry"],"featured_image_src":null,"featured_image_src_square":null,"_links":{"self":[{"href":"https:\/\/flaxmanlaw.com\/es\/wp-json\/wp\/v2\/pages\/22186","targetHints":{"allow":["GET"]}}],"collection":[{"href":"https:\/\/flaxmanlaw.com\/es\/wp-json\/wp\/v2\/pages"}],"about":[{"href":"https:\/\/flaxmanlaw.com\/es\/wp-json\/wp\/v2\/types\/page"}],"author":[{"embeddable":true,"href":"https:\/\/flaxmanlaw.com\/es\/wp-json\/wp\/v2\/users\/3"}],"replies":[{"embeddable":true,"href":"https:\/\/flaxmanlaw.com\/es\/wp-json\/wp\/v2\/comments?post=22186"}],"version-history":[{"count":0,"href":"https:\/\/flaxmanlaw.com\/es\/wp-json\/wp\/v2\/pages\/22186\/revisions"}],"wp:attachment":[{"href":"https:\/\/flaxmanlaw.com\/es\/wp-json\/wp\/v2\/media?parent=22186"}],"curies":[{"name":"wp","href":"https:\/\/api.w.org\/{rel}","templated":true}]}}