{"id":22187,"date":"2024-11-18T12:45:13","date_gmt":"2024-11-18T12:45:13","guid":{"rendered":"https:\/\/flaxmanlaw.wpenginepowered.com\/accidente-de-motorista-con-seguro-insuficiente-en-north-miami-abogados-de-accidentes-de-coche-en-el-condado-de-miami-dade\/"},"modified":"2024-11-18T12:45:13","modified_gmt":"2024-11-18T12:45:13","slug":"accidente-de-motorista-con-seguro-insuficiente-en-north-miami-abogados-de-accidentes-de-coche-en-el-condado-de-miami-dade","status":"publish","type":"page","link":"https:\/\/flaxmanlaw.com\/es\/accidente-de-motorista-con-seguro-insuficiente-en-north-miami-abogados-de-accidentes-de-coche-en-el-condado-de-miami-dade\/","title":{"rendered":"Accidente de motorista con seguro insuficiente en North Miami | Abogados de accidentes de coche en el condado de Miami-Dade"},"content":{"rendered":"<div class=\"bodytext\">\n<h2>Accidente de motorista con seguro insuficiente en North Miami<\/h1><\/h2>\n<div class=\"description\">\n<p>Florida es un estado de seguro sin culpa. Esto significa que, en caso de accidente de tr\u00e1fico en North Miami o en tu comunidad, en un principio no importa qui\u00e9n caus\u00f3 la colisi\u00f3n de tr\u00e1fico. En su lugar, podr\u00e1s obtener r\u00e1pidamente prestaciones de tus compa\u00f1\u00edas de seguros para pagar las facturas m\u00e9dicas y otros gastos.  <\/p>\n<p>\u00bfQu\u00e9 ocurre, sin embargo, cuando el otro conductor no tiene seguro de autom\u00f3vil o no tiene seguro suficiente para pagar tus lesiones y gastos? Para conseguir la indemnizaci\u00f3n y los recursos econ\u00f3micos que necesitas, quiz\u00e1 quieras hablar con un abogado de lesiones personales de tu comunidad para revisar tus opciones legales de indemnizaci\u00f3n. Es posible que tengas una demanda judicial u otras opciones que te permitan solicitar una indemnizaci\u00f3n por tus da\u00f1os conforme a la legislaci\u00f3n de Florida. Para hablar hoy mismo con un abogado de lesiones personales, contacte al Grupo Legal Flaxman para una consulta gratuita sobre accidentes.   <\/p>\n<p><strong class=\"heading4\">\u00bfQu\u00e9 opciones tienes si has sufrido una colisi\u00f3n con un motorista infrasegurado?<\/strong><\/p>\n<p>Si eres conductor en Florida, es probable que est\u00e9s cubierto por un seguro de autom\u00f3vil. Si lo est\u00e1s, es posible que tambi\u00e9n tengas una cobertura de seguro insuficiente o sin seguro. Este tipo de cobertura de automovilista est\u00e1 pensado para ayudarte si te lesiona alguien que no tiene cobertura suficiente o que no tiene cobertura de seguro. En estas situaciones, esta p\u00f3liza entrar\u00e1 en acci\u00f3n para garantizar la cobertura de tus gastos m\u00e9dicos y de otro tipo.   <\/p>\n<p>Si est\u00e1s mirando p\u00f3lizas de seguro de coche, es muy buena idea contratar una cobertura de motorista con seguro insuficiente o sin seguro, por si acaso. Por desgracia, un n\u00famero considerable de personas decide conducir cada d\u00eda sin un seguro adecuado y, si resultas herido en una colisi\u00f3n con uno de estos conductores, esto podr\u00eda afectar a tu capacidad para obtener una indemnizaci\u00f3n justa por da\u00f1os y perjuicios. Si por casualidad sufres un accidente de coche o cami\u00f3n en North Miami o en cualquier lugar de Florida con alguien que no tiene cobertura adecuada, este tipo de cobertura puede ser tu mejor opci\u00f3n para obtener una indemnizaci\u00f3n.  <\/p>\n<p>Sin embargo, dependiendo de tus circunstancias, tambi\u00e9n puedes disponer de otras opciones legales. Si has resultado herido en un accidente de coche o cami\u00f3n en tu comunidad causado por alguien que no llevaba suficiente cobertura o no ten\u00eda cobertura de seguro, tu mejor opci\u00f3n es hablar con un abogado especializado en lesiones personales. Un abogado puede asesorarte sobre tus opciones e incluso puede representarte mientras buscas prestaciones o indemnizaciones del seguro.  <\/p>\n<p><strong class=\"heading4\">Hablar con un abogado de lesiones personales tras una colisi\u00f3n<\/strong><\/p>\n<p>Tambi\u00e9n es buena idea hablar con un abogado especializado en lesiones personales en estas situaciones, porque aunque tengas cobertura sin seguro o con seguro insuficiente, es posible que no puedas obtener tus prestaciones si has llegado a un acuerdo con la compa\u00f1\u00eda de seguros del otro automovilista. Hay muchas p\u00f3lizas de seguro y leyes legales complicadas que podr\u00edan afectar a tu reclamaci\u00f3n, por lo que consultar a un abogado es importante para asegurarte de que la ley del seguro trabaja a tu favor y no en tu contra. Dependiendo de si tienes limitaciones de p\u00f3liza no acumulables o acumulables, esto tambi\u00e9n podr\u00eda afectar a tu reclamaci\u00f3n. Un abogado cualificado en lesiones personales, con experiencia en el sector de los seguros, puede ayudarte a navegar por el proceso del seguro y aumentar tus posibilidades de obtener la indemnizaci\u00f3n que mereces.   <\/p>\n<p>Si usted est\u00e1 buscando un abogado de lesiones personales despu\u00e9s de resultar lesionado en un accidente de tr\u00e1fico, <a href=\"contacta con nosotros.html\">contacte hoy mismo al Grupo Legal Flaxman<\/a>. Los abogados del Grupo Legal Flaxman cuentan con m\u00e1s de seis d\u00e9cadas de experiencia luchando agresivamente por los derechos de las v\u00edctimas y demandantes de accidentes en todo Florida del Sur. Charles Flaxman, del Grupo Legal Flaxman, tambi\u00e9n cuenta con 10 a\u00f1os de experiencia en la industria de los seguros, as\u00ed como con m\u00e1s de 25 a\u00f1os de experiencia como abogado litigante. Su experiencia garantiza que entiende exactamente c\u00f3mo trabajan las aseguradoras, desde ambos lados de la sala del tribunal. Para saber m\u00e1s sobre los resultados de nuestros casos o para programar una evaluaci\u00f3n gratuita y sin compromiso, contacta hoy mismo con nuestro despacho.    <\/p>\n<\/p><\/div>\n<\/p><\/div>\n","protected":false},"excerpt":{"rendered":"<p>Sin honorarios a menos que ganemos. Llama al 866-352-9626 para una &#8230; <\/p>\n","protected":false},"author":3,"featured_media":0,"parent":0,"menu_order":0,"comment_status":"closed","ping_status":"closed","template":"template-practice-areas.php","meta":{"footnotes":""},"class_list":["post-22187","page","type-page","status-publish","hentry"],"featured_image_src":null,"featured_image_src_square":null,"_links":{"self":[{"href":"https:\/\/flaxmanlaw.com\/es\/wp-json\/wp\/v2\/pages\/22187","targetHints":{"allow":["GET"]}}],"collection":[{"href":"https:\/\/flaxmanlaw.com\/es\/wp-json\/wp\/v2\/pages"}],"about":[{"href":"https:\/\/flaxmanlaw.com\/es\/wp-json\/wp\/v2\/types\/page"}],"author":[{"embeddable":true,"href":"https:\/\/flaxmanlaw.com\/es\/wp-json\/wp\/v2\/users\/3"}],"replies":[{"embeddable":true,"href":"https:\/\/flaxmanlaw.com\/es\/wp-json\/wp\/v2\/comments?post=22187"}],"version-history":[{"count":0,"href":"https:\/\/flaxmanlaw.com\/es\/wp-json\/wp\/v2\/pages\/22187\/revisions"}],"wp:attachment":[{"href":"https:\/\/flaxmanlaw.com\/es\/wp-json\/wp\/v2\/media?parent=22187"}],"curies":[{"name":"wp","href":"https:\/\/api.w.org\/{rel}","templated":true}]}}