{"id":22189,"date":"2024-11-18T12:45:13","date_gmt":"2024-11-18T12:45:13","guid":{"rendered":"https:\/\/flaxmanlaw.wpenginepowered.com\/fatiga-del-conductor-de-camion-en-north-miami-abogados-de-accidentes-de-camion-en-el-condado-de-miami-dade\/"},"modified":"2024-11-18T12:45:13","modified_gmt":"2024-11-18T12:45:13","slug":"fatiga-del-conductor-de-camion-en-north-miami-abogados-de-accidentes-de-camion-en-el-condado-de-miami-dade","status":"publish","type":"page","link":"https:\/\/flaxmanlaw.com\/es\/fatiga-del-conductor-de-camion-en-north-miami-abogados-de-accidentes-de-camion-en-el-condado-de-miami-dade\/","title":{"rendered":"Fatiga del conductor de cami\u00f3n en North Miami | Abogados de accidentes de cami\u00f3n en el condado de Miami-Dade"},"content":{"rendered":"<div class=\"bodytext\">\n<h2>Fatiga del conductor de cami\u00f3n en North Miami<\/h1><\/h2>\n<div class=\"description\">\n<p>Los conductores de camiones comerciales est\u00e1n especialmente formados debido a los peligros de su trabajo y est\u00e1n obligados por ley a obedecer las normas federales de su trabajo. Una de estas normas se refiere a las horas de servicio. Estas normas federales exigen que los conductores de camiones comerciales duerman lo suficiente y lleven un registro de las horas descansadas, as\u00ed como de las horas trabajadas. El objetivo de estas leyes es ayudar a prevenir los numerosos accidentes de cami\u00f3n que se producen cada a\u00f1o debido a conductores fatigados.   <\/p>\n<p>Aunque los peligros de conducir fatigado son bien conocidos en la industria, algunos conductores siguen violando las reglas de horas de servicio y cada a\u00f1o esta imprudencia causa graves accidentes de cami\u00f3n en North Miami y otras comunidades. El Grupo Legal Flaxman comprende lo devastador que puede ser un accidente de cami\u00f3n. Un accidente de cami\u00f3n puede privarte de tu capacidad de obtener ingresos, puede dejarte con un dolor severo durante meses o incluso a\u00f1os, y en algunos casos puede dejarte con lesiones permanentes o con considerables gastos m\u00e9dicos. No hay raz\u00f3n para pasar por este proceso solo. En algunos casos, los accidentes de cami\u00f3n son completamente evitables y est\u00e1n causados por imprudencia o negligencia. En estos casos, los supervivientes pueden interponer una demanda judicial contra las partes responsables para obtener una indemnizaci\u00f3n por los costes y da\u00f1os asociados a sus lesiones. Si deseas m\u00e1s informaci\u00f3n o quieres hablar sobre tu accidente con un abogado de lesiones personales, siempre puedes ponerte en contacto con el Grupo Legal Flaxman para una consulta gratuita sobre accidentes.      <\/p>\n<p><strong class=\"heading4\">Consultar a un abogado de lesiones personales<\/strong><\/p>\n<p>Tras un accidente de cami\u00f3n comercial, es especialmente importante consultar a un abogado de lesiones personales en North Miami o en tu comunidad. En muchos casos, los accidentes de camiones comerciales implican a m\u00faltiples partes responsables y esto puede aumentar las posibilidades de que un superviviente obtenga una indemnizaci\u00f3n justa por sus lesiones. <\/p>\n<p><strong class=\"heading4\">C\u00f3mo protegerte a ti y a tu familia tras un accidente de cami\u00f3n<\/strong><\/p>\n<p>En muchas situaciones en las que est\u00e1 implicado un cami\u00f3n comercial, el transportista y su compa\u00f1\u00eda de seguros se apresurar\u00e1n a hacer una oferta a la persona lesionada para evitar tener que pagar despu\u00e9s una suma mayor. Por desgracia, esto puede dejar al lesionado sin dinero suficiente para pagar las facturas m\u00e9dicas, la p\u00e9rdida de ingresos y otros gastos relacionados con su accidente. El camionero y la compa\u00f1\u00eda de seguros est\u00e1n representados por equipos de abogados que velan por los intereses de la compa\u00f1\u00eda de camiones y de la compa\u00f1\u00eda de seguros. Te mereces un abogado que vele por tus intereses y te proteja a ti y a tu familia. Trabaja con un abogado especializado en lesiones personales o, al menos, obt\u00e9n asesoramiento jur\u00eddico antes de tomar ninguna decisi\u00f3n definitiva. Puede que te des cuenta de que tienes un caso m\u00e1s s\u00f3lido de lo que crees o que descubras que tu caso vale m\u00e1s de lo que piensas. Esto puede ponerte en una mejor posici\u00f3n para determinar qu\u00e9 quieres hacer y qu\u00e9 recursos legales quieres emprender en tu situaci\u00f3n.      <\/p>\n<p>Los abogados del Grupo Legal Flaxman han trabajado con miles de v\u00edctimas de lesiones personales y accidentes de tr\u00e1fico en todo Florida del Sur y comprenden de primera mano lo devastador que puede ser un choque de camiones y las lesiones subsecuentes. Si usted necesita evaluaciones r\u00e1pidas, honestas y minuciosas de sus posibilidades legales y de su caso, siempre puede contactar <a href=\"contacta con nosotros.html\">al Grupo Legal Flaxman<\/a> para una revisi\u00f3n gratuita y sin compromiso de su caso. <\/p>\n<\/p><\/div>\n<\/p><\/div>\n","protected":false},"excerpt":{"rendered":"<p>Sin honorarios a menos que ganemos. Llama al 866-352-9626 para una &#8230; <\/p>\n","protected":false},"author":3,"featured_media":0,"parent":0,"menu_order":0,"comment_status":"closed","ping_status":"closed","template":"template-practice-areas.php","meta":{"footnotes":""},"class_list":["post-22189","page","type-page","status-publish","hentry"],"featured_image_src":null,"featured_image_src_square":null,"_links":{"self":[{"href":"https:\/\/flaxmanlaw.com\/es\/wp-json\/wp\/v2\/pages\/22189","targetHints":{"allow":["GET"]}}],"collection":[{"href":"https:\/\/flaxmanlaw.com\/es\/wp-json\/wp\/v2\/pages"}],"about":[{"href":"https:\/\/flaxmanlaw.com\/es\/wp-json\/wp\/v2\/types\/page"}],"author":[{"embeddable":true,"href":"https:\/\/flaxmanlaw.com\/es\/wp-json\/wp\/v2\/users\/3"}],"replies":[{"embeddable":true,"href":"https:\/\/flaxmanlaw.com\/es\/wp-json\/wp\/v2\/comments?post=22189"}],"version-history":[{"count":0,"href":"https:\/\/flaxmanlaw.com\/es\/wp-json\/wp\/v2\/pages\/22189\/revisions"}],"wp:attachment":[{"href":"https:\/\/flaxmanlaw.com\/es\/wp-json\/wp\/v2\/media?parent=22189"}],"curies":[{"name":"wp","href":"https:\/\/api.w.org\/{rel}","templated":true}]}}