{"id":22194,"date":"2024-11-18T12:45:13","date_gmt":"2024-11-18T12:45:13","guid":{"rendered":"https:\/\/flaxmanlaw.wpenginepowered.com\/resbalones-y-caidas-en-north-miami-abogados-de-responsabilidad-de-locales-en-el-condado-de-miami-dade\/"},"modified":"2024-11-18T12:45:13","modified_gmt":"2024-11-18T12:45:13","slug":"resbalones-y-caidas-en-north-miami-abogados-de-responsabilidad-de-locales-en-el-condado-de-miami-dade","status":"publish","type":"page","link":"https:\/\/flaxmanlaw.com\/es\/resbalones-y-caidas-en-north-miami-abogados-de-responsabilidad-de-locales-en-el-condado-de-miami-dade\/","title":{"rendered":"Resbalones y Ca\u00eddas en North Miami | Abogados de Responsabilidad de Locales en el Condado de Miami-Dade"},"content":{"rendered":"<div class=\"bodytext\">\n<h2>Resbal\u00f3n y ca\u00edda en North Miami<\/h1><\/h2>\n<div class=\"description\">\n<p>Aunque la zona ahora conocida como North Miami ya estaba poblada en 1856, cuando los soldados crearon un sendero en la zona, North Miami como comunidad no surgi\u00f3 hasta la d\u00e9cada de 1920. Hoy, North Miami es una gran zona residencial y tur\u00edstica, situada a un corto trayecto en coche de Miami. Con muchos parques y los campus de la Universidad Internacional de Florida y la Universidad Johnson &amp; Wales, North Miami es un lugar de recreo, aprendizaje y negocios. El Museo de Arte Contempor\u00e1neo (MOCA) es tambi\u00e9n muy impresionante, y un lugar que atrae a turistas y residentes por igual.   <\/p>\n<p>La fuerza de un <a href=\"accidentes por resbalones y ca\u00eddas.html\">accidente por resbal\u00f3n y ca\u00edda<\/a> en North Miami puede ser sorprendentemente grave. Durante una ca\u00edda, la cabeza puede entrar en contacto con aceras y suelos de asfalto u hormig\u00f3n con fuerza suficiente para crear fracturas en el cr\u00e1neo. Varios pacientes de <a href=\"lesiones cerebrales.html\">lesiones cerebrales<\/a> de North Miami sufren sus lesiones por ca\u00eddas. Los accidentes por resbal\u00f3n y ca\u00edda que provocan lesiones cerebrales pueden hacer que el cerebro se hinche y se contusione, lo que provoca lesiones graves a largo plazo. Adem\u00e1s, los accidentes por resbal\u00f3n y ca\u00edda en North Miami pueden provocar fracturas y fracturas \u00f3seas, que tambi\u00e9n pueden tardar meses en curarse por completo.    <\/p>\n<p>En un choque contra una superficie de cemento o asfalto en un accidente de resbal\u00f3n y ca\u00edda, siempre perder\u00e1s. No pierdas dos veces; contrata a un abogado experimentado en lesiones personales en Florida para que vele por tus intereses. El equipo jur\u00eddico del Grupo Legal Flaxman cuenta con d\u00e9cadas de experiencia y ya ha ayudado a miles de v\u00edctimas personales en Florida del Sur a recuperar la compensaci\u00f3n que merecen. El Grupo Legal Flaxman tambi\u00e9n se enorgullece de ofrecer una consulta gratuita y sin compromiso a todos los nuevos clientes. Esta es su oportunidad de hacer preguntas y de obtener informaci\u00f3n sobre su caso, todo sin costo alguno y sin riesgo alguno. S\u00f3lo contacta hoy mismo con el Grupo Legal Flaxman para concertar tu cita gratuita.     <\/p>\n<p>En el <a href=\"index.html\">Grupo Legal Flaxman<\/a>, tratamos a nuestros clientes como personas, no como n\u00fameros de casos. Nos preocupamos por escuchar cada caso y a cada v\u00edctima de lesiones personales en North Miami. Despu\u00e9s, nuestro equipo jur\u00eddico proporciona asesor\u00eda basada en nuestras d\u00e9cadas de experiencia y miles de casos exitosos. Ya sea que usted necesite ayuda para recuperar una demanda de una aseguradora o necesite representaci\u00f3n para llevar su caso ante la corte, el Grupo Legal Flaxman estar\u00e1 a su lado y le ofrecer\u00e1 el apoyo que necesita para su caso.   <\/p>\n<p>Las oficinas en Miami del Grupo Legal Flaxman est\u00e1n a s\u00f3lo unos veinte minutos de North Miami. S\u00f3lo dir\u00edgete al oeste por NE 125th St y gira a la izquierda en la I-95 S. Despu\u00e9s, toma la salida 3A, incorpor\u00e1ndote a FL-836 W y tomando la salida hacia FL-959 S. Gira en Blue Lagoon Dr. y conduce hasta las oficinas del Grupo Legal Flaxman en el 6303 de Blue Lagoon Dr. Nuestras oficinas est\u00e1n en la suite 400. Si no puedes conducir debido a tus lesiones, el Grupo Legal Flaxman tambi\u00e9n puede organizar una consulta en tu casa, lugar de trabajo, o habitaci\u00f3n de hospital. <a href=\"contacta con nosotros.html\">Contacta<\/a> hoy mismo al Grupo Legal Flaxman para programar tu cita.  <\/p>\n<\/p><\/div>\n<\/p><\/div>\n","protected":false},"excerpt":{"rendered":"<p>Sin honorarios a menos que ganemos. Llama al 866-352-9626 para una &#8230; <\/p>\n","protected":false},"author":3,"featured_media":0,"parent":0,"menu_order":0,"comment_status":"closed","ping_status":"closed","template":"template-practice-areas.php","meta":{"footnotes":""},"class_list":["post-22194","page","type-page","status-publish","hentry"],"featured_image_src":null,"featured_image_src_square":null,"_links":{"self":[{"href":"https:\/\/flaxmanlaw.com\/es\/wp-json\/wp\/v2\/pages\/22194","targetHints":{"allow":["GET"]}}],"collection":[{"href":"https:\/\/flaxmanlaw.com\/es\/wp-json\/wp\/v2\/pages"}],"about":[{"href":"https:\/\/flaxmanlaw.com\/es\/wp-json\/wp\/v2\/types\/page"}],"author":[{"embeddable":true,"href":"https:\/\/flaxmanlaw.com\/es\/wp-json\/wp\/v2\/users\/3"}],"replies":[{"embeddable":true,"href":"https:\/\/flaxmanlaw.com\/es\/wp-json\/wp\/v2\/comments?post=22194"}],"version-history":[{"count":0,"href":"https:\/\/flaxmanlaw.com\/es\/wp-json\/wp\/v2\/pages\/22194\/revisions"}],"wp:attachment":[{"href":"https:\/\/flaxmanlaw.com\/es\/wp-json\/wp\/v2\/media?parent=22194"}],"curies":[{"name":"wp","href":"https:\/\/api.w.org\/{rel}","templated":true}]}}