{"id":22195,"date":"2024-11-18T12:45:13","date_gmt":"2024-11-18T12:45:13","guid":{"rendered":"https:\/\/flaxmanlaw.wpenginepowered.com\/accidentes-de-vuelco-en-north-miami-abogados-de-accidentes-de-coche-en-el-condado-de-miami-dade\/"},"modified":"2024-11-18T12:45:13","modified_gmt":"2024-11-18T12:45:13","slug":"accidentes-de-vuelco-en-north-miami-abogados-de-accidentes-de-coche-en-el-condado-de-miami-dade","status":"publish","type":"page","link":"https:\/\/flaxmanlaw.com\/es\/accidentes-de-vuelco-en-north-miami-abogados-de-accidentes-de-coche-en-el-condado-de-miami-dade\/","title":{"rendered":"Accidentes de vuelco en North Miami | Abogados de accidentes de coche en el condado de Miami-Dade"},"content":{"rendered":"<div class=\"bodytext\">\n<h2>Accidentes por vuelco en North Miami<\/h1><\/h2>\n<div class=\"description\">\n<p>Cada a\u00f1o, miles de personas resultan heridas o mueren en peligrosos accidentes por vuelco en North Miami y en todo el pa\u00eds. Es m\u00e1s probable que este tipo de accidentes afecte a todoterrenos, furgonetas y veh\u00edculos comerciales, pero pr\u00e1cticamente cualquier tipo de autom\u00f3vil corre el riesgo de sufrir un accidente con vuelco. Adem\u00e1s, cuando los todoterrenos, furgonetas y camiones comerciales vuelcan, pueden chocar o impactar gravemente contra otros veh\u00edculos en la carretera. Aunque conduzcas un veh\u00edculo muy seguro, que otro coche vuelque o pierda el control en la carretera puede causar lesiones devastadoras para ti y tu familia.   <\/p>\n<p>Si has resultado lesionado en un accidente de volcadura, mereces que alguien est\u00e9 de tu lado. En el Grupo Legal Flaxman, queremos ayudarte. Puedes contactarnos en el Grupo Legal Flaxman a cualquier hora del d\u00eda o de la noche para programar una consulta gratuita sobre accidentes para revisar tu situaci\u00f3n. S\u00f3lo llame al 866-352-9626 para programar una cita gratuita y hablar con alguien sobre sus preocupaciones.   <\/p>\n<p><strong class=\"heading4\">Lesiones graves tras una colisi\u00f3n con vuelco<\/strong><\/p>\n<p>En muchos casos, los accidentes por vuelco son muy graves y es muy probable que los ocupantes sufran lesiones graves o incluso mortales. De hecho, los accidentes por vuelco, en comparaci\u00f3n con otros accidentes, tienen m\u00e1s probabilidades de causar lesiones graves o mortales. Esto se debe a que, cuando un veh\u00edculo vuelca, los ocupantes suelen verse zarandeados y pueden chocar contra el techo, el salpicadero o los laterales del coche.  <\/p>\n<p>Adem\u00e1s, cualquier objeto que haya en el coche -como ordenadores port\u00e1tiles, maletines o c\u00e1maras digitales- se convierte en peligroso proyectil en un accidente de coche con vuelco en North Miami y puede causar graves traumatismos craneales o faciales a los ocupantes del coche. Es probable que este tipo de accidentes provoque v\u00edctimas mortales, lesiones medulares, lesiones de tejidos blandos, traumatismos craneoencef\u00e1licos y otras afecciones potencialmente mortales. <\/p>\n<p><strong class=\"heading4\">\u00bfHacer frente a un costoso tratamiento m\u00e9dico tras una colisi\u00f3n de tr\u00e1fico en el norte de Miami o en el sur de Florida?<\/strong><\/p>\n<p>Debido a la gravedad de las lesiones, los accidentes por vuelco pueden ser m\u00e1s caros de lo que crees. Puede haber muchos costes asociados a tu accidente, entre ellos: <\/p>\n<ul>\n<li>El coste de la medicaci\u00f3n<\/li>\n<li>Gastos m\u00e9dicos de urgencia<\/li>\n<li>Gastos de cirug\u00eda<\/li>\n<li>El gasto de hacer que tu casa sea accesible para ti mientras te recuperas<\/li>\n<li>Vida asistida o cuidados en residencias de ancianos<\/li>\n<li>Asistencia a domicilio<\/li>\n<li>El coste de los dispositivos m\u00e9dicos, como aparatos ortop\u00e9dicos, muletas, sillas de ruedas, pr\u00f3tesis, etc.<\/li>\n<li>Gastos de transporte de ida y vuelta a las citas con el m\u00e9dico y el abogado<\/li>\n<li>Gastos de reparaci\u00f3n o sustituci\u00f3n del coche<\/li>\n<li>Atenci\u00f3n m\u00e9dica de urgencia<\/li>\n<li>Atenci\u00f3n m\u00e9dica de seguimiento<\/li>\n<li>Terapia, rehabilitaci\u00f3n y otros servicios que pueden no estar cubiertos por tu plan m\u00e9dico<\/li>\n<li>Citas con especialistas<\/li>\n<\/ul>\n<p>Estos gastos pueden acumularse r\u00e1pidamente y no hay ninguna certeza de que el seguro vaya a cubrirlos. De hecho, cuanto m\u00e1s graves sean tus lesiones, m\u00e1s probable es que el seguro s\u00f3lo cubra una parte del dinero que necesitas. Por eso es importante hablar con un abogado de lesiones personales: un buen abogado puede protegerte y ayudarte a descubrir opciones de indemnizaci\u00f3n en tu caso.  <\/p>\n<p>Con m\u00e1s de 60 a\u00f1os de experiencia combinada en juicios y un alto \u00edndice de satisfacci\u00f3n del cliente, los abogados <a href=\"contacta con nosotros.html\">del Grupo Legal Flaxman<\/a> son conocidos por estar bien preparados y ser agresivos en favor de los clientes. Nuestras tres oficinas en Homestead, Hollywood, y Miami sirven a toda el \u00e1rea de Florida del Sur. Si a usted le gustar\u00eda tener a nuestro equipo trabajando para usted, contacte hoy mismo al Grupo Legal Flaxman para una revisi\u00f3n de su caso gratuita y sin compromiso.  <\/p>\n<\/p><\/div>\n<\/p><\/div>\n","protected":false},"excerpt":{"rendered":"<p>Sin honorarios a menos que ganemos. Llama al 866-352-9626 para una &#8230; <\/p>\n","protected":false},"author":3,"featured_media":0,"parent":0,"menu_order":0,"comment_status":"closed","ping_status":"closed","template":"template-practice-areas.php","meta":{"footnotes":""},"class_list":["post-22195","page","type-page","status-publish","hentry"],"featured_image_src":null,"featured_image_src_square":null,"_links":{"self":[{"href":"https:\/\/flaxmanlaw.com\/es\/wp-json\/wp\/v2\/pages\/22195","targetHints":{"allow":["GET"]}}],"collection":[{"href":"https:\/\/flaxmanlaw.com\/es\/wp-json\/wp\/v2\/pages"}],"about":[{"href":"https:\/\/flaxmanlaw.com\/es\/wp-json\/wp\/v2\/types\/page"}],"author":[{"embeddable":true,"href":"https:\/\/flaxmanlaw.com\/es\/wp-json\/wp\/v2\/users\/3"}],"replies":[{"embeddable":true,"href":"https:\/\/flaxmanlaw.com\/es\/wp-json\/wp\/v2\/comments?post=22195"}],"version-history":[{"count":0,"href":"https:\/\/flaxmanlaw.com\/es\/wp-json\/wp\/v2\/pages\/22195\/revisions"}],"wp:attachment":[{"href":"https:\/\/flaxmanlaw.com\/es\/wp-json\/wp\/v2\/media?parent=22195"}],"curies":[{"name":"wp","href":"https:\/\/api.w.org\/{rel}","templated":true}]}}