{"id":22196,"date":"2024-11-18T12:45:13","date_gmt":"2024-11-18T12:45:13","guid":{"rendered":"https:\/\/flaxmanlaw.wpenginepowered.com\/north-miami-responsabilidad-de-locales-abogados-de-resbalones-y-caidas-del-condado-de-miami-dade\/"},"modified":"2024-11-18T12:45:13","modified_gmt":"2024-11-18T12:45:13","slug":"north-miami-responsabilidad-de-locales-abogados-de-resbalones-y-caidas-del-condado-de-miami-dade","status":"publish","type":"page","link":"https:\/\/flaxmanlaw.com\/es\/north-miami-responsabilidad-de-locales-abogados-de-resbalones-y-caidas-del-condado-de-miami-dade\/","title":{"rendered":"North Miami Responsabilidad de Locales | Abogados de Resbalones y Ca\u00eddas del Condado de Miami-Dade"},"content":{"rendered":"<div class=\"bodytext\">\n<h2>Responsabilidad civil en locales de North Miami<\/h1><\/h2>\n<div class=\"description\">\n<p>Cuando visitas una propiedad empresarial o comercial o cualquier vivienda en North Miami, por supuesto, esperas entrar en un entorno seguro. Aunque tengas un cuidado razonable para mantenerte seguro mientras visitas una tienda, un restaurante u otra propiedad, tambi\u00e9n esperas que los propietarios de los negocios tomen precauciones para que el espacio de seguridad sea seguro para ti. <\/p>\n<p>Cuando los propietarios permiten que exista una iluminaci\u00f3n inadecuada, un mantenimiento deficiente y otros peligros, puedes acabar lesionado. Si esto sucede, la ley de Florida te permite buscar una demanda legal bajo la ley de responsabilidad de predios. Para saber m\u00e1s, contacta al Grupo Legal Flaxman para una consulta gratuita sobre accidentes.  <\/p>\n<p><strong class=\"heading4\">\u00bfCu\u00e1nto valen realmente tus lesiones?<\/strong><\/p>\n<p>Mucha gente asume que, en una situaci\u00f3n de responsabilidad de las instalaciones, tiene pocas opciones legales. Si sufres un accidente de coche en North Miami, quiz\u00e1 sepas que el seguro del coche te cubre y que tambi\u00e9n tienes un seguro m\u00e9dico que te ayuda a cubrir algunos de tus gastos m\u00e9dicos. En un caso de responsabilidad de las instalaciones, con demasiada frecuencia las partes lesionadas asumen que no tienen ning\u00fan recurso legal y se alejan de la situaci\u00f3n sin buscar una indemnizaci\u00f3n.  <\/p>\n<p>Esto puede ser un error. En muchos casos, los perjudicados tienen muchas opciones. Por ejemplo, pueden demandar judicialmente al propietario y a su compa\u00f1\u00eda de seguros. En algunos casos, los abogados de lesiones personales en North Miami tambi\u00e9n pueden negociar con las compa\u00f1\u00edas de seguros o pueden buscar otras opciones para conseguir una indemnizaci\u00f3n. Si has sufrido lesiones por la imprudencia de alguien, puede que tengas un caso. Es importante que hables de tu situaci\u00f3n con un abogado de lesiones personales para explorar todas tus opciones.     <\/p>\n<p><strong class=\"heading4\">La ley de Florida te protege si has sufrido lesiones<\/strong><\/p>\n<p>La indemnizaci\u00f3n puede ser tu derecho si has resultado lesionado por la imprudencia o negligencia de alguien. Seg\u00fan la legislaci\u00f3n de Florida, las partes lesionadas tienen derecho a reclamar una indemnizaci\u00f3n por el dolor y el sufrimiento, las facturas m\u00e9dicas, los da\u00f1os materiales, la p\u00e9rdida de ingresos y otros gastos si han resultado lesionadas por la negligencia de alguien. <\/p>\n<p>Tu indemnizaci\u00f3n no pretende ser simplemente punitiva. Est\u00e1 pensada para ayudarte a reconstruir tu vida tras una lesi\u00f3n. Si has sufrido lesiones graves por causas ajenas a tu voluntad, los resultados pueden ser devastadores. Las facturas m\u00e9dicas pueden ascender f\u00e1cilmente a muchos miles o incluso cientos de miles de d\u00f3lares si has sufrido lesiones graves. El tiempo de baja laboral puede significar que tengas que luchar para pagar las facturas y cumplir tus obligaciones econ\u00f3micas. Si todo esto no es culpa tuya, no deber\u00edas tener que pagar esos gastos de tu bolsillo. Buscar una indemnizaci\u00f3n justa es tu derecho, y tienes todo el derecho a buscar una indemnizaci\u00f3n justa por tus lesiones.      <\/p>\n<p>La b\u00fasqueda de indemnizaci\u00f3n y justicia en un caso de responsabilidad de las instalaciones tambi\u00e9n env\u00eda un poderoso mensaje a los propietarios. Les anima a hacer cambios importantes en materia de seguridad y muestra a todos los propietarios la importancia de cuidar adecuadamente de sus clientes, visitantes y dem\u00e1s personas que visitan la propiedad. En muchos casos, se han introducido importantes cambios de seguridad despu\u00e9s de que el propietario haya sido declarado legalmente responsable de su negligencia e imprudencia.  <\/p>\n<p>Si crees que puedes tener una demanda, no dudes en contactar hoy mismo con el Grupo Legal Flaxman para hablar de tu situaci\u00f3n con un abogado en una consulta gratuita sobre accidentes.<\/p>\n<\/p><\/div>\n<\/p><\/div>\n","protected":false},"excerpt":{"rendered":"<p>Sin honorarios a menos que ganemos. Llama al 866-352-9626 para una &#8230; <\/p>\n","protected":false},"author":3,"featured_media":0,"parent":0,"menu_order":0,"comment_status":"closed","ping_status":"closed","template":"template-practice-areas.php","meta":{"footnotes":""},"class_list":["post-22196","page","type-page","status-publish","hentry"],"featured_image_src":null,"featured_image_src_square":null,"_links":{"self":[{"href":"https:\/\/flaxmanlaw.com\/es\/wp-json\/wp\/v2\/pages\/22196","targetHints":{"allow":["GET"]}}],"collection":[{"href":"https:\/\/flaxmanlaw.com\/es\/wp-json\/wp\/v2\/pages"}],"about":[{"href":"https:\/\/flaxmanlaw.com\/es\/wp-json\/wp\/v2\/types\/page"}],"author":[{"embeddable":true,"href":"https:\/\/flaxmanlaw.com\/es\/wp-json\/wp\/v2\/users\/3"}],"replies":[{"embeddable":true,"href":"https:\/\/flaxmanlaw.com\/es\/wp-json\/wp\/v2\/comments?post=22196"}],"version-history":[{"count":0,"href":"https:\/\/flaxmanlaw.com\/es\/wp-json\/wp\/v2\/pages\/22196\/revisions"}],"wp:attachment":[{"href":"https:\/\/flaxmanlaw.com\/es\/wp-json\/wp\/v2\/media?parent=22196"}],"curies":[{"name":"wp","href":"https:\/\/api.w.org\/{rel}","templated":true}]}}