{"id":22198,"date":"2024-11-18T12:45:13","date_gmt":"2024-11-18T12:45:13","guid":{"rendered":"https:\/\/flaxmanlaw.wpenginepowered.com\/mal-diseno-de-la-carretera-en-north-miami-abogados-de-accidentes-de-coche-en-el-condado-de-miami-dade\/"},"modified":"2024-11-18T12:45:13","modified_gmt":"2024-11-18T12:45:13","slug":"mal-diseno-de-la-carretera-en-north-miami-abogados-de-accidentes-de-coche-en-el-condado-de-miami-dade","status":"publish","type":"page","link":"https:\/\/flaxmanlaw.com\/es\/mal-diseno-de-la-carretera-en-north-miami-abogados-de-accidentes-de-coche-en-el-condado-de-miami-dade\/","title":{"rendered":"Mal dise\u00f1o de la carretera en North Miami | Abogados de accidentes de coche en el condado de Miami-Dade"},"content":{"rendered":"<div class=\"bodytext\">\n<h2>Mal dise\u00f1o de las carreteras de North Miami<\/h1><\/h2>\n<div class=\"description\">\n<p>Muchas autopistas, autov\u00edas y otras carreteras est\u00e1n en mal estado y necesitan reparaci\u00f3n. Otras son peligrosas porque est\u00e1n mal dise\u00f1adas. Se espera que los planificadores de la seguridad del tr\u00e1fico y los ingenieros que dise\u00f1an nuestras carreteras y programan su mantenimiento mantengan la seguridad de nuestras carreteras. Al fin y al cabo, los residentes de Florida pagan impuestos para asegurarse de que tienen infraestructuras seguras, como autopistas, calles urbanas, pasos elevados y puentes.   <\/p>\n<p>Si usted ha resultado lesionado en un camino, carretera, puente, paso a desnivel, u otra infraestructura y sospecha que el mal dise\u00f1o de una carretera en North Miami o el mal mantenimiento de la misma provocaron sus lesiones, contacte al Grupo Legal Flaxman al 866-352-9626 para evaluar su situaci\u00f3n con un abogado de lesiones personales. Los abogados del Grupo Legal Flaxman cuentan con m\u00e1s de 60 a\u00f1os de experiencia combinada en juicios, as\u00ed como experiencia ayudando a demandantes por lesiones personales a obtener compensaci\u00f3n por sus lesiones. Podemos responder a tus preguntas, ofrecerte asesor\u00eda legal y ayudarte a entender si tienes una demanda legal.  <\/p>\n<p><strong class=\"heading4\">\u00bfQu\u00e9 pueden hacer los municipios para reducir los riesgos de los peligros de la carretera?<\/strong><\/p>\n<p>Los peligros de la carretera no s\u00f3lo existen porque son inevitables. En muchos casos, los municipios y las ciudades pueden hacer mucho para evitar el mal estado de las carreteras y su mal dise\u00f1o. Por ejemplo, pueden:  <\/p>\n<ul>\n<li>Contrata planificadores e ingenieros de seguridad del tr\u00e1fico de calidad para garantizar que las carreteras se dise\u00f1an correctamente.<\/li>\n<li>Sustituir las intersecciones muy congestionadas por una rotonda o plazas de tr\u00e1fico. En Europa, estas caracter\u00edsticas de dise\u00f1o han sido eficaces para evitar algunos accidentes <\/li>\n<li>Ajusta la velocidad de las carreteras o instala c\u00e1maras de sem\u00e1foro en rojo para reducir las zonas donde se producen excesos de velocidad.<\/li>\n<li>Pon en marcha investigaciones en zonas donde los accidentes de tr\u00e1fico son bastante frecuentes y busca formas de reducir el riesgo de accidentes.<\/li>\n<li>Utiliza la tecnolog\u00eda de recopilaci\u00f3n de datos para reunir informaci\u00f3n sobre los problemas de dise\u00f1o de las carreteras y las zonas de alta colisi\u00f3n, y luego act\u00faa adecuadamente en respuesta a esos datos.<\/li>\n<li>Haz que los inspectores se aseguren de que las carreteras est\u00e1n bien construidas.<\/li>\n<li>Disponer de un sistema adecuado de mantenimiento y reparaci\u00f3n de carreteras para garantizar que las carreteras y otras infraestructuras son seguras y se mantienen seguras.<\/li>\n<\/ul>\n<p>Si los ayuntamientos no toman estas precauciones y su negligencia provoca accidentes, las personas lesionadas pueden tener opciones legales.<\/p>\n<p><strong class=\"heading4\">\u00bfTienes una reclamaci\u00f3n legal?<\/strong><\/p>\n<p>Si te has lesionado en una carretera o autopista que puede haber estado mal mantenida o mal dise\u00f1ada, puede ser dif\u00edcil saber si tienes derecho a reclamar. \u00bfHizo el ayuntamiento todo lo posible para garantizar que la calzada fuera segura? \u00bfFue negligente el ayuntamiento u otra administraci\u00f3n local a la hora de proporcionarte una carretera segura? A menudo, en estas situaciones es importante hablar con un abogado de lesiones personales en North Miami o en tu comunidad para averiguar si tienes una reclamaci\u00f3n legal o si hay partes responsables a las que puedas perseguir en tu caso para buscar una indemnizaci\u00f3n justa por tus lesiones y da\u00f1os.   <\/p>\n<p>Si has resultado lesionado por una carretera mal dise\u00f1ada, <a href=\"contacta con nosotros.html\">contacta con el Grupo Legal Flaxman<\/a> para explorar tus opciones. Si existe una causa de acci\u00f3n para una demanda o si hay otras opciones para buscar una indemnizaci\u00f3n, nuestros compasivos y profesionales abogados de lesiones personales pueden ayudarle a comprender qu\u00e9 pasos puede dar para protegerse y proteger sus derechos. <\/p>\n<\/p><\/div>\n<\/p><\/div>\n","protected":false},"excerpt":{"rendered":"<p>Sin honorarios a menos que ganemos. Llama al 866-352-9626 para una &#8230; <\/p>\n","protected":false},"author":3,"featured_media":0,"parent":0,"menu_order":0,"comment_status":"closed","ping_status":"closed","template":"template-practice-areas.php","meta":{"footnotes":""},"class_list":["post-22198","page","type-page","status-publish","hentry"],"featured_image_src":null,"featured_image_src_square":null,"_links":{"self":[{"href":"https:\/\/flaxmanlaw.com\/es\/wp-json\/wp\/v2\/pages\/22198","targetHints":{"allow":["GET"]}}],"collection":[{"href":"https:\/\/flaxmanlaw.com\/es\/wp-json\/wp\/v2\/pages"}],"about":[{"href":"https:\/\/flaxmanlaw.com\/es\/wp-json\/wp\/v2\/types\/page"}],"author":[{"embeddable":true,"href":"https:\/\/flaxmanlaw.com\/es\/wp-json\/wp\/v2\/users\/3"}],"replies":[{"embeddable":true,"href":"https:\/\/flaxmanlaw.com\/es\/wp-json\/wp\/v2\/comments?post=22198"}],"version-history":[{"count":0,"href":"https:\/\/flaxmanlaw.com\/es\/wp-json\/wp\/v2\/pages\/22198\/revisions"}],"wp:attachment":[{"href":"https:\/\/flaxmanlaw.com\/es\/wp-json\/wp\/v2\/media?parent=22198"}],"curies":[{"name":"wp","href":"https:\/\/api.w.org\/{rel}","templated":true}]}}