{"id":22199,"date":"2024-11-18T12:45:13","date_gmt":"2024-11-18T12:45:13","guid":{"rendered":"https:\/\/flaxmanlaw.wpenginepowered.com\/accidentes-por-alcance-en-north-miami-abogados-de-accidentes-de-coche-en-el-condado-de-miami-dade\/"},"modified":"2024-11-18T12:45:13","modified_gmt":"2024-11-18T12:45:13","slug":"accidentes-por-alcance-en-north-miami-abogados-de-accidentes-de-coche-en-el-condado-de-miami-dade","status":"publish","type":"page","link":"https:\/\/flaxmanlaw.com\/es\/accidentes-por-alcance-en-north-miami-abogados-de-accidentes-de-coche-en-el-condado-de-miami-dade\/","title":{"rendered":"Accidentes por alcance en North Miami | Abogados de accidentes de coche en el condado de Miami-Dade"},"content":{"rendered":"<div class=\"bodytext\">\n<h2>Accidentes por alcance en North Miami<\/h1><\/h2>\n<div class=\"description\">\n<p>Tanto si has golpeado por detr\u00e1s a otra persona como si has sufrido un accidente por alcance en North Miami o en cualquier lugar de Florida, es importante que busques asesoramiento jur\u00eddico inmediatamente. Querr\u00e1s proteger tus intereses y asegurarte de que no te culpan de un accidente que no has provocado. Adem\u00e1s, querr\u00e1s obtener una indemnizaci\u00f3n justa y m\u00e1xima en tu caso, para poder costearte una asistencia m\u00e9dica de calidad, as\u00ed como la reposici\u00f3n de los ingresos que perder\u00e1s mientras te curas.  <\/p>\n<p>Los abogados del Grupo Legal Flaxman han trabajado con miles de demandantes por accidentes automovil\u00edsticos y lesiones personales y comprenden lo aterrador que puede ser resultar lesionado en un grave accidente automovil\u00edstico o de cami\u00f3n. Si usted ha sufrido lesiones por causas ajenas a su voluntad, contacte inmediatamente a nuestros abogados para programar una revisi\u00f3n gratuita y sin compromiso de su caso. <\/p>\n<p><strong class=\"heading4\">Lesiones comunes tras un accidente de tr\u00e1fico en North Miami<\/strong><\/p>\n<p>Un accidente de tr\u00e1fico grave puede provocar una serie de lesiones devastadoras, entre ellas:<\/p>\n<ul>\n<li>Lesiones de espalda<\/li>\n<li>Lesiones en la cabeza<\/li>\n<li>Lesiones por aplastamiento<\/li>\n<li>Latigazo cervical<\/li>\n<li>Quemaduras<\/li>\n<li>Laceraciones<\/li>\n<li>Fracturas<\/li>\n<li>Lesiones internas<\/li>\n<li>Lesiones medulares<\/li>\n<li>Lesiones de mu\u00f1eca y brazo<\/li>\n<li>Amputaci\u00f3n<\/li>\n<li>Par\u00e1lisis<\/li>\n<li>Desfiguraci\u00f3n y cicatrices<\/li>\n<\/ul>\n<p>Recibir r\u00e1pidamente atenci\u00f3n m\u00e9dica para tus lesiones es importante. Sin embargo, obtener asesoramiento jur\u00eddico y asegurar tu futuro econ\u00f3mico tambi\u00e9n es importante. Actuar con rapidez puede ayudarte a mejorar tus posibilidades de obtener una indemnizaci\u00f3n justa en tu caso, y obtener una indemnizaci\u00f3n justa puede ayudarte a pagar la mejor atenci\u00f3n m\u00e9dica posible para que tengas la mejor oportunidad de recuperarte totalmente tras tu accidente.  <\/p>\n<p><strong class=\"heading4\">\u00bfNecesitas asesoramiento jur\u00eddico tras un accidente?<\/strong><\/p>\n<p>Si has sufrido lesiones graves, sobre todo, es probable que necesites al menos asesoramiento jur\u00eddico, si no intervenci\u00f3n legal, para obtener una indemnizaci\u00f3n justa, aunque tengas una excelente cobertura de seguro. En estos casos, tus gastos pueden ser considerables porque pueden durar muchos a\u00f1os. Si has sufrido lesiones graves en la m\u00e9dula espinal, por ejemplo, tu atenci\u00f3n m\u00e9dica puede acabar costando cientos de miles de d\u00f3lares y el coste total de tus lesiones puede acabar costando m\u00e1s de un mill\u00f3n de d\u00f3lares a lo largo de tu vida. Es posible que tengas que hacer frente a una p\u00e9rdida de ingresos, que pierdas posibilidades de ingresos futuros y que necesites cuidados de por vida, as\u00ed como tratamiento m\u00e9dico a largo plazo.   <\/p>\n<p>Buscar una indemnizaci\u00f3n r\u00e1pidamente tras tu accidente garantiza que tengas la oportunidad de conseguirla antes de renunciar a ninguno de tus derechos. Para protegerte, ponte en contacto con un abogado de lesiones personales en North Miami o en tu comunidad para discutir qu\u00e9 pasos puedes dar para obtener una indemnizaci\u00f3n justa por tus lesiones. <\/p>\n<p>La firma de servicios integrales del <a href=\"index.html\">Grupo Legal Flaxman<\/a> cuenta con un equipo de abogados que dedican todo su tiempo y atenci\u00f3n a las demandas por lesiones personales y accidentes automovil\u00edsticos. Nuestros abogados cuentan con m\u00e1s de 60 a\u00f1os de experiencia combinada litigando casos relacionados con demandas por accidentes automovil\u00edsticos y otras demandas por lesiones personales. Si podemos serte de utilidad tras tu lesi\u00f3n, no dudes en <a href=\"contacta con nosotros.html\">ponerte en contacto con nosotros<\/a> para concertar una revisi\u00f3n gratuita y sin compromiso de tu caso.  <\/p>\n<\/p><\/div>\n<\/p><\/div>\n","protected":false},"excerpt":{"rendered":"<p>Sin honorarios a menos que ganemos. Llama al 866-352-9626 para una &#8230; <\/p>\n","protected":false},"author":3,"featured_media":0,"parent":0,"menu_order":0,"comment_status":"closed","ping_status":"closed","template":"template-practice-areas.php","meta":{"footnotes":""},"class_list":["post-22199","page","type-page","status-publish","hentry"],"featured_image_src":null,"featured_image_src_square":null,"_links":{"self":[{"href":"https:\/\/flaxmanlaw.com\/es\/wp-json\/wp\/v2\/pages\/22199","targetHints":{"allow":["GET"]}}],"collection":[{"href":"https:\/\/flaxmanlaw.com\/es\/wp-json\/wp\/v2\/pages"}],"about":[{"href":"https:\/\/flaxmanlaw.com\/es\/wp-json\/wp\/v2\/types\/page"}],"author":[{"embeddable":true,"href":"https:\/\/flaxmanlaw.com\/es\/wp-json\/wp\/v2\/users\/3"}],"replies":[{"embeddable":true,"href":"https:\/\/flaxmanlaw.com\/es\/wp-json\/wp\/v2\/comments?post=22199"}],"version-history":[{"count":0,"href":"https:\/\/flaxmanlaw.com\/es\/wp-json\/wp\/v2\/pages\/22199\/revisions"}],"wp:attachment":[{"href":"https:\/\/flaxmanlaw.com\/es\/wp-json\/wp\/v2\/media?parent=22199"}],"curies":[{"name":"wp","href":"https:\/\/api.w.org\/{rel}","templated":true}]}}