{"id":22200,"date":"2024-11-18T12:45:13","date_gmt":"2024-11-18T12:45:13","guid":{"rendered":"https:\/\/flaxmanlaw.wpenginepowered.com\/north-miami-physical-neglect-abogados-de-abuso-de-ancianos-del-condado-de-miami-dade\/"},"modified":"2024-11-18T12:45:13","modified_gmt":"2024-11-18T12:45:13","slug":"north-miami-physical-neglect-abogados-de-abuso-de-ancianos-del-condado-de-miami-dade","status":"publish","type":"page","link":"https:\/\/flaxmanlaw.com\/es\/north-miami-physical-neglect-abogados-de-abuso-de-ancianos-del-condado-de-miami-dade\/","title":{"rendered":"North Miami Physical Neglect | Abogados de Abuso de Ancianos del Condado de Miami-Dade"},"content":{"rendered":"<div class=\"bodytext\">\n<h2>Negligencia f\u00edsica en North Miami<\/h1><\/h2>\n<div class=\"description\">\n<p>Por desgracia, los pacientes ancianos en residencias de ancianos y los adultos en residencias o centros de vida asistida pueden convertirse en blanco de abusos y negligencias en North Miami y otras comunidades de Florida. Unas pol\u00edticas deficientes y un personal abusivo o negligente pueden hacer que los pacientes y residentes acaben sin lo b\u00e1sico para vivir o sufran lesiones graves. En los casos de negligencia f\u00edsica, por ejemplo, los pacientes pueden no recibir agua, comida, ayuda con la higiene, calefacci\u00f3n u otros elementos b\u00e1sicos. Este tipo de maltrato puede provocar p\u00e9rdida de peso, deshidrataci\u00f3n, hipotermia, ca\u00eddas e incluso muertes. Por desgracia, quienes tienen m\u00e1s probabilidades de verse afectados por el abandono f\u00edsico son tambi\u00e9n los m\u00e1s vulnerables y los que tienen menos probabilidades de poder defenderse. En estos casos, suelen ser los familiares y amigos afectuosos quienes intervienen para proporcionar justicia y ayuda.     <\/p>\n<p>Si tu ser querido ha sido v\u00edctima de abuso o negligencia en un asilo de ancianos en North Miami o en cualquier parte de Florida del Sur, no dudes en contactar hoy mismo al Grupo Legal Flaxman. Nuestra firma de servicios integrales puede ofrecerle una evaluaci\u00f3n de su caso gratuita y sin compromiso, para averiguar qu\u00e9 puede hacerse en su caso. Nuestro equipo trabaja con investigadores privados, expertos m\u00e9dicos, y otros profesionales para construir casos s\u00f3lidos y ayudarte a obtener el apoyo que necesitas. Ponte en contacto con nuestro bufete de abogados en el 866-352-9626 hoy mismo para obtener m\u00e1s informaci\u00f3n.   <\/p>\n<p><strong class=\"heading4\">La negligencia f\u00edsica puede provocar lesiones graves<\/strong><\/p>\n<p>El maltrato f\u00edsico y la negligencia en residencias de ancianos pueden provocar muchas afecciones y dolencias, como:<\/p>\n<ul class=\"no-spacing-list\">\n<li>Deshidrataci\u00f3n<\/li>\n<li>Escaras<\/li>\n<li>Malnutrici\u00f3n<\/li>\n<li>Fracturas<\/li>\n<li>Maltrato f\u00edsico<\/li>\n<li>Negligencia m\u00e9dica<\/li>\n<li>Infecciones<\/li>\n<li>Lesiones en la cabeza o en la espalda<\/li>\n<li>Piojos u otras infestaciones<\/li>\n<\/ul>\n<p>La realidad es que las personas internadas en entornos asistenciales suelen necesitar m\u00e1s ayuda que la poblaci\u00f3n media para realizar tareas b\u00e1sicas como comer o asearse. Si alguien es negligente en el cuidado del aspecto f\u00edsico de los residentes, \u00e9stos y los pacientes pueden sufrir graves consecuencias por falta de atenci\u00f3n y ayuda. Incluso algo tan simple como las \u00falceras de dec\u00fabito causadas por la falta de aseo adecuado o por no dar la vuelta correctamente a alguien que est\u00e1 postrado en la cama puede provocar infecciones e incluso poner en peligro la vida de alguien que padece una enfermedad preexistente.  <\/p>\n<p><strong class=\"heading4\">\u00bfTe has lesionado t\u00fa o un ser querido?<\/strong><\/p>\n<p>Si tu ser querido ha resultado herido en Miami, Homestead, Hollywood o cualquier otro lugar del sur de Florida, necesitas buscar la m\u00e1xima indemnizaci\u00f3n por tu p\u00e9rdida de ingresos, facturas m\u00e9dicas y lesiones. Para ello, necesitas hablar con abogados especializados en lesiones personales que tengan experiencia en casos similares al tuyo. Hablar con un abogado con experiencia en casos de negligencia f\u00edsica o maltrato en residencias de ancianos significa hablar con un profesional del Derecho que sabe c\u00f3mo actuar para proteger a tu ser querido.  <\/p>\n<p>Los abogados del Grupo Legal Flaxman cuentan con m\u00e1s de seis d\u00e9cadas de experiencia manejando una variedad de casos de lesiones personales y accidentes, incluyendo demandas por negligencia f\u00edsica, accidentes de tr\u00e1fico, casos de abuso de ancianos, casos de lesiones infantiles, accidentes por resbal\u00f3n y ca\u00edda, y m\u00e1s. Si usted desea averiguar lo que el Grupo Legal Flaxman puede hacer por usted y le gustar\u00eda saber si califica para una demanda legal u otras opciones legales, <a href=\"contacta con nosotros.html\">contacte<\/a> hoy mismo <a href=\"contacta con nosotros.html\">al Grupo Legal Flaxman<\/a> para una consulta gratuita sobre accidentes. <\/p>\n<\/p><\/div>\n<\/p><\/div>\n","protected":false},"excerpt":{"rendered":"<p>Sin honorarios a menos que ganemos. Llama al 866-352-9626 para una &#8230; <\/p>\n","protected":false},"author":3,"featured_media":0,"parent":0,"menu_order":0,"comment_status":"closed","ping_status":"closed","template":"template-practice-areas.php","meta":{"footnotes":""},"class_list":["post-22200","page","type-page","status-publish","hentry"],"featured_image_src":null,"featured_image_src_square":null,"_links":{"self":[{"href":"https:\/\/flaxmanlaw.com\/es\/wp-json\/wp\/v2\/pages\/22200","targetHints":{"allow":["GET"]}}],"collection":[{"href":"https:\/\/flaxmanlaw.com\/es\/wp-json\/wp\/v2\/pages"}],"about":[{"href":"https:\/\/flaxmanlaw.com\/es\/wp-json\/wp\/v2\/types\/page"}],"author":[{"embeddable":true,"href":"https:\/\/flaxmanlaw.com\/es\/wp-json\/wp\/v2\/users\/3"}],"replies":[{"embeddable":true,"href":"https:\/\/flaxmanlaw.com\/es\/wp-json\/wp\/v2\/comments?post=22200"}],"version-history":[{"count":0,"href":"https:\/\/flaxmanlaw.com\/es\/wp-json\/wp\/v2\/pages\/22200\/revisions"}],"wp:attachment":[{"href":"https:\/\/flaxmanlaw.com\/es\/wp-json\/wp\/v2\/media?parent=22200"}],"curies":[{"name":"wp","href":"https:\/\/api.w.org\/{rel}","templated":true}]}}