{"id":22201,"date":"2024-11-18T12:45:13","date_gmt":"2024-11-18T12:45:13","guid":{"rendered":"https:\/\/flaxmanlaw.wpenginepowered.com\/accidente-en-el-transporte-publico-de-north-miami-abogados-de-lesiones-del-condado-de-miami-dade\/"},"modified":"2024-11-18T12:45:13","modified_gmt":"2024-11-18T12:45:13","slug":"accidente-en-el-transporte-publico-de-north-miami-abogados-de-lesiones-del-condado-de-miami-dade","status":"publish","type":"page","link":"https:\/\/flaxmanlaw.com\/es\/accidente-en-el-transporte-publico-de-north-miami-abogados-de-lesiones-del-condado-de-miami-dade\/","title":{"rendered":"Accidente en el transporte p\u00fablico de North Miami | Abogados de lesiones del condado de Miami-Dade"},"content":{"rendered":"<div class=\"bodytext\">\n<h2>Accidente en el transporte p\u00fablico de North Miami<\/h1><\/h2>\n<div class=\"description\">\n<p>Si has sufrido un accidente de transporte p\u00fablico en North Miami o en cualquier lugar de Florida, por lo general la autoridad de tr\u00e1nsito propietaria del veh\u00edculo de transporte p\u00fablico se pondr\u00e1 r\u00e1pidamente en contacto contigo y es posible que te presione para que firmes documentos o aceptes una oferta de acuerdo de inmediato. En este tipo de colisiones, la autoridad de transporte p\u00fablico se mueve con rapidez, tratando de resolver las reclamaciones de forma econ\u00f3mica y r\u00e1pida. <\/p>\n<p>Por desgracia, si has sufrido lesiones graves esto no te sirve. Normalmente necesitar\u00e1s trabajar con un abogado de lesiones personales para revisar la situaci\u00f3n y para asegurarte de que tomas las medidas necesarias para protegerte a ti y a tu familia. Siempre puedes ponerte en contacto con el Grupo Legal Flaxman para concertar una consulta gratuita y sin compromiso sobre tu caso, a fin de obtener asesor\u00eda legal sobre tu situaci\u00f3n.  <\/p>\n<p><strong class=\"heading4\">Tipos de accidentes en el transporte p\u00fablico<\/strong><\/p>\n<p>Hay muchos tipos de accidentes de tr\u00e1fico:<\/p>\n<ul>\n<li>El veh\u00edculo de transporte p\u00fablico puede chocar contra otro veh\u00edculo<\/li>\n<li>Una parada corta puede provocar un frenazo brusco y lesiones<\/li>\n<li>Choques en cadena<\/li>\n<li>Colisiones de un solo veh\u00edculo<\/li>\n<li>Incidentes y lesiones dentro del autob\u00fas, tren o taxi<\/li>\n<\/ul>\n<p>Sea cual sea el tipo de incidente o lesi\u00f3n que hayas sufrido, si te has lesionado mientras utilizabas el transporte p\u00fablico es conveniente que te asesores jur\u00eddicamente. Tus lesiones pueden ser graves y afectar a tu vida e ingresos durante meses o incluso a\u00f1os. Buscar ahora una indemnizaci\u00f3n justa te prepara econ\u00f3micamente para el tratamiento y el proceso de curaci\u00f3n.  <\/p>\n<p><strong class=\"heading4\">Preguntas que querr\u00e1s hacer despu\u00e9s de una colisi\u00f3n o lesi\u00f3n en el transporte p\u00fablico<\/strong><\/p>\n<p>Si te has lesionado viajando en un autob\u00fas, tren, lanzadera o taxi p\u00fablicos, es posible que tengas varias preguntas:<\/p>\n<ul>\n<li>\u00bfC\u00f3mo pagar\u00e9 las facturas m\u00e9dicas, los gastos hospitalarios y los salarios perdidos?<\/li>\n<li>\u00bfC\u00f3mo puedo obtener atenci\u00f3n m\u00e9dica para mis lesiones?<\/li>\n<li>\u00bfQui\u00e9nes son las partes responsables en mi caso?<\/li>\n<li>\u00bfQu\u00e9 pasos puedo dar para conseguir una indemnizaci\u00f3n y proteger mis finanzas?<\/li>\n<li>\u00bfDebo aceptar una oferta del seguro o de conciliaci\u00f3n?<\/li>\n<li>\u00bfCu\u00e1nto costar\u00e1n realmente mis lesiones a largo plazo?<\/li>\n<\/ul>\n<p>Es importante que tengas en cuenta estas cuestiones para que puedas protegerte. Conocer tus opciones y cu\u00e1nto pueden acabar costando tus lesiones puede ayudarte a tomar decisiones importantes ahora para que est\u00e9s protegido m\u00e1s adelante. Para obtener respuestas, puedes consultar a un abogado de lesiones personales en North Miami o en tu comunidad. Un buen abogado de lesiones personales puede revisar tu caso contigo y responder a tus preguntas para que puedas tomar decisiones que tengan sentido para ti y tu familia.   <\/p>\n<p>Si has sufrido lesiones graves mientras utilizabas el transporte p\u00fablico, no dudes en ponerte en contacto con <a href=\"index.html\">el Grupo Legal Flaxman<\/a>. Nuestro equipo de abogados de lesiones personales representa agresivamente a demandantes lesionados, buscando la m\u00e1xima compensaci\u00f3n y justicia en cada caso. Nuestros abogados cuentan con m\u00e1s de seis d\u00e9cadas de experiencia en juicios y ya han obtenido m\u00e1s de 100 millones de d\u00f3lares combinados a favor de miles de demandantes por lesiones personales en Florida. Para averiguar qu\u00e9 tipo de asistencia es posible para usted, <a href=\"contacta con nosotros.html\">contacte<\/a> al Grupo Legal Flaxman al 866-352-9626 para una evaluaci\u00f3n gratuita de su caso.   <\/p>\n<\/p><\/div>\n<\/p><\/div>\n","protected":false},"excerpt":{"rendered":"<p>Sin honorarios a menos que ganemos. Llama al 866-352-9626 para una &#8230; <\/p>\n","protected":false},"author":3,"featured_media":0,"parent":0,"menu_order":0,"comment_status":"closed","ping_status":"closed","template":"template-practice-areas.php","meta":{"footnotes":""},"class_list":["post-22201","page","type-page","status-publish","hentry"],"featured_image_src":null,"featured_image_src_square":null,"_links":{"self":[{"href":"https:\/\/flaxmanlaw.com\/es\/wp-json\/wp\/v2\/pages\/22201","targetHints":{"allow":["GET"]}}],"collection":[{"href":"https:\/\/flaxmanlaw.com\/es\/wp-json\/wp\/v2\/pages"}],"about":[{"href":"https:\/\/flaxmanlaw.com\/es\/wp-json\/wp\/v2\/types\/page"}],"author":[{"embeddable":true,"href":"https:\/\/flaxmanlaw.com\/es\/wp-json\/wp\/v2\/users\/3"}],"replies":[{"embeddable":true,"href":"https:\/\/flaxmanlaw.com\/es\/wp-json\/wp\/v2\/comments?post=22201"}],"version-history":[{"count":0,"href":"https:\/\/flaxmanlaw.com\/es\/wp-json\/wp\/v2\/pages\/22201\/revisions"}],"wp:attachment":[{"href":"https:\/\/flaxmanlaw.com\/es\/wp-json\/wp\/v2\/media?parent=22201"}],"curies":[{"name":"wp","href":"https:\/\/api.w.org\/{rel}","templated":true}]}}