{"id":22202,"date":"2024-11-18T12:45:13","date_gmt":"2024-11-18T12:45:13","guid":{"rendered":"https:\/\/flaxmanlaw.wpenginepowered.com\/abuso-fisico-en-north-miami-abogados-de-lesiones-en-el-condado-de-miami-dade\/"},"modified":"2024-11-18T12:45:13","modified_gmt":"2024-11-18T12:45:13","slug":"abuso-fisico-en-north-miami-abogados-de-lesiones-en-el-condado-de-miami-dade","status":"publish","type":"page","link":"https:\/\/flaxmanlaw.com\/es\/abuso-fisico-en-north-miami-abogados-de-lesiones-en-el-condado-de-miami-dade\/","title":{"rendered":"Abuso f\u00edsico en North Miami | Abogados de lesiones en el condado de Miami-Dade"},"content":{"rendered":"<div class=\"bodytext\">\n<h2>Abuso f\u00edsico en North Miami<\/h1><\/h2>\n<div class=\"description\">\n<p>Si has sido v\u00edctima de un asalto o agresi\u00f3n en North Miami o Florida, ya has sufrido bastante. No deber\u00edas tener que afrontar p\u00e9rdidas y dificultades econ\u00f3micas por las elevadas facturas m\u00e9dicas a las que te enfrentas. Responsabilizar a las partes implicadas garantiza que los propietarios y otras partes implicadas se tomen en serio la seguridad de los dem\u00e1s, y garantiza que dispongas de recursos econ\u00f3micos que puedan ayudarte a pagar la atenci\u00f3n m\u00e9dica y otros gastos.  <\/p>\n<p>Si usted ha resultado lesionado, averig\u00fce cu\u00e1les son sus opciones legales contactando al Grupo Legal Flaxman para programar una consulta gratuita sobre su caso. Charles Flaxman y otros miembros de nuestro personal hablan ingl\u00e9s y espa\u00f1ol con fluidez, y tambi\u00e9n contamos con personal que habla criollo. Nuestros abogados tienen m\u00e1s de seis d\u00e9cadas de experiencia manejando casos similares al suyo.  <\/p>\n<p><strong class=\"heading4\">Buscar ayuda tras una situaci\u00f3n de agresi\u00f3n f\u00edsica y lesiones<\/strong><\/p>\n<p>Si has sido v\u00edctima de un atraco, asalto, agresi\u00f3n u otro acto de violencia, por supuesto es importante alertar inmediatamente a la polic\u00eda y obtener ayuda m\u00e9dica urgente si la necesitas. Adem\u00e1s de buscar ayuda inmediatamente, tal vez quieras acudir a un grupo de apoyo que pueda ayudarte a afrontar el trauma emocional que has sufrido. <\/p>\n<p>Sin embargo, adem\u00e1s de ocuparte de tu salud f\u00edsica y de iniciar una investigaci\u00f3n del accidente con las autoridades, tambi\u00e9n deber\u00e1s tener en cuenta las repercusiones econ\u00f3micas de la agresi\u00f3n. La realidad es que una agresi\u00f3n puede impedirte trabajar durante semanas o meses y puede dejarte con importantes facturas m\u00e9dicas. <\/p>\n<p>Suele ser una buena idea hablar con un abogado de lesiones personales inmediatamente despu\u00e9s de tu agresi\u00f3n, para averiguar si se pueden presentar cargos tanto civiles como penales. Un abogado de lesiones personales en North Miami o en tu comunidad puede ayudarte a determinar si tienes una reclamaci\u00f3n legal civil que pueda ayudarte a reclamar una indemnizaci\u00f3n a cualquier parte responsable. Por ejemplo, si el propietario de la propiedad donde tuvo lugar el incidente fue negligente a la hora de proporcionar una seguridad adecuada, es posible que tengas una reclamaci\u00f3n por seguridad adecuada en tu situaci\u00f3n. Esto puede ayudarte no s\u00f3lo a conseguir recursos econ\u00f3micos para asesoramiento, terapia, medicaci\u00f3n y otras facturas, sino tambi\u00e9n a garantizar que el propietario tome medidas para mejorar la seguridad, de modo que otras personas no sufran las mismas lesiones.   <\/p>\n<p><strong class=\"heading4\">\u00bfNecesitas hablar con un abogado de lesiones personales?<\/strong><\/p>\n<p>Si usted ha resultado lesionado y est\u00e1 listo para conocer los hechos sobre sus opciones legales, <a href=\"contacta con nosotros.html\">contacte<\/a> al Grupo Legal Flaxman para revisar su caso con uno de los abogados de nuestra firma de servicios integrales. Nuestros abogados cuentan con m\u00e1s de seis d\u00e9cadas de experiencia en juicios. Charles Flaxman, fundador <a href=\"index.html\">del Grupo Legal Flaxman<\/a>, cuenta con m\u00e1s de 30 a\u00f1os de experiencia como abogado litigante y tambi\u00e9n tiene m\u00e1s de 10 a\u00f1os de experiencia como ajustador de seguros, lo que le da una visi\u00f3n de c\u00f3mo las pol\u00edticas de las aseguradoras pueden estar afectando su demanda. Charles Flaxman es tambi\u00e9n miembro del Foro de Abogados del Mill\u00f3n de D\u00f3lares, una prestigiosa asociaci\u00f3n de abogados litigantes.   <\/p>\n<\/p><\/div>\n<\/p><\/div>\n","protected":false},"excerpt":{"rendered":"<p>Sin honorarios a menos que ganemos. Llama al 866-352-9626 para una &#8230; <\/p>\n","protected":false},"author":3,"featured_media":0,"parent":0,"menu_order":0,"comment_status":"closed","ping_status":"closed","template":"template-practice-areas.php","meta":{"footnotes":""},"class_list":["post-22202","page","type-page","status-publish","hentry"],"featured_image_src":null,"featured_image_src_square":null,"_links":{"self":[{"href":"https:\/\/flaxmanlaw.com\/es\/wp-json\/wp\/v2\/pages\/22202","targetHints":{"allow":["GET"]}}],"collection":[{"href":"https:\/\/flaxmanlaw.com\/es\/wp-json\/wp\/v2\/pages"}],"about":[{"href":"https:\/\/flaxmanlaw.com\/es\/wp-json\/wp\/v2\/types\/page"}],"author":[{"embeddable":true,"href":"https:\/\/flaxmanlaw.com\/es\/wp-json\/wp\/v2\/users\/3"}],"replies":[{"embeddable":true,"href":"https:\/\/flaxmanlaw.com\/es\/wp-json\/wp\/v2\/comments?post=22202"}],"version-history":[{"count":0,"href":"https:\/\/flaxmanlaw.com\/es\/wp-json\/wp\/v2\/pages\/22202\/revisions"}],"wp:attachment":[{"href":"https:\/\/flaxmanlaw.com\/es\/wp-json\/wp\/v2\/media?parent=22202"}],"curies":[{"name":"wp","href":"https:\/\/api.w.org\/{rel}","templated":true}]}}