{"id":22204,"date":"2024-11-18T12:45:13","date_gmt":"2024-11-18T12:45:13","guid":{"rendered":"https:\/\/flaxmanlaw.wpenginepowered.com\/negligencia-farmaceutica-en-north-miami-abogados-de-lesiones-personales-en-el-condado-de-miami-dade\/"},"modified":"2024-11-18T12:45:13","modified_gmt":"2024-11-18T12:45:13","slug":"negligencia-farmaceutica-en-north-miami-abogados-de-lesiones-personales-en-el-condado-de-miami-dade","status":"publish","type":"page","link":"https:\/\/flaxmanlaw.com\/es\/negligencia-farmaceutica-en-north-miami-abogados-de-lesiones-personales-en-el-condado-de-miami-dade\/","title":{"rendered":"Negligencia farmac\u00e9utica en North Miami | Abogados de lesiones personales en el condado de Miami-Dade"},"content":{"rendered":"<div class=\"bodytext\">\n<h2>Negligencia farmac\u00e9utica en North Miami<\/h1><\/h2>\n<div class=\"description\">\n<p>North Miami, un suburbio de Miami, es conocido por su rica historia y por su numerosa poblaci\u00f3n haitiano-americana. La zona tambi\u00e9n es conocida por una serie de atracciones, entre ellas el Museo de Arte Contempor\u00e1neo (MOCA). Situado en el centro de North Miami, el museo fue dise\u00f1ado por Charles Gwathmey y alberga 23.000 pies cuadrados de espacio para el arte. La zona tambi\u00e9n tiene muchos parques, como el Parque Estatal del R\u00edo Oleta, de 1.043 acres, y el Parque Arch Creek, de 8 acres. Moverse por North Miami para ver todas estas atracciones es f\u00e1cil gracias al servicio gratuito de autob\u00fas NoMi Express que ofrece la comunidad.    <\/p>\n<p>Como cualquier ciudad de Florida, North Miami tiene varias cl\u00ednicas y farmacias. Aunque muchos pacientes obtienen una gran atenci\u00f3n m\u00e9dica en el \u00e1rea, la negligencia m\u00e9dica y los errores farmac\u00e9uticos en North Miami y sus alrededores afectan desafortunadamente a algunos pacientes. Si crees que has sido afectado por este tipo de negligencia, puedes contactar al <a href=\"sobre nosotros.html\">Grupo Legal Flaxman<\/a> para recibir asesor\u00eda legal.  <\/p>\n<p><strong class=\"heading4\">\u00bfPor qu\u00e9 se producen negligencias farmac\u00e9uticas en North Miami y Florida?<\/strong><\/p>\n<p>Seg\u00fan algunos expertos, parte del problema es la forma en que se gestionan las farmacias. Las farmacias suelen ser entornos de mucha presi\u00f3n, y esto puede aumentar el riesgo de errores farmac\u00e9uticos. En algunas farmacias de grandes empresas, los farmac\u00e9uticos deben procesar miles de recetas al d\u00eda, adem\u00e1s de atender el tel\u00e9fono y responder a las preguntas de los clientes. En algunas farmacias, a los farmac\u00e9uticos se les asignan cuotas y deben cumplir un volumen muy elevado de recetas por hora. Este tipo de entorno de alta presi\u00f3n y ritmo acelerado puede aumentar el riesgo de errores, pero los farmac\u00e9uticos siguen siendo responsables de cumplimentar las recetas correctamente y se les considera responsables en caso de que cumplimenten una receta incorrectamente y causen lesiones a un paciente.    <\/p>\n<p><strong class=\"heading4\">Leyes que pueden afectar a tu caso de negligencia farmac\u00e9utica en North Miami<\/strong><\/p>\n<p>Si te has lesionado por un error de medicaci\u00f3n o de farmacia en North Miami o en tu comunidad, es importante que tengas en cuenta que existe un plazo de prescripci\u00f3n para las demandas derivadas de este tipo de casos seg\u00fan la Fla. Stat. Ann. \u00a7 95.11(4)(a). En Florida, tienes dos a\u00f1os desde el momento de la lesi\u00f3n o desde el momento en que deber\u00edas haber tenido conocimiento de ella para presentar tu reclamaci\u00f3n. Aunque dos a\u00f1os parecen mucho tiempo y puede parecer que tienes tiempo de sobra para tomar una decisi\u00f3n sobre la presentaci\u00f3n de una demanda legal, en realidad es muy importante que <a href=\"contacta con nosotros.html\">consultes con un abogado de lesiones personales<\/a> en North Miami o en tu comunidad muy r\u00e1pidamente despu\u00e9s de haberte lesionado.     <\/p>\n<p>El equipo jur\u00eddico del Grupo Legal Flaxman siempre est\u00e1 dispuesto a reunirse contigo en tu casa, oficina o lugar de trabajo si no puedes viajar debido a tus lesiones. Las l\u00edneas telef\u00f3nicas del <a href=\"index.html\">Grupo Legal<\/a> Flaxman tambi\u00e9n est\u00e1n atendidas las 24 horas del d\u00eda, los siete d\u00edas de la semana, para que puedas contactar r\u00e1pidamente con un profesional legal cuando lo necesites. Si crees que puedes tener una reclamaci\u00f3n, no te demores. Obt\u00e9n asesor\u00eda legal inmediata para proteger tu futuro y el de tu familia.   <\/p>\n<\/p><\/div>\n<\/p><\/div>\n","protected":false},"excerpt":{"rendered":"<p>Sin honorarios a menos que ganemos. Llama al 866-352-9626 para una &#8230; <\/p>\n","protected":false},"author":3,"featured_media":0,"parent":0,"menu_order":0,"comment_status":"closed","ping_status":"closed","template":"template-practice-areas.php","meta":{"footnotes":""},"class_list":["post-22204","page","type-page","status-publish","hentry"],"featured_image_src":null,"featured_image_src_square":null,"_links":{"self":[{"href":"https:\/\/flaxmanlaw.com\/es\/wp-json\/wp\/v2\/pages\/22204","targetHints":{"allow":["GET"]}}],"collection":[{"href":"https:\/\/flaxmanlaw.com\/es\/wp-json\/wp\/v2\/pages"}],"about":[{"href":"https:\/\/flaxmanlaw.com\/es\/wp-json\/wp\/v2\/types\/page"}],"author":[{"embeddable":true,"href":"https:\/\/flaxmanlaw.com\/es\/wp-json\/wp\/v2\/users\/3"}],"replies":[{"embeddable":true,"href":"https:\/\/flaxmanlaw.com\/es\/wp-json\/wp\/v2\/comments?post=22204"}],"version-history":[{"count":0,"href":"https:\/\/flaxmanlaw.com\/es\/wp-json\/wp\/v2\/pages\/22204\/revisions"}],"wp:attachment":[{"href":"https:\/\/flaxmanlaw.com\/es\/wp-json\/wp\/v2\/media?parent=22204"}],"curies":[{"name":"wp","href":"https:\/\/api.w.org\/{rel}","templated":true}]}}