{"id":22206,"date":"2024-11-18T12:45:13","date_gmt":"2024-11-18T12:45:13","guid":{"rendered":"https:\/\/flaxmanlaw.wpenginepowered.com\/lesiones-personales-en-north-miami-abogados-de-accidentes-en-el-condado-de-miami-dade\/"},"modified":"2025-12-04T04:00:22","modified_gmt":"2025-12-04T04:00:22","slug":"lesiones-personales-en-north-miami-abogados-de-accidentes-en-el-condado-de-miami-dade","status":"publish","type":"page","link":"https:\/\/flaxmanlaw.com\/es\/lesiones-personales-en-north-miami-abogados-de-accidentes-en-el-condado-de-miami-dade\/","title":{"rendered":"Lesiones personales en North Miami | Abogados de accidentes"},"content":{"rendered":"<div class=\"bodytext\">\n<h2>Lesiones personales en North Miami<\/h1><\/h2>\n<div class=\"description\">\n<p>North Miami es una comunidad de Florida, situada cerca de Miami, en el condado de Miami-Dade. North Miami alberga el campus de North Miami de la Universidad Johnson &amp; Wales, el campus de Biscayne Bay de la Universidad Internacional de Florida y muchos parques, entre ellos el famoso Parque Estatal del R\u00edo Oleta. Esta comunidad suburbana remonta su historia a 1856, cuando los soldados del ej\u00e9rcito de los Estados Unidos crearon un sendero hasta la zona. Sin embargo, no fue hasta el boom inmobiliario de Florida de la d\u00e9cada de 1920 cuando la zona conocida ahora como Miami Norte empez\u00f3 a poblarse de casas residenciales. Hoy, North Miami es conocido por el Museo de Arte Contempor\u00e1neo (MOCA) y Biscayne Landing, una zona de uso mixto con residencias, edificios comerciales y un parque medioambiental.<\/p>\n<p>El personal jur\u00eddico de servicios integrales del Grupo Legal Flaxman ha estado ayudando a North Miami y a las comunidades circundantes durante d\u00e9cadas. Si has sufrido lesiones graves en North Miami, necesitas un abogado calificado en lesiones personales en North Miami y el equipo legal del Grupo Legal Flaxman puede ser justo eso para ti. En el Grupo Legal Flaxman, siempre puedes contactar a alguien por tel\u00e9fono para hablar sobre tus lesiones y el equipo incluso se desplazar\u00e1 a tu casa, habitaci\u00f3n de hospital o lugar de trabajo en North Miami para hablar sobre tu caso. Tu consulta inicial gratuita y sin compromiso es una gran oportunidad para hablar de tu caso, hacer preguntas y obtener asesoramiento jur\u00eddico inicial.<\/p>\n<p>Las lesiones y los accidentes pueden ser un reto econ\u00f3mico, adem\u00e1s de devastadores. Si has sufrido una lesi\u00f3n o te has visto implicado en un accidente en North Miami, puedes enfrentarte a p\u00e9rdidas de ingresos, gastos m\u00e9dicos prohibitivos y otros costes a largo plazo. Puede que el seguro s\u00f3lo cubra algunos de estos gastos, lo que puede significar que a\u00fan tengas que gastar miles de d\u00f3lares en tu lesi\u00f3n. Necesitas un abogado de lesiones personales cualificado en North Miami. Un buen abogado de lesiones personales de North Miami puede ayudarte a entender tu caso, puede negociar con los proveedores de seguros y puede buscar agresivamente todos los recursos posibles que puedan ayudarte a recuperarte -f\u00edsica y econ\u00f3micamente- de tu lesi\u00f3n. El experimentado equipo legal del Grupo Legal Flaxman es compasivo y ya ha ayudado a miles de demandantes por lesiones personales en Florida. Deja que te ayudemos; ponte en contacto con nosotros para una consulta gratuita y sin compromiso para hablar de tu caso de lesiones personales en North Miami.<\/p>\n<p>North Miami est\u00e1 a s\u00f3lo veinte minutos manejando de las oficinas en Miami del Grupo Legal Flaxman. Para llegar a nuestras oficinas desde North Miami, conduce hacia el oeste por NE 125th St y gira a la izquierda hacia I-95 S. Toma la salida 3A e incorp\u00f3rate a FL-836 W. Toma una salida hacia FL-959 S\/NW 57th Ave\/N Red Rd y gira hacia Blue Lagoon Dr. Las oficinas del Grupo Legal Flaxman est\u00e1n en 6303 Blue Lagoon Dr., en la suite 400.<\/p>\n<\/div>\n<div class=\"subpageslist\"><strong class=\"heading4 widget-title\"><a href=\"accidente-coche-norte-miami.html\">Accidentes de tr\u00e1fico<\/a><\/strong> <strong class=\"heading4 widget-title\"><a href=\"accidente-cami\u00f3n-norte-miami.html\">Accidentes de cami\u00f3n<\/a><\/strong> <strong class=\"heading4 widget-title\"><a href=\"accidente-motocicleta-norte-miami.html\">Accidentes de moto<\/a><\/strong> <strong class=\"heading4 widget-title\"><a href=\"deslizamiento y ca\u00edda del norte de miami.html\">Accidentes por resbalones y ca\u00eddas<\/a><\/strong> <strong class=\"heading4 widget-title\"><a href=\"muerte por negligencia en el norte de miami.html\">Muerte por negligencia<\/a><\/strong> <strong class=\"heading4 widget-title\"><a href=\"traumatismo craneoencef\u00e1lico.html\">Lesi\u00f3n en la cabeza<\/a><\/strong> <strong class=\"heading4 widget-title\"><a href=\"accidente-bicicleta-norte-miami.html\">Accidentes de bicicleta<\/a><\/strong> <strong class=\"heading4 widget-title\"><a href=\"responsabilidad-productos-norte-miami.html\">Responsabilidad por productos defectuosos<\/a><\/strong> <strong class=\"heading4 widget-title\"><a href=\"accidente-autobus-norte-miami.html\">Accidentes de autob\u00fas<\/a><\/strong> <strong class=\"heading4 widget-title\"><a href=\"mala praxis-m\u00e9dica-norte-miami.html\">Negligencia m\u00e9dica<\/a><\/strong> <strong class=\"heading4 widget-title\"><a href=\"abuso en residencias de ancianos del norte de miami.html\">Abuso en residencias de ancianos<\/a><\/strong> <strong class=\"heading4 widget-title\"><a href=\"lesiones-trabajo-norte-miami.html\">Lesiones laborales<\/a><\/strong> <strong class=\"heading4 widget-title\"><a href=\"lesiones-ni\u00f1os-miami-norte.html\">Lesiones infantiles<\/a><\/strong> <strong class=\"heading4 widget-title\"><a href=\"negligencia-farmac\u00e9utica-miami-norte.html\">Negligencia farmac\u00e9utica<\/a><\/strong> <strong class=\"heading4 widget-title\"><a href=\"impacto del lado norte de miami.html\">Impacto lateral<\/a><\/strong> <strong class=\"heading4 widget-title\"><a href=\"derecho-seguros-miami-norte.html\">Derecho de seguros<\/a><\/strong> <strong class=\"heading4 widget-title\"><a href=\"norte-miami-atropellado-por-un-conductor-borracho.html\">Atropellado por un conductor ebrio<\/a><\/strong> <strong class=\"heading4 widget-title\"><a href=\"accidente con fuga en el norte de miami.html\">Accidentes con fuga<\/a><\/strong> <strong class=\"heading4 widget-title\"><a href=\"amputaciones-miami-norte.html\">Amputaciones<\/a><\/strong> <strong class=\"heading4 widget-title\"><a href=\"lesiones-parto-norte-miami.html\">Lesiones en el parto<\/a><\/strong> <strong class=\"heading4 widget-title\"><a href=\"north-miami-dog-bites.html\">Mordeduras de perro<\/a><\/strong> <strong class=\"heading4 widget-title\"><a href=\"accidentes en el norte de miami.html\">Accidentes por no ceder el paso<\/a><\/strong> <strong class=\"heading4 widget-title\"><a href=\"norte-miami-choque frontal.html\">Colisi\u00f3n frontal<\/a><\/strong> <strong class=\"heading4 widget-title\"><a href=\"norte-miami-accidente-de-motorista-sin-seguro.html\">Accidentes de motoristas con seguro insuficiente<\/a><\/strong> <strong class=\"heading4 widget-title\"><a href=\"peligros de las carreteras del norte de miami.html\">Peligros de la carretera<\/a><\/strong> <strong class=\"heading4 widget-title\"><a href=\"north-miami-poor-road-design.html\">Mal dise\u00f1o de las carreteras<\/a><\/strong> <strong class=\"heading4 widget-title\"><a href=\"fallo-mecanico-miami-norte.html\">Fallo mec\u00e1nico<\/a><\/strong> <strong class=\"heading4 widget-title\"><a href=\"accidentes-en-cadena-miami-norte.html\">Accidentes en cadena<\/a><\/strong> <strong class=\"heading4 widget-title\"><a href=\"accidentes-volcaduras-miami-norte.html\">Accidentes por vuelco<\/a><\/strong> <strong class=\"heading4 widget-title\"><a href=\"colisiones en el norte de miami.html\">Colisiones en Broadside<\/a><\/strong> <strong class=\"heading4 widget-title\"><a href=\"accidentes por cambio de carril inseguro en el norte de miami.html\">Accidentes por cambio de carril inseguro<\/a><\/strong> <strong class=\"heading4 widget-title\"><a href=\"accidentes-intersecciones-miami-norte.html\">Accidentes en intersecciones<\/a><\/strong> <strong class=\"heading4 widget-title\"><a href=\"seguridad-pasajeros-norte-miami.html\">Seguridad de los pasajeros<\/a><\/strong> <strong class=\"heading4 widget-title\"><a href=\"colisiones por giros a la izquierda en miami-norte.html\">Colisiones por giro a la izquierda<\/a><\/strong> <strong class=\"heading4 widget-title\"><a href=\"accidentes en el norte de miami.html\">Accidentes por alcance<\/a><\/strong> <strong class=\"heading4 widget-title\"><a href=\"norte-miami-automovil-motocicleta.html\">Autom\u00f3vil y Motocicleta<\/a><\/strong> <strong class=\"heading4 widget-title\"><a href=\"fracasos de los equipos pesados del norte de miami.html\">Aver\u00edas de maquinaria pesada<\/a><\/strong> <strong class=\"heading4 widget-title\"><a href=\"drogas-peligrosas-norte-miami.html\">Drogas peligrosas<\/a><\/strong> <strong class=\"heading4 widget-title\"><a href=\"abandono-fisico-norte-miami.html\">Negligencia f\u00edsica<\/a><\/strong> <strong class=\"heading4 widget-title\"><a href=\"negligencia-medica-norte-de-miami.html\">Negligencia m\u00e9dica<\/a><\/strong> <strong class=\"heading4 widget-title\"><a href=\"norte-miami-supervisi\u00f3n-inadecuada.html\">Supervisi\u00f3n inadecuada<\/a><\/strong> <strong class=\"heading4 widget-title\"><a href=\"vida asistida-negligencia.html\">Negligencia en residencias asistidas<\/a><\/strong> <strong class=\"heading4 widget-title\"><a href=\"abuso de ancianos en el norte de miami.html\">Abuso de ancianos<\/a><\/strong> <strong class=\"heading4 widget-title\"><a href=\"abuso-fisico-norte-miami.html\">Maltrato f\u00edsico<\/a><\/strong> <strong class=\"heading4 widget-title\"><a href=\"asalto-sexual-miami-norte.html\">Agresi\u00f3n sexual<\/a><\/strong> <strong class=\"heading4 widget-title\"><a href=\"lesiones cerebrales en el norte de miami.html\">Lesi\u00f3n cerebral<\/a><\/strong> <strong class=\"heading4 widget-title\"><a href=\"accidente-bus-escolar-norte-miami.html\">Accidentes de autob\u00fas escolar<\/a><\/strong> <strong class=\"heading4 widget-title\"><a href=\"accidente-transporte-p\u00fablico-norte-miami.html\">Accidentes en el transporte p\u00fablico<\/a><\/strong> <strong class=\"heading4 widget-title\"><a href=\"north-miami-private-buses.html\">Autobuses privados<\/a><\/strong> <strong class=\"heading4 widget-title\"><a href=\"responsabilidad-local-norte-miami.html\">Responsabilidad de los locales<\/a><\/strong> <strong class=\"heading4 widget-title\"><a href=\"norte-miami-seguridad-inadecuada.html\">Seguridad inadecuada<\/a><\/strong> <strong class=\"heading4 widget-title\"><a href=\"accidentes-de-coche-dui-miami-norte.html\">Accidentes de tr\u00e1fico por DWI\/DUI<\/a><\/strong><\/div>\n<\/div>\n","protected":false},"excerpt":{"rendered":"<p>Sin honorarios a menos que ganemos. Llama al 866-352-9626 para una &#8230; <\/p>\n","protected":false},"author":3,"featured_media":0,"parent":0,"menu_order":0,"comment_status":"closed","ping_status":"closed","template":"template-practice-areas.php","meta":{"footnotes":""},"class_list":["post-22206","page","type-page","status-publish","hentry"],"featured_image_src":null,"featured_image_src_square":null,"_links":{"self":[{"href":"https:\/\/flaxmanlaw.com\/es\/wp-json\/wp\/v2\/pages\/22206","targetHints":{"allow":["GET"]}}],"collection":[{"href":"https:\/\/flaxmanlaw.com\/es\/wp-json\/wp\/v2\/pages"}],"about":[{"href":"https:\/\/flaxmanlaw.com\/es\/wp-json\/wp\/v2\/types\/page"}],"author":[{"embeddable":true,"href":"https:\/\/flaxmanlaw.com\/es\/wp-json\/wp\/v2\/users\/3"}],"replies":[{"embeddable":true,"href":"https:\/\/flaxmanlaw.com\/es\/wp-json\/wp\/v2\/comments?post=22206"}],"version-history":[{"count":0,"href":"https:\/\/flaxmanlaw.com\/es\/wp-json\/wp\/v2\/pages\/22206\/revisions"}],"wp:attachment":[{"href":"https:\/\/flaxmanlaw.com\/es\/wp-json\/wp\/v2\/media?parent=22206"}],"curies":[{"name":"wp","href":"https:\/\/api.w.org\/{rel}","templated":true}]}}