{"id":22207,"date":"2024-11-18T12:45:13","date_gmt":"2024-11-18T12:45:13","guid":{"rendered":"https:\/\/flaxmanlaw.wpenginepowered.com\/seguridad-de-los-pasajeros-en-north-miami-abogados-de-accidentes-de-coche-en-el-condado-de-miami-dade\/"},"modified":"2024-11-18T12:45:13","modified_gmt":"2024-11-18T12:45:13","slug":"seguridad-de-los-pasajeros-en-north-miami-abogados-de-accidentes-de-coche-en-el-condado-de-miami-dade","status":"publish","type":"page","link":"https:\/\/flaxmanlaw.com\/es\/seguridad-de-los-pasajeros-en-north-miami-abogados-de-accidentes-de-coche-en-el-condado-de-miami-dade\/","title":{"rendered":"Seguridad de los pasajeros en North Miami | Abogados de accidentes de coche en el condado de Miami-Dade"},"content":{"rendered":"<div class=\"bodytext\">\n<h2>Seguridad de los pasajeros en North Miami<\/h1><\/h2>\n<div class=\"description\">\n<p>Cualquier colisi\u00f3n automovil\u00edstica en North Miami o Florida puede ser un reto, pero uno de los casos m\u00e1s dif\u00edciles se produce cuando un pasajero resulta herido. En estos casos, un ocupante puede resultar gravemente herido debido a la negligencia de un conductor y puede tener una reclamaci\u00f3n legal contra el conductor y su compa\u00f1\u00eda de seguros, pero puede dudar en presentar esa reclamaci\u00f3n porque en muchos casos el pasajero conoce al conductor. Puede resultar inc\u00f3modo plantearse una reclamaci\u00f3n legal contra un compa\u00f1ero, familiar o amigo que conduc\u00eda el coche implicado en una colisi\u00f3n que te lesion\u00f3. Sin embargo, es tu derecho y reclamar una indemnizaci\u00f3n justa puede ayudarte a pagar las facturas m\u00e9dicas y los dem\u00e1s gastos considerables que tengas que afrontar.   <\/p>\n<p>Si deseas asesor\u00eda legal sobre esta situaci\u00f3n a veces dif\u00edcil, <a href=\"contacta con nosotros.html\">contacta con<\/a> el Grupo Legal Flaxman. Nuestro compasivo equipo legal puede ayudarte a explorar tus opciones en una revisi\u00f3n del caso sin compromiso. <\/p>\n<p><strong class=\"heading4\">Recuperaci\u00f3n de da\u00f1os como pasajero<\/strong><\/p>\n<p>Si eres pasajero de un coche que ha sufrido un accidente, puedes tener una reclamaci\u00f3n legal si el accidente fue causado por negligencia o imprudencia. Puedes reclamar da\u00f1os y perjuicios por: <\/p>\n<ul>\n<li>Gastos m\u00e9dicos<\/li>\n<li>Gastos m\u00e9dicos previstos en el futuro<\/li>\n<li>Productos sanitarios<\/li>\n<li>Medicaci\u00f3n<\/li>\n<li>Estancias hospitalarias<\/li>\n<li>Cirug\u00eda<\/li>\n<li>P\u00e9rdida de salario<\/li>\n<li>P\u00e9rdida de ingresos esperada en el futuro<\/li>\n<li>Dolor y sufrimiento<\/li>\n<li>Gastos de transporte<\/li>\n<li>Da\u00f1os materiales<\/li>\n<li>Gastos accesorios<\/li>\n<\/ul>\n<p>Estos costes pueden acabar cost\u00e1ndote decenas de miles de d\u00f3lares o incluso m\u00e1s. Los gastos m\u00e9dicos en el sur de Florida, especialmente, pueden ser muy elevados. Incluso con una buena cobertura m\u00e9dica, puedes encontrarte con importantes facturas m\u00e9dicas y no querr\u00e1s pagarlas de tu bolsillo si hay otras opciones disponibles. Consulta con un abogado de lesiones personales en North Miami o en tu comunidad para revisar tus opciones legales en esta situaci\u00f3n.   <\/p>\n<p><strong class=\"heading4\">Los conceptos err\u00f3neos pueden impedir que los ocupantes de turismos obtengan una indemnizaci\u00f3n<\/strong><\/p>\n<p>A veces, las actitudes y los conceptos err\u00f3neos impiden que las personas lesionadas obtengan la indemnizaci\u00f3n justa que necesitan para pagar las facturas m\u00e9dicas, los salarios perdidos y otros gastos tras un accidente. En algunos casos, por ejemplo, las personas que han sufrido lesiones leg\u00edtimas y merecen una indemnizaci\u00f3n justa con arreglo a la legislaci\u00f3n de Florida pueden sentirse culpables de presentar una demanda judicial. Es posible que no quieran presentar una supuesta reclamaci\u00f3n fr\u00edvola o que den por sentado que su compa\u00f1\u00eda de seguros ya est\u00e1 haciendo todo lo posible por ellos.  <\/p>\n<p>En estos casos, es importante recordar que, seg\u00fan la legislaci\u00f3n de Florida, tienes derecho como perjudicado a obtener respuestas sobre tu accidente y a buscar justicia si la negligencia o imprudencia de alguien ha causado tus lesiones. Tienes derecho a reclamar una indemnizaci\u00f3n si re\u00fanes los requisitos y, en muchos casos, reclamar una indemnizaci\u00f3n puede ayudarte a ti y a tu familia a recuperaros m\u00e1s plenamente. <\/p>\n<p>Si has sufrido lesiones, no dudes en conocer los hechos legales sobre tu situaci\u00f3n. Para programar una evaluaci\u00f3n gratuita y confidencial de su caso con un abogado de lesiones personales, llame <a href=\"index.html\">al Grupo Legal Flaxman<\/a>. Nuestro bufete de servicios integrales ya ha ayudado a miles de demandantes a obtener una indemnizaci\u00f3n por sus lesiones y estaremos encantados de hablar con usted sobre su posible caso.  <\/p>\n<\/p><\/div>\n<\/p><\/div>\n","protected":false},"excerpt":{"rendered":"<p>Sin honorarios a menos que ganemos. Llama al 866-352-9626 para una &#8230; <\/p>\n","protected":false},"author":3,"featured_media":0,"parent":0,"menu_order":0,"comment_status":"closed","ping_status":"closed","template":"template-practice-areas.php","meta":{"footnotes":""},"class_list":["post-22207","page","type-page","status-publish","hentry"],"featured_image_src":null,"featured_image_src_square":null,"_links":{"self":[{"href":"https:\/\/flaxmanlaw.com\/es\/wp-json\/wp\/v2\/pages\/22207","targetHints":{"allow":["GET"]}}],"collection":[{"href":"https:\/\/flaxmanlaw.com\/es\/wp-json\/wp\/v2\/pages"}],"about":[{"href":"https:\/\/flaxmanlaw.com\/es\/wp-json\/wp\/v2\/types\/page"}],"author":[{"embeddable":true,"href":"https:\/\/flaxmanlaw.com\/es\/wp-json\/wp\/v2\/users\/3"}],"replies":[{"embeddable":true,"href":"https:\/\/flaxmanlaw.com\/es\/wp-json\/wp\/v2\/comments?post=22207"}],"version-history":[{"count":0,"href":"https:\/\/flaxmanlaw.com\/es\/wp-json\/wp\/v2\/pages\/22207\/revisions"}],"wp:attachment":[{"href":"https:\/\/flaxmanlaw.com\/es\/wp-json\/wp\/v2\/media?parent=22207"}],"curies":[{"name":"wp","href":"https:\/\/api.w.org\/{rel}","templated":true}]}}