{"id":22209,"date":"2024-11-18T12:44:38","date_gmt":"2024-11-18T12:44:38","guid":{"rendered":"https:\/\/flaxmanlaw.wpenginepowered.com\/ley-de-seguros-de-miami-gardens-abogados-de-reclamaciones-de-seguros-del-condado-de-miami-dade\/"},"modified":"2024-11-18T12:44:38","modified_gmt":"2024-11-18T12:44:38","slug":"ley-de-seguros-de-miami-gardens-abogados-de-reclamaciones-de-seguros-del-condado-de-miami-dade","status":"publish","type":"page","link":"https:\/\/flaxmanlaw.com\/es\/ley-de-seguros-de-miami-gardens-abogados-de-reclamaciones-de-seguros-del-condado-de-miami-dade\/","title":{"rendered":"Ley de Seguros de Miami Gardens | Abogados de Reclamaciones de Seguros del Condado de Miami-Dade"},"content":{"rendered":"<div class=\"bodytext\">\n<h2>Ley de Seguros de Miami Gardens<\/h1><\/h2>\n<div class=\"description\"> <strong class=\"heading4\">Me han denegado la reclamaci\u00f3n al seguro&#8230; \u00bfy ahora qu\u00e9?<\/strong><\/p>\n<p>Si alguna vez has revisado tu p\u00f3liza de seguro, probablemente sepas que contiene mucho lenguaje jur\u00eddico dif\u00edcil de entender. A veces, las compa\u00f1\u00edas de seguros interpretan el lenguaje de un modo que les permite denegar reclamaciones o minimizarlas para aumentar sus beneficios. Al fin y al cabo, las aseguradoras son un negocio y deben lealtad a los beneficios y a sus accionistas. Cuando no se paga un siniestro, las aseguradoras ganan m\u00e1s dinero. Sin embargo, si tienes una reclamaci\u00f3n leg\u00edtima, mereces obtener la cobertura de seguro por la que has estado pagando.    <\/p>\n<p>Si usted desea ayuda con su demanda de seguro en Miami Gardens, contacte al Grupo Legal Flaxman para revisar su caso en una consulta sin costo y sin compromiso. Los abogados del Grupo Legal Flaxman tienen experiencia manejando casos de seguros y pueden negociar con su aseguradora o lanzar una demanda legal contra la compa\u00f1\u00eda si usted califica. <\/p>\n<p><strong class=\"heading4\">\u00bfSe equivoca mi compa\u00f1\u00eda de seguros?<\/strong><\/p>\n<p>Las compa\u00f1\u00edas de seguros se enfrentan cada d\u00eda al fraude. Florida, especialmente, est\u00e1 a la cabeza del pa\u00eds en cuanto a fraude al seguro. Aunque algunas personas presenten reclamaciones fraudulentas para obtener dinero del seguro, si tienes una lesi\u00f3n o da\u00f1os leg\u00edtimos mereces una indemnizaci\u00f3n.  <\/p>\n<p>Si eres un asegurado leg\u00edtimo con una reclamaci\u00f3n real, no deber\u00edas tener que preocuparte de que tu compa\u00f1\u00eda de seguros te acuse de fraude si realmente has tenido un accidente de coche en Miami Gardens o te has enfrentado a otros da\u00f1os. Por desgracia, si esto ocurre o si te deniegan la reclamaci\u00f3n, obtener respuestas puede ser dif\u00edcil. Trabajar con un abogado de lesiones personales es un primer paso importante para asegurarte de obtener respuestas y la indemnizaci\u00f3n justa que has estado pagando a trav\u00e9s de tu p\u00f3liza.  <\/p>\n<p><strong class=\"heading4\">\u00bfPor qu\u00e9 me han denegado la reclamaci\u00f3n al seguro?<\/strong><\/p>\n<p>Hay muchas razones por las que se deniega o infravalora una reclamaci\u00f3n al seguro:<\/p>\n<ul>\n<li>Puede haber una tergiversaci\u00f3n en la p\u00f3liza<\/li>\n<li>La compa\u00f1\u00eda de seguros puede alegar que no hab\u00eda cobertura para el siniestro concreto<\/li>\n<li>La cobertura puede haber caducado por falta de pago<\/li>\n<li>La lesi\u00f3n no est\u00e1 cubierta por el seguro<\/li>\n<li>La compa\u00f1\u00eda de seguros puede alegar que exist\u00eda una enfermedad preexistente (en el caso del seguro m\u00e9dico).<\/li>\n<li>La compa\u00f1\u00eda de seguros puede alegar que la reclamaci\u00f3n no es v\u00e1lida o es una forma de fraude<\/li>\n<li>La compa\u00f1\u00eda de seguros puede alegar que el siniestro cuesta menos de lo que alega la v\u00edctima<\/li>\n<\/ul>\n<p>Si has estado pagando primas de seguro y luego presentas una reclamaci\u00f3n a tu compa\u00f1\u00eda de seguros tras sufrir un accidente o una lesi\u00f3n, por supuesto esperas que tu compa\u00f1\u00eda respete la validez de la reclamaci\u00f3n y act\u00fae de buena fe y con honor al reembolsarte el dinero del seguro. Desgraciadamente, pueden surgir disputas si tu reclamaci\u00f3n es infravalorada o denegada. En muchos casos, esto ocurre sin motivo real por parte de la compa\u00f1\u00eda de seguros y puede ser muy frustrante resolverlo. Tu mejor opci\u00f3n es ponerte en contacto con un abogado de lesiones personales en Miami Gardens o con un abogado especializado en derecho de seguros. Puedes hacerlo contactando al Grupo Legal Flaxman para una consulta gratuita sobre accidentes y hablar sobre lo que puede hacerse en tu situaci\u00f3n.    <\/p>\n<\/p><\/div>\n<\/p><\/div>\n","protected":false},"excerpt":{"rendered":"<p>Sin honorarios a menos que ganemos. Llama al 866-352-9626 para una &#8230; <\/p>\n","protected":false},"author":3,"featured_media":0,"parent":0,"menu_order":0,"comment_status":"closed","ping_status":"closed","template":"template-practice-areas.php","meta":{"footnotes":""},"class_list":["post-22209","page","type-page","status-publish","hentry"],"featured_image_src":null,"featured_image_src_square":null,"_links":{"self":[{"href":"https:\/\/flaxmanlaw.com\/es\/wp-json\/wp\/v2\/pages\/22209","targetHints":{"allow":["GET"]}}],"collection":[{"href":"https:\/\/flaxmanlaw.com\/es\/wp-json\/wp\/v2\/pages"}],"about":[{"href":"https:\/\/flaxmanlaw.com\/es\/wp-json\/wp\/v2\/types\/page"}],"author":[{"embeddable":true,"href":"https:\/\/flaxmanlaw.com\/es\/wp-json\/wp\/v2\/users\/3"}],"replies":[{"embeddable":true,"href":"https:\/\/flaxmanlaw.com\/es\/wp-json\/wp\/v2\/comments?post=22209"}],"version-history":[{"count":0,"href":"https:\/\/flaxmanlaw.com\/es\/wp-json\/wp\/v2\/pages\/22209\/revisions"}],"wp:attachment":[{"href":"https:\/\/flaxmanlaw.com\/es\/wp-json\/wp\/v2\/media?parent=22209"}],"curies":[{"name":"wp","href":"https:\/\/api.w.org\/{rel}","templated":true}]}}