{"id":22212,"date":"2024-11-18T12:44:42","date_gmt":"2024-11-18T12:44:42","guid":{"rendered":"https:\/\/flaxmanlaw.wpenginepowered.com\/seguridad-inadecuada-en-miami-lakes-abogados-de-responsabilidad-civil-en-el-condado-de-miami-dade\/"},"modified":"2024-11-18T12:44:42","modified_gmt":"2024-11-18T12:44:42","slug":"seguridad-inadecuada-en-miami-lakes-abogados-de-responsabilidad-civil-en-el-condado-de-miami-dade","status":"publish","type":"page","link":"https:\/\/flaxmanlaw.com\/es\/seguridad-inadecuada-en-miami-lakes-abogados-de-responsabilidad-civil-en-el-condado-de-miami-dade\/","title":{"rendered":"Seguridad inadecuada en Miami Lakes | Abogados de responsabilidad civil en el condado de Miami-Dade"},"content":{"rendered":"<div class=\"bodytext\">\n<h2>Seguridad inadecuada en Miami Lakes<\/h1><\/h2>\n<div class=\"description\">\n<p>Los propietarios de cualquier local en el que pueda producirse un delito tienen la obligaci\u00f3n legal y \u00e9tica de proporcionar la seguridad adecuada para evitar que se produzcan delitos. Si no lo hacen, pueden ser parte de un caso de responsabilidad de las instalaciones en Miami Lakes o en su comunidad. Si t\u00fa o un ser querido hab\u00e9is resultado heridos tras ser objeto de un delito grave, pod\u00e9is tener una demanda legal contra el propietario si \u00e9ste fue negligente a la hora de proporcionar la seguridad adecuada. Para averiguar m\u00e1s, contacte al Grupo Legal Flaxman en cualquier momento para programar una revisi\u00f3n de su caso gratuita y sin compromiso.   <\/p>\n<p><strong class=\"heading4\">Deber del propietario<\/strong><\/p>\n<p>Aunque todos los propietarios tienen el deber de mantener la seguridad de sus instalaciones, algunos gestionan o poseen propiedades con un riesgo especialmente alto de actividad delictiva. Por ejemplo, las gasolineras y los cajeros autom\u00e1ticos a veces se denominan \u00abimanes del delito\u00bb por la forma en que atraen la actividad delictiva. Las gasolineras son un objetivo para atracadores y ladrones porque la gente tiene que salir del coche para llenar el dep\u00f3sito y pagar la gasolina. Los cajeros autom\u00e1ticos tambi\u00e9n atraen a los ladrones porque los asaltantes pueden aprovecharse de quienes los utilizan, sobre todo si est\u00e1n situados en zonas remotas o mal iluminadas. Se espera que los propietarios y gerentes de cajeros autom\u00e1ticos y gasolineras tomen medidas adicionales para mantener a salvo a los clientes.    <\/p>\n<p>Tambi\u00e9n se espera que los propietarios tomen medidas adicionales en las zonas de mayor delincuencia, donde la actividad delictiva es motivo de preocupaci\u00f3n, y en cualquier zona en la que se produzca un repentino brote de actividad delictiva. Por ejemplo, si un aparcamiento est\u00e1 situado en una zona en la que ha habido una serie de asaltos recientes, se espera que el propietario del aparcamiento proporcione la seguridad adecuada para evitar que los visitantes del aparcamiento sean un objetivo. Cuando los propietarios no reaccionan adecuadamente ante las amenazas a la seguridad, los supervivientes de las lesiones causadas por esta negligencia pueden presentar una demanda por lesiones personales en Miami Lakes o en su comunidad contra los propietarios.  <\/p>\n<p><strong class=\"heading4\">La delincuencia afecta a familias enteras<\/strong><\/p>\n<p>Los abogados del Grupo Legal Flaxman han visto de primera mano lo devastador que puede ser un delito grave para la v\u00edctima. En muchos casos, los supervivientes de un delito grave se enfrentan a lesiones f\u00edsicas, as\u00ed como a trastornos de estr\u00e9s postraum\u00e1tico u otros trastornos emocionales, mientras se esfuerzan por volver a su vida normal. En muchos casos, los supervivientes no pueden volver al trabajo durante semanas o meses tras la agresi\u00f3n. En algunos casos, las lesiones graves incapacitan al superviviente para volver a su trabajo cotidiano y le dejan sin fuente de ingresos o reducen su fuente de ingresos debido a sus lesiones.   <\/p>\n<p>Adem\u00e1s, a menudo es extremadamente frustrante y perturbador para los sobrevivientes ver que el crimen era evitable con la seguridad adecuada y que otros fueron atacados de manera similar. Los abogados del Grupo Legal Flaxman trabajan d\u00eda y noche para ofrecer justicia, respuestas y compensaci\u00f3n a los sobrevivientes de delitos graves. Para averiguar qu\u00e9 puedes hacer para defenderte tras un ataque o delito grave, ponte en contacto con <a href=\"contacta con nosotros.html\">el Grupo Legal Flaxman<\/a> para conocer las opciones y recursos legales que puedes tener en tu situaci\u00f3n. Tu consulta inicial es gratuita y sin ning\u00fan compromiso.   <\/p>\n<\/p><\/div>\n<\/p><\/div>\n","protected":false},"excerpt":{"rendered":"<p>Sin honorarios a menos que ganemos. Llama al 866-352-9626 para una &#8230; <\/p>\n","protected":false},"author":3,"featured_media":0,"parent":0,"menu_order":0,"comment_status":"closed","ping_status":"closed","template":"template-practice-areas.php","meta":{"footnotes":""},"class_list":["post-22212","page","type-page","status-publish","hentry"],"featured_image_src":null,"featured_image_src_square":null,"_links":{"self":[{"href":"https:\/\/flaxmanlaw.com\/es\/wp-json\/wp\/v2\/pages\/22212","targetHints":{"allow":["GET"]}}],"collection":[{"href":"https:\/\/flaxmanlaw.com\/es\/wp-json\/wp\/v2\/pages"}],"about":[{"href":"https:\/\/flaxmanlaw.com\/es\/wp-json\/wp\/v2\/types\/page"}],"author":[{"embeddable":true,"href":"https:\/\/flaxmanlaw.com\/es\/wp-json\/wp\/v2\/users\/3"}],"replies":[{"embeddable":true,"href":"https:\/\/flaxmanlaw.com\/es\/wp-json\/wp\/v2\/comments?post=22212"}],"version-history":[{"count":0,"href":"https:\/\/flaxmanlaw.com\/es\/wp-json\/wp\/v2\/pages\/22212\/revisions"}],"wp:attachment":[{"href":"https:\/\/flaxmanlaw.com\/es\/wp-json\/wp\/v2\/media?parent=22212"}],"curies":[{"name":"wp","href":"https:\/\/api.w.org\/{rel}","templated":true}]}}