{"id":22214,"date":"2024-11-18T12:44:42","date_gmt":"2024-11-18T12:44:42","guid":{"rendered":"https:\/\/flaxmanlaw.wpenginepowered.com\/miami-lakes-atropellado-por-un-conductor-ebrio-abogados-de-accidentes-de-trafico-del-condado-de-miami-dade\/"},"modified":"2024-11-18T12:44:42","modified_gmt":"2024-11-18T12:44:42","slug":"miami-lakes-atropellado-por-un-conductor-ebrio-abogados-de-accidentes-de-trafico-del-condado-de-miami-dade","status":"publish","type":"page","link":"https:\/\/flaxmanlaw.com\/es\/miami-lakes-atropellado-por-un-conductor-ebrio-abogados-de-accidentes-de-trafico-del-condado-de-miami-dade\/","title":{"rendered":"Miami Lakes atropellado por un conductor ebrio | Abogados de accidentes de tr\u00e1fico del condado de Miami-Dade"},"content":{"rendered":"<div class=\"bodytext\">\n<h2>Atropellado en Miami Lakes por un conductor ebrio<\/h1><\/h2>\n<div class=\"description\">\n<p>Los conductores ebrios saben que est\u00e1n jugando a la ruleta rusa, poniendo vidas en peligro al ponerse al volante ebrios. Sin embargo, miles de conductores de Miami Lakes de todo Florida deciden conducir ebrios, causando lesiones graves y muertes. <\/p>\n<p>Si usted ha resultado lesionado por un conductor ebrio en Florida, merece una compensaci\u00f3n justa por sus lesiones y querr\u00e1 responsabilizar al conductor ebrio para enviar un fuerte mensaje de que conducir en estado de ebriedad no est\u00e1 bien. Si usted desea revisar sus opciones u obtener ayuda con su caso, siempre puede contactar al Grupo Legal Flaxman para una consulta gratuita sobre accidentes. <\/p>\n<p><strong class=\"heading4\">Un trato justo y una indemnizaci\u00f3n justa es tu derecho<\/strong><\/p>\n<p>Desgraciadamente, cuando buscas abogados de Florida especializados en conducir bajo los efectos del alcohol en Internet, te das cuenta de que muchos de los abogados que se anuncian son, en realidad, abogados defensores que quieren ayudar a los conductores que conducen bajo los efectos del alcohol. La mayor\u00eda de los conductores ebrios contratan abogados para que les ayuden a impugnar los cargos de DUI. <\/p>\n<p>Esto es molesto.<\/p>\n<p>Si te ha atropellado un conductor ebrio y has sufrido lesiones graves en un accidente de peat\u00f3n o de coche, puedes encontrarte con problemas para obtener una indemnizaci\u00f3n justa, porque el conductor ebrio puede negar que estuviera ebrio o puede combatir los cargos con la ayuda de un abogado.<\/p>\n<p>Esto no es justo. Si eres la parte lesionada y te enfrentas a lesiones, as\u00ed como a muchos gastos, debido a la negligencia del otro conductor, eres t\u00fa quien merece una indemnizaci\u00f3n y asistencia. Eres t\u00fa quien merece una indemnizaci\u00f3n que te ayude a pagar las muchas facturas que tendr\u00e1s relacionadas con tus lesiones.  <\/p>\n<p>Si has resultado lesionado por un conductor ebrio, mereces una compensaci\u00f3n justa por tu dolor y sufrimiento, gastos m\u00e9dicos, salarios perdidos y otros gastos. Contacta al Grupo Legal Flaxman para programar tu consulta gratuita y sin compromiso para hablar sobre tu situaci\u00f3n con un abogado de lesiones personales. Los abogados del Grupo Legal Flaxman cuentan con m\u00e1s de sesenta a\u00f1os de experiencia combinada y ya han obtenido m\u00e1s de $100 millones de d\u00f3lares a favor de demandantes por lesiones personales en todo Florida del Sur.  <\/p>\n<p><strong class=\"heading4\">Tipos de accidentes por DUI<\/strong><\/p>\n<p>Los accidentes por conducir ebrio pueden producirse en varios casos, entre ellos<\/p>\n<ul>\n<li>Accidentes de moto<\/li>\n<li>Accidentes de cami\u00f3n<\/li>\n<li>Accidentes de bicicleta<\/li>\n<li>Accidentes de tr\u00e1fico<\/li>\n<li>Accidentes de peatones<\/li>\n<li>Accidentes de navegaci\u00f3n<\/li>\n<li>Accidentes de quad<\/li>\n<\/ul>\n<p>Estos accidentes pueden provocar una serie de lesiones graves, entre ellas:<\/p>\n<ul>\n<li>Lesiones en la cabeza<\/li>\n<li>Lesiones medulares<\/li>\n<li>Fracturas<\/li>\n<li>Amputaciones<\/li>\n<li>Quemaduras<\/li>\n<li>Fallecidos<\/li>\n<li>Lesiones de tejidos blandos<\/li>\n<li>Desfiguraci\u00f3n y cicatrices<\/li>\n<\/ul>\n<p>La diferencia entre un accidente de coche normal y un accidente por conducir ebrio es que un accidente por conducir ebrio es completamente evitable. Conducir bebido va contra la ley, por lo que este tipo de accidente de coche siempre se puede evitar si los conductores hacen lo correcto y llaman a un taxi o buscan una ruta alternativa para volver a casa despu\u00e9s de beber. Este tipo de casos deber\u00edan ser f\u00e1ciles, pero por desgracia en muchos casos los abogados defensores intentan rebatir las pruebas de alcoholemia y otros tipos de pruebas. En algunos casos, los conductores pueden negarse a someterse a la prueba de alcoholemia en el lugar de los hechos, lo que hace m\u00e1s dif\u00edcil demostrar que un conductor conduc\u00eda bajo los efectos del alcohol.   <\/p>\n<p>Contacta hoy mismo al Grupo Legal Flaxman para recibir una evaluaci\u00f3n gratuita de tu caso. Nuestros abogados trabajar\u00e1n para ayudarte a encontrar la manera de luchar por la justicia en tu caso. <\/p>\n<\/p><\/div>\n<\/p><\/div>\n","protected":false},"excerpt":{"rendered":"<p>Sin honorarios a menos que ganemos. Llama al 866-352-9626 para una &#8230; <\/p>\n","protected":false},"author":3,"featured_media":0,"parent":0,"menu_order":0,"comment_status":"closed","ping_status":"closed","template":"template-practice-areas.php","meta":{"footnotes":""},"class_list":["post-22214","page","type-page","status-publish","hentry"],"featured_image_src":null,"featured_image_src_square":null,"_links":{"self":[{"href":"https:\/\/flaxmanlaw.com\/es\/wp-json\/wp\/v2\/pages\/22214","targetHints":{"allow":["GET"]}}],"collection":[{"href":"https:\/\/flaxmanlaw.com\/es\/wp-json\/wp\/v2\/pages"}],"about":[{"href":"https:\/\/flaxmanlaw.com\/es\/wp-json\/wp\/v2\/types\/page"}],"author":[{"embeddable":true,"href":"https:\/\/flaxmanlaw.com\/es\/wp-json\/wp\/v2\/users\/3"}],"replies":[{"embeddable":true,"href":"https:\/\/flaxmanlaw.com\/es\/wp-json\/wp\/v2\/comments?post=22214"}],"version-history":[{"count":0,"href":"https:\/\/flaxmanlaw.com\/es\/wp-json\/wp\/v2\/pages\/22214\/revisions"}],"wp:attachment":[{"href":"https:\/\/flaxmanlaw.com\/es\/wp-json\/wp\/v2\/media?parent=22214"}],"curies":[{"name":"wp","href":"https:\/\/api.w.org\/{rel}","templated":true}]}}