{"id":22215,"date":"2024-11-18T12:44:42","date_gmt":"2024-11-18T12:44:42","guid":{"rendered":"https:\/\/flaxmanlaw.wpenginepowered.com\/accidentes-en-intersecciones-de-miami-lakes-abogados-de-accidentes-de-trafico-del-condado-de-miami-dade\/"},"modified":"2024-11-18T12:44:42","modified_gmt":"2024-11-18T12:44:42","slug":"accidentes-en-intersecciones-de-miami-lakes-abogados-de-accidentes-de-trafico-del-condado-de-miami-dade","status":"publish","type":"page","link":"https:\/\/flaxmanlaw.com\/es\/accidentes-en-intersecciones-de-miami-lakes-abogados-de-accidentes-de-trafico-del-condado-de-miami-dade\/","title":{"rendered":"Accidentes en intersecciones de Miami Lakes | Abogados de accidentes de tr\u00e1fico del condado de Miami-Dade"},"content":{"rendered":"<div class=\"bodytext\">\n<h2>Accidentes en intersecciones de Miami Lakes<\/h1><\/h2>\n<div class=\"description\">\n<p>El n\u00famero de posibilidades de accidente en los cruces de Miami Lakes es considerable. Un motorista puede saltarse un sem\u00e1foro en rojo, puede producirse un accidente en T, puede atropellarse a un peat\u00f3n o puede producirse un accidente por alcance. De hecho, las intersecciones son escenario de muchos tipos de colisiones, incluidos los accidentes en cadena y los accidentes graves de camiones.  <\/p>\n<p>Si usted ha resultado lesionado en un accidente en una intersecci\u00f3n, siempre puede contactar al Grupo Legal Flaxman para recibir una revisi\u00f3n gratuita y sin compromiso de su caso. Los abogados del Grupo Legal Flaxman comprenden lo aterrador que puede ser un accidente grave y hacen todo lo posible para proporcionarle los servicios legales respetuosos, compasivos y profesionales que usted necesita. Ya sea que quieras ayuda para negociar con tu aseguradora o que quieras presentar una demanda, nuestro bufete de servicios integrales cuenta con recursos que pueden ayudarte a construir un caso s\u00f3lido y a buscar una compensaci\u00f3n si calificas.  <\/p>\n<p><strong class=\"heading4\">\u00bfPor qu\u00e9 se producen accidentes de coche y cami\u00f3n en intersecciones en Miami Lakes y en toda Florida?<\/strong><\/p>\n<ul>\n<li>Los accidentes en las intersecciones se producen por varias razones:<\/li>\n<li>Conductores que se saltan sem\u00e1foros en rojo<\/li>\n<li>Conductores que no respetan las se\u00f1ales de stop<\/li>\n<li>Conductores que giran a la derecha o a la izquierda sin comprobar la seguridad<\/li>\n<li>Motorista que realiza giros amplios a la derecha o a la izquierda que le sit\u00faan en el carril incorrecto<\/li>\n<li>Frenazo brusco en un cruce<\/li>\n<li>No ceder el paso<\/li>\n<li>Cambio repentino e incorrecto de carril para llegar a un carril de giro<\/li>\n<li>Se\u00f1ales de tr\u00e1fico defectuosas<\/li>\n<li>Se\u00f1ales de tr\u00e1fico mal colocadas<\/li>\n<li>Carreteras mal mantenidas<\/li>\n<\/ul>\n<p>Sea cual sea el motivo de tu colisi\u00f3n en una intersecci\u00f3n, es importante que reclames una indemnizaci\u00f3n si has resultado herido. En muchos casos, una colisi\u00f3n en una intersecci\u00f3n est\u00e1 causada por negligencia y no deber\u00edas tener que pagar por la imprudencia de otra persona. Incluso puede haber varias partes responsables en tu caso, lo que puede aumentar tus posibilidades de obtener una indemnizaci\u00f3n justa por tus lesiones.  <\/p>\n<p><strong class=\"heading4\">Los gastos tras un accidente grave de coche o peat\u00f3n en una intersecci\u00f3n pueden ser catastr\u00f3ficos<\/strong><\/p>\n<p>Las lesiones tras una colisi\u00f3n grave en una intersecci\u00f3n pueden incluir:<\/p>\n<ul>\n<li>Lesiones craneales o cerebrales<\/li>\n<li>Fracturas<\/li>\n<li>Lesiones de espalda o de m\u00e9dula espinal<\/li>\n<li>Latigazo cervical<\/li>\n<li>Lesiones internas<\/li>\n<li>Laceraciones<\/li>\n<li>Par\u00e1lisis<\/li>\n<li>Amputaci\u00f3n<\/li>\n<li>Lesiones por aplastamiento<\/li>\n<\/ul>\n<p>Estas lesiones pueden privarte de tu capacidad para trabajar y obtener ingresos, a veces de forma permanente. Tambi\u00e9n pueden ser muy caras de tratar. Una lesi\u00f3n cerebral o medular grave, por ejemplo, suele requerir intervenci\u00f3n quir\u00fargica y una estancia hospitalaria prolongada, adem\u00e1s de rehabilitaci\u00f3n, fisioterapia y muchos otros tratamientos costosos. Buscar una indemnizaci\u00f3n tras tu accidente garantiza que estos costes no salgan totalmente de tu bolsillo.   <\/p>\n<p><strong class=\"heading4\">\u00bfEst\u00e1s preparado para iniciar el proceso de recuperaci\u00f3n tras tu accidente de tr\u00e1fico?<\/strong><\/p>\n<p>Con los abogados <a href=\"index.html\">del Grupo Legal Flaxman<\/a>, puedes comenzar el proceso de recuperaci\u00f3n tan pronto como sea posible. Nuestras l\u00edneas telef\u00f3nicas al 866-352-9626 est\u00e1n atendidas las 24 horas del d\u00eda, los siete d\u00edas de la semana, as\u00ed que siempre puedes comunicarte con un operador en vivo para programar una consulta gratuita sobre accidentes o incluso para recibir asesor\u00eda por tel\u00e9fono. Nuestros abogados act\u00faan con rapidez para conservar las pruebas de tu caso y empezar a construir un caso s\u00f3lido en tu favor. Entendemos que despu\u00e9s de un accidente de coche el dinero es una preocupaci\u00f3n y trabajamos duro para resolver los casos de forma r\u00e1pida pero justa, luchando por la m\u00e1xima indemnizaci\u00f3n en tu nombre.   <\/p>\n<\/p><\/div>\n<\/p><\/div>\n","protected":false},"excerpt":{"rendered":"<p>Sin honorarios a menos que ganemos. Llama al 866-352-9626 para una &#8230; <\/p>\n","protected":false},"author":3,"featured_media":0,"parent":0,"menu_order":0,"comment_status":"closed","ping_status":"closed","template":"template-practice-areas.php","meta":{"footnotes":""},"class_list":["post-22215","page","type-page","status-publish","hentry"],"featured_image_src":null,"featured_image_src_square":null,"_links":{"self":[{"href":"https:\/\/flaxmanlaw.com\/es\/wp-json\/wp\/v2\/pages\/22215","targetHints":{"allow":["GET"]}}],"collection":[{"href":"https:\/\/flaxmanlaw.com\/es\/wp-json\/wp\/v2\/pages"}],"about":[{"href":"https:\/\/flaxmanlaw.com\/es\/wp-json\/wp\/v2\/types\/page"}],"author":[{"embeddable":true,"href":"https:\/\/flaxmanlaw.com\/es\/wp-json\/wp\/v2\/users\/3"}],"replies":[{"embeddable":true,"href":"https:\/\/flaxmanlaw.com\/es\/wp-json\/wp\/v2\/comments?post=22215"}],"version-history":[{"count":0,"href":"https:\/\/flaxmanlaw.com\/es\/wp-json\/wp\/v2\/pages\/22215\/revisions"}],"wp:attachment":[{"href":"https:\/\/flaxmanlaw.com\/es\/wp-json\/wp\/v2\/media?parent=22215"}],"curies":[{"name":"wp","href":"https:\/\/api.w.org\/{rel}","templated":true}]}}