{"id":22216,"date":"2024-11-18T12:44:42","date_gmt":"2024-11-18T12:44:42","guid":{"rendered":"https:\/\/flaxmanlaw.wpenginepowered.com\/accidente-de-atropello-en-miami-lakes-abogados-de-accidentes-de-trafico-en-el-condado-de-miami-dade\/"},"modified":"2024-11-18T12:44:42","modified_gmt":"2024-11-18T12:44:42","slug":"accidente-de-atropello-en-miami-lakes-abogados-de-accidentes-de-trafico-en-el-condado-de-miami-dade","status":"publish","type":"page","link":"https:\/\/flaxmanlaw.com\/es\/accidente-de-atropello-en-miami-lakes-abogados-de-accidentes-de-trafico-en-el-condado-de-miami-dade\/","title":{"rendered":"Accidente de atropello en Miami Lakes | Abogados de accidentes de tr\u00e1fico en el condado de Miami-Dade"},"content":{"rendered":"<div class=\"bodytext\">\n<h2>Accidente con fuga en Miami Lakes<\/h1><\/h2>\n<div class=\"description\">\n<p>Si sufres un accidente de coche con fuga en Miami Lakes o en cualquier otro lugar de Florida, denuncia inmediatamente el accidente a la polic\u00eda. Abandonar la escena de un accidente es un delito, y cuanto antes sepan las autoridades del accidente, antes podr\u00e1n perseguir al conductor culpable. Adem\u00e1s de llamar a la polic\u00eda, busca ayuda m\u00e9dica y ponte en contacto con un abogado especializado en lesiones personales.  <\/p>\n<p>Conseguir una indemnizaci\u00f3n en un accidente de atropello con fuga puede ser un reto porque no tienes la informaci\u00f3n del seguro del conductor culpable. Sin embargo, a\u00fan hay cosas que puedes hacer para obtener una indemnizaci\u00f3n. El Grupo Legal Flaxman ha manejado este tipo de situaciones y a menudo puede buscar una compensaci\u00f3n a trav\u00e9s de tu propia aseguradora o puede perseguir a otras partes responsables. Para averiguar qu\u00e9 es posible en tu caso, contacta al Grupo Legal Flaxman para una evaluaci\u00f3n gratuita de tu caso.   <\/p>\n<p><strong class=\"heading4\">\u00bfPor qu\u00e9 los conductores abandonan el lugar del accidente?<\/strong><\/p>\n<p>Hay muchas razones por las que un conductor puede abandonar el lugar de un accidente de coche o de cami\u00f3n:<\/p>\n<ul>\n<li>El conductor puede estar conduciendo bajo los efectos del alcohol<\/li>\n<li>El conductor puede tener el carn\u00e9 caducado o no tener carn\u00e9<\/li>\n<li>El conductor puede no tener seguro<\/li>\n<li>El conductor puede estar conduciendo un coche robado o puede tener bienes robados u otros bienes ilegales en el coche<\/li>\n<li>El conductor puede tener una orden de detenci\u00f3n pendiente por otro cargo<\/li>\n<li>Puede que el conductor ya tenga varios accidentes de coche en su historial y no quiera que le suban las primas del seguro o no quiera que le responsabilicen del accidente.<\/li>\n<li>El conductor puede no querer asumir la responsabilidad del accidente<\/li>\n<li>El conductor puede entrar en p\u00e1nico y conducir al lugar del accidente<\/li>\n<\/ul>\n<p>La ley estatal exige que te quedes y ofrezcas ayuda, as\u00ed como informaci\u00f3n de contacto, en cualquier accidente de coche o de tr\u00e1fico que produzca heridos o v\u00edctimas mortales. Abandonar la escena de un accidente es lo peor que puedes hacer. No s\u00f3lo se te considerar\u00e1 responsable y puedes enfrentarte a cargos penales, sino que es muy poco \u00e9tico abandonar a alguien si est\u00e1 herido. Si esa persona no recibe ayuda m\u00e9dica a tiempo, puede morir o sufrir complicaciones por sus lesiones.   <\/p>\n<p>Aunque tengas miedo o est\u00e9s preocupado, es importante que te quedes y ofrezcas ayuda. Aunque no est\u00e9s seguro de si alguien ha resultado herido, es importante que te detengas e intercambies informaci\u00f3n de contacto y te asegures de que no hay heridos. Un conductor que se da a la fuga y abandona el lugar del accidente puede enfrentarse a una pena de hasta 30 a\u00f1os de prisi\u00f3n si el accidente ha provocado una muerte o lesiones graves. Incluso en los casos en que no se han producido lesiones, un conductor que se da a la fuga puede enfrentarse a cargos por delitos menores en el incidente.   <\/p>\n<p>Si te ha lesionado un conductor que se ha dado a la fuga, tienes opciones legales que puedes revisar con un abogado de lesiones personales en Miami Lakes o en tu comunidad. En una corte civil, usted puede perseguir a un conductor que se dio a la fuga y buscar una compensaci\u00f3n por lesiones, salarios perdidos, gastos m\u00e9dicos y otros da\u00f1os. Para revisar todas sus opciones, contacte al <a href=\"contacta con nosotros.html\">Grupo Legal Flaxman<\/a> para una revisi\u00f3n gratuita de su caso. Puede que tengas m\u00e1s opciones legales de las que crees.   <\/p>\n<\/p><\/div>\n<\/p><\/div>\n","protected":false},"excerpt":{"rendered":"<p>Sin honorarios a menos que ganemos. Llama al 866-352-9626 para una &#8230; <\/p>\n","protected":false},"author":3,"featured_media":0,"parent":0,"menu_order":0,"comment_status":"closed","ping_status":"closed","template":"template-practice-areas.php","meta":{"footnotes":""},"class_list":["post-22216","page","type-page","status-publish","hentry"],"featured_image_src":null,"featured_image_src_square":null,"_links":{"self":[{"href":"https:\/\/flaxmanlaw.com\/es\/wp-json\/wp\/v2\/pages\/22216","targetHints":{"allow":["GET"]}}],"collection":[{"href":"https:\/\/flaxmanlaw.com\/es\/wp-json\/wp\/v2\/pages"}],"about":[{"href":"https:\/\/flaxmanlaw.com\/es\/wp-json\/wp\/v2\/types\/page"}],"author":[{"embeddable":true,"href":"https:\/\/flaxmanlaw.com\/es\/wp-json\/wp\/v2\/users\/3"}],"replies":[{"embeddable":true,"href":"https:\/\/flaxmanlaw.com\/es\/wp-json\/wp\/v2\/comments?post=22216"}],"version-history":[{"count":0,"href":"https:\/\/flaxmanlaw.com\/es\/wp-json\/wp\/v2\/pages\/22216\/revisions"}],"wp:attachment":[{"href":"https:\/\/flaxmanlaw.com\/es\/wp-json\/wp\/v2\/media?parent=22216"}],"curies":[{"name":"wp","href":"https:\/\/api.w.org\/{rel}","templated":true}]}}