{"id":22217,"date":"2024-11-18T12:44:42","date_gmt":"2024-11-18T12:44:42","guid":{"rendered":"https:\/\/flaxmanlaw.wpenginepowered.com\/ley-de-seguros-de-miami-lakes-abogados-de-reclamaciones-de-seguros-del-condado-de-miami-dade\/"},"modified":"2024-11-18T12:44:42","modified_gmt":"2024-11-18T12:44:42","slug":"ley-de-seguros-de-miami-lakes-abogados-de-reclamaciones-de-seguros-del-condado-de-miami-dade","status":"publish","type":"page","link":"https:\/\/flaxmanlaw.com\/es\/ley-de-seguros-de-miami-lakes-abogados-de-reclamaciones-de-seguros-del-condado-de-miami-dade\/","title":{"rendered":"Ley de Seguros de Miami Lakes | Abogados de Reclamaciones de Seguros del Condado de Miami-Dade"},"content":{"rendered":"<div class=\"bodytext\">\n<h2>Ley de Seguros de Miami Lakes<\/h1><\/h2>\n<div class=\"description\">\n<p>Cuando una compa\u00f1\u00eda de seguros deniega tu reclamaci\u00f3n o la infravalora, puede estar a\u00f1adiendo angustia a una situaci\u00f3n ya de por s\u00ed dif\u00edcil. Por ejemplo, si usted ha resultado lesionado en un accidente automovil\u00edstico en Miami Lakes, y su aseguradora se niega a pagarle la cantidad total que se le debe, puede tener problemas para reponer los ingresos perdidos o pagar sus cuentas m\u00e9dicas porque no tiene el dinero de su seguro. Si est\u00e1s enfrentando una disputa de seguros, contacta al Grupo Legal Flaxman para recibir una evaluaci\u00f3n gratuita de tu caso.  <\/p>\n<p><strong class=\"heading4\">Tipos de litigios sobre seguros<\/strong><\/p>\n<p>Hay muchos tipos de litigios sobre seguros:<\/p>\n<ul>\n<li><strong>Seguro de vida.<\/strong>  Si has perdido a un ser querido, lo \u00faltimo que quieres es preocuparte por el seguro. Sin embargo, se producen litigios sobre seguros de vida, sobre todo en p\u00f3lizas de mayor cuant\u00eda, si las compa\u00f1\u00edas de seguros alegan que un ser querido se suicid\u00f3, no efectu\u00f3 los pagos del seguro o incumpli\u00f3 de otro modo las obligaciones del contrato. En estos casos, puede ser devastador intentar demostrar algo a la compa\u00f1\u00eda de seguros en un momento de dolor. Los abogados especializados en seguros pueden revisar el caso y trabajar para conseguirte el dinero del seguro de vida que mereces para los gastos finales, las facturas m\u00e9dicas finales, los gastos funerarios y otros gastos.   <\/li>\n<li><strong>Da\u00f1os por incendio.<\/strong>  Los seguros de propiedad suelen cubrir los incendios, pero por desgracia algunas aseguradoras alegar\u00e1n que un incendio se provoc\u00f3 a prop\u00f3sito. No s\u00f3lo es muy molesto que te acusen de fraude o incendio provocado, sino que puede tener graves repercusiones en tu reputaci\u00f3n y en tu situaci\u00f3n legal. Si te han acusado de fraude o si tu compa\u00f1\u00eda de seguros se niega a pagar los da\u00f1os causados por un incendio, ponte en contacto con un abogado especializado en seguros para obtener m\u00e1s respuestas. Un abogado de da\u00f1os personales de Miami Lakes o de tu comunidad puede trabajar con investigadores privados y de incendios para obtener nuevas pruebas en tu caso, a fin de limpiar tu nombre y conseguir el dinero que mereces.   <\/li>\n<li><strong>Siniestros por huracanes y tormentas.<\/strong>  Muchos residentes en Florida tienen cobertura contra huracanes y otro tipo de tormentas para sus viviendas y negocios. Por desgracia, tras una gran cat\u00e1strofe natural, las compa\u00f1\u00edas de seguros suelen verse inundadas de grandes reclamaciones debido a la destrucci\u00f3n causada por una fuerte tormenta o cat\u00e1strofe natural. En muchos casos, las compa\u00f1\u00edas de seguros pueden ahorrar mucho dinero si no pagan el importe total a cada reclamante. Sin embargo, si has estado pagando por esta cobertura, mereces tener el dinero que t\u00fa y tu familia necesit\u00e1is para empezar a reconstruir la vida tras una cat\u00e1strofe natural. Si te deniegan, retrasan o infravaloran tu reclamaci\u00f3n, ponte en contacto con un abogado para hablar de tu situaci\u00f3n y conseguir la indemnizaci\u00f3n justa por la que has estado pagando.    <\/li>\n<\/ul>\n<p>Si usted siente que ha sido tratado injustamente por su aseguradora o est\u00e1 teniendo alg\u00fan tipo de disputa, por favor llame hoy mismo al <a href=\"contacta con nosotros.html\">Grupo Legal Flaxman<\/a>. Concertaremos una evaluaci\u00f3n gratuita y sin compromiso de su caso para que pueda hablar sobre su situaci\u00f3n con uno de nuestros abogados de seguros. El Grupo Legal Flaxman ha trabajado con muchos tipos de demandantes de seguros y ha ayudado exitosamente a los demandantes a obtener dinero del seguro para sus necesidades.  <\/p>\n<\/p><\/div>\n<\/p><\/div>\n","protected":false},"excerpt":{"rendered":"<p>Sin honorarios a menos que ganemos. Llama al 866-352-9626 para una &#8230; <\/p>\n","protected":false},"author":3,"featured_media":0,"parent":0,"menu_order":0,"comment_status":"closed","ping_status":"closed","template":"template-practice-areas.php","meta":{"footnotes":""},"class_list":["post-22217","page","type-page","status-publish","hentry"],"featured_image_src":null,"featured_image_src_square":null,"_links":{"self":[{"href":"https:\/\/flaxmanlaw.com\/es\/wp-json\/wp\/v2\/pages\/22217","targetHints":{"allow":["GET"]}}],"collection":[{"href":"https:\/\/flaxmanlaw.com\/es\/wp-json\/wp\/v2\/pages"}],"about":[{"href":"https:\/\/flaxmanlaw.com\/es\/wp-json\/wp\/v2\/types\/page"}],"author":[{"embeddable":true,"href":"https:\/\/flaxmanlaw.com\/es\/wp-json\/wp\/v2\/users\/3"}],"replies":[{"embeddable":true,"href":"https:\/\/flaxmanlaw.com\/es\/wp-json\/wp\/v2\/comments?post=22217"}],"version-history":[{"count":0,"href":"https:\/\/flaxmanlaw.com\/es\/wp-json\/wp\/v2\/pages\/22217\/revisions"}],"wp:attachment":[{"href":"https:\/\/flaxmanlaw.com\/es\/wp-json\/wp\/v2\/media?parent=22217"}],"curies":[{"name":"wp","href":"https:\/\/api.w.org\/{rel}","templated":true}]}}