{"id":22220,"date":"2024-11-18T12:44:42","date_gmt":"2024-11-18T12:44:42","guid":{"rendered":"https:\/\/flaxmanlaw.wpenginepowered.com\/choque-frontal-en-miami-lakes-abogados-de-accidentes-de-coche-en-el-condado-de-miami-dade\/"},"modified":"2024-11-18T12:44:42","modified_gmt":"2024-11-18T12:44:42","slug":"choque-frontal-en-miami-lakes-abogados-de-accidentes-de-coche-en-el-condado-de-miami-dade","status":"publish","type":"page","link":"https:\/\/flaxmanlaw.com\/es\/choque-frontal-en-miami-lakes-abogados-de-accidentes-de-coche-en-el-condado-de-miami-dade\/","title":{"rendered":"Choque frontal en Miami Lakes | Abogados de accidentes de coche en el condado de Miami-Dade"},"content":{"rendered":"<div class=\"bodytext\">\n<h2>Choque frontal en Miami Lakes<\/h1><\/h2>\n<div class=\"description\">\n<p>Puede que hayas visto los restos de un choque frontal en Miami Lakes o en tu comunidad. Cristales rotos, trozos de metal y pl\u00e1stico y otros restos reflejan la gravedad de este tipo de colisiones. Esto se debe a que cuando un coche choca contra la parte delantera de otro, los resultados pueden ser devastadores. Es probable que este tipo de accidentes provoque traumatismos craneoencef\u00e1licos, lesiones medulares, muertes y otros estragos.   <\/p>\n<p>Si usted o un ser querido ha resultado gravemente lesionado en un accidente automovil\u00edstico frontal o en cualquier tipo de colisi\u00f3n de tr\u00e1fico, siempre puede contactar al Grupo Legal Flaxman al 866-352-9626 para programar una revisi\u00f3n gratuita y sin compromiso de su caso. Antes de tomar cualquier decisi\u00f3n que pudiera afectar su futuro y el de su familia, contacte a un abogado de lesiones personales para revisar su situaci\u00f3n. <\/p>\n<p><strong class=\"heading4\">La ley de Florida te protege tras un accidente de tr\u00e1fico en Miami Lakes<\/strong><\/p>\n<p>La ley de Florida tiene muchas estipulaciones que pueden ayudarte si te has visto implicado en una colisi\u00f3n frontal grave. Por desgracia, muchos conductores desconocen estas leyes y no entienden c\u00f3mo pueden ayudarles. La legislaci\u00f3n m\u00e1s importante en tu situaci\u00f3n puede ser tu derecho a solicitar una indemnizaci\u00f3n. Seg\u00fan la legislaci\u00f3n de Florida, si tu accidente fue causado por una parte negligente, como un conductor culpable, un municipio, un fabricante de autom\u00f3viles u otra tercera parte, es posible que puedas perseguir a esa parte en una reclamaci\u00f3n legal para pedir una indemnizaci\u00f3n por salarios perdidos, dolor y sufrimiento, gastos m\u00e9dicos, costes de reparaci\u00f3n del autom\u00f3vil, da\u00f1os materiales y mucho m\u00e1s.   <\/p>\n<p>Sin embargo, la ley de Florida tambi\u00e9n tiene un plazo de prescripci\u00f3n, lo que significa que s\u00f3lo tienes un tiempo limitado para presentar tu reclamaci\u00f3n legal. Por esta raz\u00f3n, es importante que consultes con un abogado de lesiones personales muy r\u00e1pidamente despu\u00e9s de tu accidente. Tu abogado puede intervenir para proteger tu caso y puede ayudarte a informarte de todas las leyes y opciones que pueden aplicarse en tu situaci\u00f3n.  <\/p>\n<p><strong class=\"heading4\">Lesiones en un choque frontal<\/strong><\/p>\n<p>Debido a la considerable fuerza ejercida en una colisi\u00f3n frontal, las lesiones en este tipo de accidentes de tr\u00e1fico suelen ser bastante graves. Las lesiones m\u00e1s frecuentes son: <\/p>\n<ul>\n<li>Fracturas<\/li>\n<li>Lesiones y da\u00f1os cerebrales<\/li>\n<li>Incapacidad de larga duraci\u00f3n<\/li>\n<li>Lesi\u00f3n medular<\/li>\n<li>Lesi\u00f3n interna<\/li>\n<li>Latigazo cervical y lesi\u00f3n de partes blandas<\/li>\n<li>Par\u00e1lisis<\/li>\n<li>Laceraciones y desfiguraciones<\/li>\n<li>Amputaciones<\/li>\n<li>Lesiones por aplastamiento<\/li>\n<\/ul>\n<p>Este tipo de lesiones pueden ser muy dolorosas y muy caras de tratar. Tambi\u00e9n pueden afectar a tu capacidad para volver al trabajo durante meses o incluso toda la vida. Por estas razones, es importante reclamar una indemnizaci\u00f3n justa, para que t\u00fa y tu familia dispong\u00e1is de los recursos econ\u00f3micos que necesit\u00e1is.  <\/p>\n<p>Con m\u00e1s de 60 a\u00f1os de experiencia colectiva en juicios, los abogados <a href=\"index.html\">del Grupo Legal Flaxman<\/a> est\u00e1n comprometidos con los derechos de los demandantes. Nuestros abogados trabajan d\u00eda y noche y colaboran estrechamente con una red de profesionales para construir casos s\u00f3lidos. Tanto en la sala del tribunal como en la mesa de negociaciones, los abogados del Grupo Legal Flaxman luchan agresivamente a favor de los demandantes y buscan la m\u00e1xima compensaci\u00f3n posible para las v\u00edctimas de accidentes automovil\u00edsticos y otros accidentes causados por negligencia. Para programar una revisi\u00f3n gratuita y sin compromiso de su caso con nuestro equipo legal, <a href=\"contacta con nosotros.html\">contacte<\/a> hoy mismo al Grupo Legal Flaxman.   <\/p>\n<\/p><\/div>\n<\/p><\/div>\n","protected":false},"excerpt":{"rendered":"<p>Sin honorarios a menos que ganemos. Llama al 866-352-9626 para una &#8230; <\/p>\n","protected":false},"author":3,"featured_media":0,"parent":0,"menu_order":0,"comment_status":"closed","ping_status":"closed","template":"template-practice-areas.php","meta":{"footnotes":""},"class_list":["post-22220","page","type-page","status-publish","hentry"],"featured_image_src":null,"featured_image_src_square":null,"_links":{"self":[{"href":"https:\/\/flaxmanlaw.com\/es\/wp-json\/wp\/v2\/pages\/22220","targetHints":{"allow":["GET"]}}],"collection":[{"href":"https:\/\/flaxmanlaw.com\/es\/wp-json\/wp\/v2\/pages"}],"about":[{"href":"https:\/\/flaxmanlaw.com\/es\/wp-json\/wp\/v2\/types\/page"}],"author":[{"embeddable":true,"href":"https:\/\/flaxmanlaw.com\/es\/wp-json\/wp\/v2\/users\/3"}],"replies":[{"embeddable":true,"href":"https:\/\/flaxmanlaw.com\/es\/wp-json\/wp\/v2\/comments?post=22220"}],"version-history":[{"count":0,"href":"https:\/\/flaxmanlaw.com\/es\/wp-json\/wp\/v2\/pages\/22220\/revisions"}],"wp:attachment":[{"href":"https:\/\/flaxmanlaw.com\/es\/wp-json\/wp\/v2\/media?parent=22220"}],"curies":[{"name":"wp","href":"https:\/\/api.w.org\/{rel}","templated":true}]}}