{"id":22221,"date":"2024-11-18T12:44:42","date_gmt":"2024-11-18T12:44:42","guid":{"rendered":"https:\/\/flaxmanlaw.wpenginepowered.com\/conduccion-distraida-en-miami-lakes-abogados-de-accidentes-de-coche-en-el-condado-de-miami-dade\/"},"modified":"2024-11-18T12:44:42","modified_gmt":"2024-11-18T12:44:42","slug":"conduccion-distraida-en-miami-lakes-abogados-de-accidentes-de-coche-en-el-condado-de-miami-dade","status":"publish","type":"page","link":"https:\/\/flaxmanlaw.com\/es\/conduccion-distraida-en-miami-lakes-abogados-de-accidentes-de-coche-en-el-condado-de-miami-dade\/","title":{"rendered":"Conducci\u00f3n distra\u00edda en Miami Lakes | Abogados de accidentes de coche en el condado de Miami-Dade"},"content":{"rendered":"<div class=\"bodytext\">\n<h2>Conducci\u00f3n distra\u00edda en Miami Lakes<\/h1><\/h2>\n<div class=\"description\">\n<p>Si has conducido por Miami Lakes o por el sur de Florida, probablemente habr\u00e1s visto indicios de conducci\u00f3n distra\u00edda: automovilistas que miran fijamente al espacio, que meten la mano en el asiento trasero mientras conducen, o que hablan o env\u00edan mensajes de texto en lugar de concentrarse en la carretera. Por desgracia, algunos conductores son imprudentes o negligentes cuando conducen y, como resultado, los estudios han demostrado que la conducci\u00f3n distra\u00edda es una de las principales causas de colisi\u00f3n. <\/p>\n<p>\u00bfTe ha lesionado un conductor distra\u00eddo? Puede ser frustrante sufrir lesiones graves porque un conductor no condujo de forma responsable. Los accidentes de coche relacionados con la conducci\u00f3n distra\u00edda en Miami Lakes y el sur de Florida son completamente evitables, pero muchos conductores siguen siendo imprudentes. Si usted cree que puede tener un caso, inf\u00f3rmese sobre sus opciones legales programando hoy mismo una consulta gratuita y sin riesgos con el Grupo Legal Flaxman. Si tiene respuestas, siempre puede llamarnos al 866-352-9626 para hablar con un abogado de lesiones personales.    <\/p>\n<p><strong class=\"heading4\">Por qu\u00e9 la conducci\u00f3n distra\u00edda provoca colisiones<\/strong><\/p>\n<p>Los conductores distra\u00eddos tienen un control motor deficiente y pueden incluso dormirse al volante. Conducir distra\u00eddo tambi\u00e9n allana el camino para cometer errores de conducci\u00f3n que pueden provocar un accidente. Hay muchos errores que pueden cometer los conductores distra\u00eddos y que pueden provocar un accidente de tr\u00e1fico:  <\/p>\n<ul>\n<li>Pueden atropellar a un peat\u00f3n porque no lo vieron<\/li>\n<li>Pueden saltarse un sem\u00e1foro en rojo o una se\u00f1al de stop<\/li>\n<li>Pueden entrar en el carril contrario porque no se dan cuenta de que el coche est\u00e1 derrapando<\/li>\n<li>Pueden hacer un giro ilegal<\/li>\n<li>Pueden hacer un cambio de carril sin comprobar que el carril est\u00e1 despejado<\/li>\n<li>Pueden chocar contra el coche de delante porque no se dan cuenta de que el coche estaba all\u00ed<\/li>\n<\/ul>\n<p><strong class=\"heading4\">La conducci\u00f3n distra\u00edda provoca varios tipos de accidentes de tr\u00e1fico<\/strong><\/p>\n<p>La distracci\u00f3n provoca accidentes de peatones, accidentes de motocicleta, accidentes de coche, accidentes de cami\u00f3n y accidentes de bicicleta en Miami Lakes y otras comunidades. En muchos casos, los m\u00e1s vulnerables en la carretera acaban sufriendo lesiones m\u00e1s graves. Por ejemplo, los motoristas pagan el precio cuando los conductores y los turismos se distraen. Por desgracia, como los motoristas tienen tan pocas capas de protecci\u00f3n, son m\u00e1s propensos a sufrir lesiones cerebrales graves, lesiones medulares, fracturas, amputaciones y otras lesiones permanentes. Si eres motorista, tienes derecho a esperar que los dem\u00e1s que comparten la carretera contigo conduzcan correctamente y con seguridad. Cuando no lo hacen, querr\u00e1s consultar a un abogado de lesiones personales en Miami Lakes o en tu comunidad si has sufrido lesiones, para que se haga justicia en tu caso.     <\/p>\n<p>El Grupo Legal Flaxman ofrece una revisi\u00f3n de caso gratuita y sin compromiso a todos los clientes nuevos. Los abogados del Grupo Legal Flaxman tambi\u00e9n aceptan casos en base a honorarios de contingencia. Esto significa que no se nos pagan honorarios de abogado &#8211; y usted no paga estos honorarios &#8211; hasta y a menos que ganemos su caso en la corte o lleguemos a un acuerdo extrajudicial en su nombre. Si tienes una reclamaci\u00f3n leg\u00edtima, no tienes que pagar grandes cantidades de dinero por adelantado por representaci\u00f3n legal. Podemos ayudarte a buscar justicia e indemnizaci\u00f3n porque creemos que trabajar con un abogado deber\u00eda ayudarte a aliviar algunas de tus preocupaciones financieras, no a aumentarlas. Para saber m\u00e1s, contacte hoy mismo al Grupo Legal Flaxman para su consulta gratuita sobre accidentes.     <\/p>\n<\/p><\/div>\n<\/p><\/div>\n","protected":false},"excerpt":{"rendered":"<p>Sin honorarios a menos que ganemos. Llama al 866-352-9626 para una &#8230; <\/p>\n","protected":false},"author":3,"featured_media":0,"parent":0,"menu_order":0,"comment_status":"closed","ping_status":"closed","template":"template-practice-areas.php","meta":{"footnotes":""},"class_list":["post-22221","page","type-page","status-publish","hentry"],"featured_image_src":null,"featured_image_src_square":null,"_links":{"self":[{"href":"https:\/\/flaxmanlaw.com\/es\/wp-json\/wp\/v2\/pages\/22221","targetHints":{"allow":["GET"]}}],"collection":[{"href":"https:\/\/flaxmanlaw.com\/es\/wp-json\/wp\/v2\/pages"}],"about":[{"href":"https:\/\/flaxmanlaw.com\/es\/wp-json\/wp\/v2\/types\/page"}],"author":[{"embeddable":true,"href":"https:\/\/flaxmanlaw.com\/es\/wp-json\/wp\/v2\/users\/3"}],"replies":[{"embeddable":true,"href":"https:\/\/flaxmanlaw.com\/es\/wp-json\/wp\/v2\/comments?post=22221"}],"version-history":[{"count":0,"href":"https:\/\/flaxmanlaw.com\/es\/wp-json\/wp\/v2\/pages\/22221\/revisions"}],"wp:attachment":[{"href":"https:\/\/flaxmanlaw.com\/es\/wp-json\/wp\/v2\/media?parent=22221"}],"curies":[{"name":"wp","href":"https:\/\/api.w.org\/{rel}","templated":true}]}}