{"id":22222,"date":"2024-11-18T12:44:42","date_gmt":"2024-11-18T12:44:42","guid":{"rendered":"https:\/\/flaxmanlaw.wpenginepowered.com\/lesiones-en-la-cabeza-en-miami-lakes-abogados-de-accidentes-en-el-condado-de-miami-dade\/"},"modified":"2024-11-18T12:44:42","modified_gmt":"2024-11-18T12:44:42","slug":"lesiones-en-la-cabeza-en-miami-lakes-abogados-de-accidentes-en-el-condado-de-miami-dade","status":"publish","type":"page","link":"https:\/\/flaxmanlaw.com\/es\/lesiones-en-la-cabeza-en-miami-lakes-abogados-de-accidentes-en-el-condado-de-miami-dade\/","title":{"rendered":"Lesiones en la cabeza en Miami Lakes | Abogados de accidentes en el condado de Miami-Dade"},"content":{"rendered":"<div class=\"bodytext\">\n<h2>Lesi\u00f3n en la cabeza en Miami Lakes<\/h1><\/h2>\n<div class=\"description\">\n<p>Miami Lakes, Florida, situada en el condado de Miami-Dade, es conocida como una comunidad planificada, dise\u00f1ada para ser bella a la vez que pr\u00e1ctica. Como uno de los primeros adeptos al Nuevo Urbanismo, Miami Lakes se desarroll\u00f3 con hermosas calles arboladas y f\u00e1cil acceso a pie a la mayor\u00eda de los servicios. Hoy, Miami Lakes es famosa por su bajo \u00edndice de criminalidad y su belleza natural. La zona tambi\u00e9n tiene muchas atracciones, como parques, restaurantes de lujo, tiendas y el Monumento a los Veteranos en el Centro Comunitario del Parque Royal Oaks.   <\/p>\n<p>En Miami Lakes se producen bastantes <a href=\"lesiones cerebrales.html\">lesiones cerebrales<\/a>, a menudo causadas por <a href=\"accidentes-coche.html\">accidentes de tr\u00e1fico<\/a> en Miami Lakes, <a href=\"accidentes por resbalones y ca\u00eddas.html\">accidentes por resbalones y ca\u00eddas<\/a>, y otros tipos de <a href=\"nuestras-\u00e1reas-de-pr\u00e1ctica.html\">accidentes evitables<\/a>. Si tu lesi\u00f3n es el resultado de la conducta il\u00edcita de alguien, necesitas un abogado experto en lesiones personales de Miami Lakes. Seg\u00fan la legislaci\u00f3n de Florida, puedes presentar una demanda legal si tu lesi\u00f3n en la cabeza se debe a una conducta il\u00edcita o a la negligencia o imprudencia de alguien. En estos casos, es importante presentar una reclamaci\u00f3n legal s\u00f3lida para conseguir un acuerdo justo que pague la mayor parte de tus gastos m\u00e9dicos, p\u00e9rdida de ingresos y otros gastos. Presentar una demanda judicial puede suponer una gran diferencia en tu vida, al garantizar que dispones de recursos econ\u00f3micos para pagar los mejores cuidados posibles.    <\/p>\n<p>Un buen abogado de lesiones cerebrales de Miami Lakes puede investigar y presentar tu demanda. Tambi\u00e9n puede negociar con las compa\u00f1\u00edas de seguros en tu nombre. El equipo jur\u00eddico <a href=\"index.html\">del Grupo Legal Flaxman<\/a> ha trabajado con miles de pacientes de lesiones personales y cerebrales de Florida del Sur. Tienen una amplia experiencia en juicios, as\u00ed como una extensa experiencia negociando con las aseguradoras. De hecho, Charles Flaxman, del Grupo Legal Flaxman, trabaj\u00f3 en la industria de las aseguradoras durante una d\u00e9cada antes de decidir dedicar su vida a ayudar a las v\u00edctimas de lesiones personales de Florida del Sur. \u00c9l entiende exactamente c\u00f3mo funciona el proceso de reclamaciones de seguros y es capaz de poner esto a trabajar cuando negocia en su nombre. Ya sea que est\u00e9s buscando respuestas, justicia, o una compensaci\u00f3n que te ayude a obtener el mejor cuidado posible, el Grupo Legal Flaxman cuenta con los recursos para encargarse de todos los detalles de tu caso para que puedas enfocarte en el proceso de curaci\u00f3n.      <\/p>\n<p>El equipo jur\u00eddico del <a href=\"index.html\">Grupo Legal<\/a> Flaxman aborda la demanda de cada cliente con pasi\u00f3n e intensidad. El equipo jur\u00eddico del Grupo Legal Flaxman trabaja incansablemente para garantizar que las v\u00edctimas de lesiones en la cabeza de Miami Lakes tengan el apoyo y la justicia que merecen. Desde la investigaci\u00f3n de demandas legales hasta la b\u00fasqueda de precedentes, el equipo jur\u00eddico se esfuerza por proporcionar a cada cliente el profesionalismo, la compasi\u00f3n y la asistencia que necesita. De hecho, el tel\u00e9fono del Grupo Legal Flaxman est\u00e1 incluso atendido las 24 horas del d\u00eda, siete d\u00edas a la semana, para asegurar que cualquiera que requiera asistencia pueda contactar a un operador en vivo r\u00e1pida y f\u00e1cilmente. El equipo legal del Grupo Legal Flaxman comprende lo aterradora que puede ser una lesi\u00f3n grave, y es por ello que el equipo hace todo lo posible por ofrecerte la mejor ayuda disponible.    <\/p>\n<p>El equipo jur\u00eddico del Grupo Legal Flaxman cuenta con la experiencia, el historial en la sala de juicios, y el enfoque al cliente que pueden brindarle tranquilidad. El equipo jur\u00eddico del Grupo Legal Flaxman se enorgullece de haber formado parte de varios acuerdos multimillonarios que han ayudado a las v\u00edctimas a pagar la p\u00e9rdida de ingresos, gastos m\u00e9dicos y otros costos despu\u00e9s de sufrir lesiones devastadoras. Para saber m\u00e1s sobre el Grupo Legal Flaxman y para hablar sobre tu caso con un abogado de lesiones personales, <a href=\"contacta con nosotros.html\">contacta hoy mismo al Grupo Legal Flaxman<\/a> para programar una consulta confidencial gratuita y sin compromiso para hablar sobre tu caso.  <\/p>\n<\/p><\/div>\n<\/p><\/div>\n","protected":false},"excerpt":{"rendered":"<p>Sin honorarios a menos que ganemos. Llama al 866-352-9626 para una &#8230; <\/p>\n","protected":false},"author":3,"featured_media":0,"parent":0,"menu_order":0,"comment_status":"closed","ping_status":"closed","template":"template-practice-areas.php","meta":{"footnotes":""},"class_list":["post-22222","page","type-page","status-publish","hentry"],"featured_image_src":null,"featured_image_src_square":null,"_links":{"self":[{"href":"https:\/\/flaxmanlaw.com\/es\/wp-json\/wp\/v2\/pages\/22222","targetHints":{"allow":["GET"]}}],"collection":[{"href":"https:\/\/flaxmanlaw.com\/es\/wp-json\/wp\/v2\/pages"}],"about":[{"href":"https:\/\/flaxmanlaw.com\/es\/wp-json\/wp\/v2\/types\/page"}],"author":[{"embeddable":true,"href":"https:\/\/flaxmanlaw.com\/es\/wp-json\/wp\/v2\/users\/3"}],"replies":[{"embeddable":true,"href":"https:\/\/flaxmanlaw.com\/es\/wp-json\/wp\/v2\/comments?post=22222"}],"version-history":[{"count":0,"href":"https:\/\/flaxmanlaw.com\/es\/wp-json\/wp\/v2\/pages\/22222\/revisions"}],"wp:attachment":[{"href":"https:\/\/flaxmanlaw.com\/es\/wp-json\/wp\/v2\/media?parent=22222"}],"curies":[{"name":"wp","href":"https:\/\/api.w.org\/{rel}","templated":true}]}}