{"id":22224,"date":"2024-11-18T12:44:42","date_gmt":"2024-11-18T12:44:42","guid":{"rendered":"https:\/\/flaxmanlaw.wpenginepowered.com\/accidentes-por-no-ceder-el-paso-en-miami-lakes-abogados-de-accidentes-de-coche-en-el-condado-de-miami-dade\/"},"modified":"2024-11-18T12:44:42","modified_gmt":"2024-11-18T12:44:42","slug":"accidentes-por-no-ceder-el-paso-en-miami-lakes-abogados-de-accidentes-de-coche-en-el-condado-de-miami-dade","status":"publish","type":"page","link":"https:\/\/flaxmanlaw.com\/es\/accidentes-por-no-ceder-el-paso-en-miami-lakes-abogados-de-accidentes-de-coche-en-el-condado-de-miami-dade\/","title":{"rendered":"Accidentes por no ceder el paso en Miami Lakes | Abogados de accidentes de coche en el condado de Miami-Dade"},"content":{"rendered":"<div class=\"bodytext\">\n<h2>Accidentes por no ceder el paso en Miami Lakes<\/h1><\/h2>\n<div class=\"description\">\n<p>Las normas sobre el derecho de paso en carretera no son s\u00f3lo una cuesti\u00f3n de educaci\u00f3n y cortes\u00eda. A menudo, estas normas pueden marcar la diferencia entre la vida y la muerte. Cuando alguien no cede el paso a un conductor que tiene preferencia de paso, el accidente resultante puede ser una colisi\u00f3n lateral, un choque frontal u otro accidente de tr\u00e1fico grave en Miami Lakes o en cualquier otro lugar de Florida. Cada a\u00f1o se pierden vidas y hay personas que sufren lesiones permanentes o graves porque un conductor simplemente no entendi\u00f3 las normas de circulaci\u00f3n o no las respet\u00f3.   <\/p>\n<p>Si un ser querido ha muerto o si usted ha quedado discapacitado o lesionado en un accidente por no ceder el paso en Florida del Sur, busque ayuda legal. A los abogados del Grupo Legal Flaxman les gustar\u00eda ayudar ofreci\u00e9ndole una consulta gratuita y sin compromiso. Su consulta gratuita sobre accidentes es su oportunidad de hacer preguntas y de obtener informaci\u00f3n sobre sus derechos y opciones legales despu\u00e9s de su accidente de tr\u00e1fico. No podemos regresar las manecillas del tiempo, pero a trav\u00e9s de una lucha compasiva y agresiva por tus derechos, podemos ayudarte a explorar tus v\u00edas de reparaci\u00f3n e indemnizaci\u00f3n.   <\/p>\n<p><strong class=\"heading4\">\u00bfC\u00f3mo est\u00e1s preparado para una lesi\u00f3n grave?<\/strong><\/p>\n<p>Un accidente de tr\u00e1fico o una lesi\u00f3n grave pueden ocurrir en un abrir y cerrar de ojos y cambiar tu vida para siempre. \u00bfEst\u00e1s preparado para una lesi\u00f3n tan grave o un gasto m\u00e9dico tan inesperado? Muchos residentes en Florida no lo est\u00e1n. A menos que tengas unos ahorros muy importantes o un patrimonio considerable, puedes estar en peligro. Si sufres lesiones graves, \u00bfc\u00f3mo lo har\u00edas?    <\/p>\n<ul>\n<li>\u00bfPagar la asistencia m\u00e9dica?<\/li>\n<li>\u00bfPagar la reparaci\u00f3n y el alquiler del coche?<\/li>\n<li>\u00bfCuidar de tu familia?<\/li>\n<li>\u00bfSer capaz de hacer tu trabajo?<\/li>\n<li>\u00bfEncontrar una fuente de ingresos alternativa si sufrieras una lesi\u00f3n permanente y no pudieras trabajar?<\/li>\n<\/ul>\n<p>Estos gastos pueden acabar costando f\u00e1cilmente a una familia decenas de miles o incluso cientos de miles de d\u00f3lares. Una lesi\u00f3n personal grave y permanente puede acabar costando millones de d\u00f3lares, sobre todo si la persona requiere cuidados las 24 horas del d\u00eda, atenci\u00f3n en un centro de vida asistida u otros servicios complicados. La mayor\u00eda de las familias simplemente no pueden reunir millones de d\u00f3lares para pagar por s\u00ed mismas unos cuidados de calidad.  <\/p>\n<p>Sin embargo, si las lesiones fueron causadas por la negligencia, imprudencia o acto il\u00edcito de alguien, la legislaci\u00f3n de Florida permite a los perjudicados interponer una demanda judicial contra la persona responsable de las lesiones y los da\u00f1os. En muchas situaciones, interponer este tipo de demanda legal no s\u00f3lo es un derecho de la persona, sino que puede permitirle a ella y a su familia afrontar un futuro mejor. <\/p>\n<p><strong class=\"heading4\">\u00bfTe gustar\u00eda hablar con un abogado sobre una posible demanda por lesiones personales en Miami Lakes o en tu comunidad?<\/strong><\/p>\n<p><a href=\"contacta con nosotros.html\">Contacta con el Grupo Legal Flaxman<\/a> para concertar una consulta gratuita sobre accidentes o para obtener asesor\u00eda y asistencia legal por tel\u00e9fono. Tu consulta gratuita sobre accidentes no conlleva ninguna obligaci\u00f3n y s\u00f3lo contratar\u00e1s los servicios de nuestra firma si as\u00ed lo decides. Si usted decide trabajar con nuestra firma, estar\u00e1 trabajando con un bufete de servicios integrales cuyos abogados tienen m\u00e1s de seis d\u00e9cadas de experiencia como abogados de lesiones personales, as\u00ed como un historial de asegurar m\u00e1s de 100 millones de d\u00f3lares a favor de miles de demandantes por lesiones personales.  <\/p>\n<\/p><\/div>\n<\/p><\/div>\n","protected":false},"excerpt":{"rendered":"<p>Sin honorarios a menos que ganemos. Llama al 866-352-9626 para una &#8230; <\/p>\n","protected":false},"author":3,"featured_media":0,"parent":0,"menu_order":0,"comment_status":"closed","ping_status":"closed","template":"template-practice-areas.php","meta":{"footnotes":""},"class_list":["post-22224","page","type-page","status-publish","hentry"],"featured_image_src":null,"featured_image_src_square":null,"_links":{"self":[{"href":"https:\/\/flaxmanlaw.com\/es\/wp-json\/wp\/v2\/pages\/22224","targetHints":{"allow":["GET"]}}],"collection":[{"href":"https:\/\/flaxmanlaw.com\/es\/wp-json\/wp\/v2\/pages"}],"about":[{"href":"https:\/\/flaxmanlaw.com\/es\/wp-json\/wp\/v2\/types\/page"}],"author":[{"embeddable":true,"href":"https:\/\/flaxmanlaw.com\/es\/wp-json\/wp\/v2\/users\/3"}],"replies":[{"embeddable":true,"href":"https:\/\/flaxmanlaw.com\/es\/wp-json\/wp\/v2\/comments?post=22224"}],"version-history":[{"count":0,"href":"https:\/\/flaxmanlaw.com\/es\/wp-json\/wp\/v2\/pages\/22224\/revisions"}],"wp:attachment":[{"href":"https:\/\/flaxmanlaw.com\/es\/wp-json\/wp\/v2\/media?parent=22224"}],"curies":[{"name":"wp","href":"https:\/\/api.w.org\/{rel}","templated":true}]}}