{"id":22225,"date":"2024-11-18T12:44:42","date_gmt":"2024-11-18T12:44:42","guid":{"rendered":"https:\/\/flaxmanlaw.wpenginepowered.com\/abuso-en-residencias-de-ancianos-en-miami-abogados-de-negligencia-de-ancianos-en-el-condado-de-miami-dade\/"},"modified":"2024-11-18T12:44:42","modified_gmt":"2024-11-18T12:44:42","slug":"abuso-en-residencias-de-ancianos-en-miami-abogados-de-negligencia-de-ancianos-en-el-condado-de-miami-dade","status":"publish","type":"page","link":"https:\/\/flaxmanlaw.com\/es\/abuso-en-residencias-de-ancianos-en-miami-abogados-de-negligencia-de-ancianos-en-el-condado-de-miami-dade\/","title":{"rendered":"Abuso en residencias de ancianos en Miami | Abogados de negligencia de ancianos en el condado de Miami-Dade"},"content":{"rendered":"<div class=\"bodytext\">\n<h2>Abuso en residencias de ancianos de Miami<\/h1><\/h2>\n<div class=\"description\">\n<p>Miami Florida, una de las mayores ciudades de Estados Unidos y centro de vibrante vida nocturna y cultura de famosos, atrae a muchos visitantes cada a\u00f1o. La ciudad es tambi\u00e9n sorprendentemente verde, con cientos de parques y sistemas de senderos. Situada justo en el agua, Miami es famosa por sus oportunidades de ocio acu\u00e1tico y es conocida como uno de los mejores lugares para bucear del pa\u00eds.  <\/p>\n<p>Hace a\u00f1os, las familias y los seres queridos ancianos afectados por el maltrato y la negligencia en residencias de ancianos de Miami ten\u00edan pocos recursos. En muchos casos, las v\u00edctimas de abusos y negligencias en residencias de ancianos y centros de atenci\u00f3n a mayores no eran escuchadas ni defendidas. Hoy en d\u00eda, hemos avanzado mucho en la exigencia de responsabilidades a los autores de tales abusos. Sin embargo, demasiados ancianos siguen pagando el precio de la negligencia y los malos tratos en residencias de ancianos.   <\/p>\n<p>Cuando las familias deciden que ya no pueden cuidar a un ser querido anciano, suelen dedicar mucho tiempo a elegir un centro. Las residencias de ancianos y los centros de atenci\u00f3n a mayores suelen cobrar sumas considerables por los cuidados que prestan, y la mayor\u00eda anuncian que ofrecen entornos afectuosos, c\u00f3modos y seguros. Sin embargo, cada a\u00f1o se denuncian casos de negligencia y maltrato en residencias de ancianos de Miami, como maltrato f\u00edsico, maltrato emocional, abuso sexual y negligencia en los que el personal no presta los cuidados b\u00e1sicos a los residentes. En muchos casos, las familias de las v\u00edctimas s\u00f3lo se dan cuenta del problema cuando advierten s\u00edntomas de negligencia y malos tratos.   <\/p>\n<p>Los residentes de residencias y centros de asistencia de Miami suelen recibir cuidados de calidad. Sin embargo, en otros casos, los residentes son objeto de abusos econ\u00f3micos, emocionales, f\u00edsicos y sexuales. En algunos casos, simplemente se les desatiende y no se les proporcionan los cuidados b\u00e1sicos que los centros prometen ofrecer. Los malos tratos pueden proceder de diversas fuentes, tanto de otros residentes como del personal.   <\/p>\n<p>En los casos de <a href=\"abuso en residencias de ancianos.html\">abuso y negligencia en residencias de ancianos de Miami<\/a>, las residencias de ancianos pueden y deben ser consideradas responsables de las pol\u00edticas y el personal que contratan y que permiten que se produzca la negligencia y el abuso. En todo el pa\u00eds, los jurados han concedido millones de d\u00f3lares en indemnizaciones a las v\u00edctimas de negligencia y abusos en residencias de ancianos. Este dinero suele ayudar a las v\u00edctimas y a sus familias a encontrar nuevos cuidadores seguros y permite a las familias pagar los gastos m\u00e9dicos para ayudar a curar las lesiones del maltrato y la negligencia. La indemnizaci\u00f3n por casos de abuso y negligencia en residencias de ancianos de Miami puede utilizarse para pagar gastos m\u00e9dicos, asesoramiento, terapia, nuevos cuidados y otros gastos.   <\/p>\n<p>Si usted cree que alguien a quien cuida se ha convertido en v\u00edctima de abuso y negligencia en un asilo de ancianos en Miami, es importante contactar a un abogado de lesiones personales en Miami tan pronto como sea posible. Si usted observa s\u00edntomas de abuso como accidentes por resbal\u00f3n y ca\u00edda en Miami, lesiones inexplicables, comportamiento retra\u00eddo, u otras se\u00f1ales, <a href=\"contacta con nosotros.html\">contacte<\/a> hoy mismo al Grupo Legal Flaxman para programar una consulta gratuita y sin compromiso para hablar sobre su caso. <\/p>\n<p>El equipo legal del <a href=\"index.html\">Grupo Legal<\/a> Flaxman trabajar\u00e1 duro para protegerte a ti y a tu familia. El equipo jur\u00eddico del Grupo Legal Flaxman comprende lo dolorosa que puede ser la decisi\u00f3n de internar a un ser querido anciano en un asilo de ancianos. Entendemos que usted quiere proteger a su ser querido y que puede tener preocupaciones sobre los cuidados que est\u00e1 recibiendo. El Grupo Legal Flaxman puede investigar posibles casos de abuso, puede informarle de sus derechos, y puede ayudar a garantizar que su ser querido anciano est\u00e9 en una instalaci\u00f3n segura.   <\/p>\n<\/p><\/div>\n<\/p><\/div>\n","protected":false},"excerpt":{"rendered":"<p>Sin honorarios a menos que ganemos. Llama al 866-352-9626 para una &#8230; <\/p>\n","protected":false},"author":3,"featured_media":0,"parent":0,"menu_order":0,"comment_status":"closed","ping_status":"closed","template":"template-practice-areas.php","meta":{"footnotes":""},"class_list":["post-22225","page","type-page","status-publish","hentry"],"featured_image_src":null,"featured_image_src_square":null,"_links":{"self":[{"href":"https:\/\/flaxmanlaw.com\/es\/wp-json\/wp\/v2\/pages\/22225","targetHints":{"allow":["GET"]}}],"collection":[{"href":"https:\/\/flaxmanlaw.com\/es\/wp-json\/wp\/v2\/pages"}],"about":[{"href":"https:\/\/flaxmanlaw.com\/es\/wp-json\/wp\/v2\/types\/page"}],"author":[{"embeddable":true,"href":"https:\/\/flaxmanlaw.com\/es\/wp-json\/wp\/v2\/users\/3"}],"replies":[{"embeddable":true,"href":"https:\/\/flaxmanlaw.com\/es\/wp-json\/wp\/v2\/comments?post=22225"}],"version-history":[{"count":0,"href":"https:\/\/flaxmanlaw.com\/es\/wp-json\/wp\/v2\/pages\/22225\/revisions"}],"wp:attachment":[{"href":"https:\/\/flaxmanlaw.com\/es\/wp-json\/wp\/v2\/media?parent=22225"}],"curies":[{"name":"wp","href":"https:\/\/api.w.org\/{rel}","templated":true}]}}