{"id":22226,"date":"2024-11-18T12:44:42","date_gmt":"2024-11-18T12:44:42","guid":{"rendered":"https:\/\/flaxmanlaw.wpenginepowered.com\/abuso-de-ancianos-en-miami-lakes-abogados-de-negligencia-en-residencias-de-ancianos-del-condado-de-miami-dade\/"},"modified":"2024-11-18T12:44:42","modified_gmt":"2024-11-18T12:44:42","slug":"abuso-de-ancianos-en-miami-lakes-abogados-de-negligencia-en-residencias-de-ancianos-del-condado-de-miami-dade","status":"publish","type":"page","link":"https:\/\/flaxmanlaw.com\/es\/abuso-de-ancianos-en-miami-lakes-abogados-de-negligencia-en-residencias-de-ancianos-del-condado-de-miami-dade\/","title":{"rendered":"Abuso de ancianos en Miami Lakes | Abogados de negligencia en residencias de ancianos del condado de Miami-Dade"},"content":{"rendered":"<div class=\"bodytext\">\n<h2>Abuso de ancianos en Miami Lakes<\/h1><\/h2>\n<div class=\"description\">\n<p>Hay muchos tipos de maltrato a ancianos en Miami Lakes y el sur de Florida que pueden afectar a nuestros residentes m\u00e1s vulnerables. El abuso sexual y la violaci\u00f3n, el asalto y la agresi\u00f3n, el maltrato f\u00edsico y la negligencia son formas de maltrato que algunos ancianos sufren por parte de sus cuidadores. Adem\u00e1s, algunos ancianos sufren abusos emocionales o econ\u00f3micos que les privan de su dignidad y de los recursos econ\u00f3micos que necesitan para sobrevivir. Todas las formas de maltrato son censurables y hay que ponerles fin. Hay que detener a los autores que da\u00f1an a quienes est\u00e1n bajo su cuidado o permiten que se da\u00f1e a los ancianos residentes, antes de que puedan da\u00f1ar a otros.    <\/p>\n<p>Si un ser querido ha sido afectado por negligencia o abuso en un entorno de cuidados, los abogados del Grupo Legal Flaxman pueden ofrecerle asesor\u00eda experimentada y personalizada sobre c\u00f3mo puede proteger sus derechos legales. No dude en ponerse en contacto con nuestro bufete de servicios integrales. Estaremos encantados de hablar sobre sus opciones legales y sus derechos en su situaci\u00f3n. Las consultas iniciales con el Grupo Legal Flaxman siempre son sin compromiso y gratuitas, as\u00ed que no arriesgas nada al obtener datos legales que podr\u00edan ayudarte a proteger a tu familia.   <\/p>\n<p><strong class=\"heading4\">Abuso y agresi\u00f3n sexual en Miami Lakes y Florida<\/strong><\/p>\n<p>El abuso sexual de ancianos en entornos asistenciales es demasiado frecuente. Puede ser perpetrado por otros residentes de una residencia o incluso por el personal y los cuidadores. En muchos casos, los ancianos en estas situaciones est\u00e1n demasiado asustados o avergonzados para denunciar o pueden estar demasiado enfermos f\u00edsicamente para comunicar lo que est\u00e1 ocurriendo. Es importante que los familiares mantengan abiertas las l\u00edneas de comunicaci\u00f3n para que puedan darse cuenta de cu\u00e1ndo se produce la agresi\u00f3n, a fin de detener a los agresores. Los signos de abuso sexual pueden incluir    <\/p>\n<ul>\n<li>Moratones, laceraciones u otras lesiones inexplicables<\/li>\n<li>Comportamiento retra\u00eddo<\/li>\n<li>Aislamiento<\/li>\n<li>P\u00e9rdida de apetito<\/li>\n<li>Trastornos del sue\u00f1o<\/li>\n<li>Cambios de personalidad<\/li>\n<li>Enfermedades de transmisi\u00f3n sexual<\/li>\n<li>Ropa rota o ensangrentada<\/li>\n<\/ul>\n<p><strong class=\"heading4\">Qu\u00e9 hacer si sospechas de abuso sexual<\/strong><\/p>\n<p>Si sospechas que un ser querido ha sido v\u00edctima de abusos sexuales o violaci\u00f3n, ponte inmediatamente en contacto con las autoridades y con el personal de la residencia de ancianos. Los abusos sexuales son un delito y los responsables deben rendir cuentas. <\/p>\n<p>En estos y otros casos de maltrato a ancianos, tambi\u00e9n querr\u00e1s asesoramiento y representaci\u00f3n legal. Adem\u00e1s de denunciar los malos tratos a las autoridades, hablar con un abogado puede ayudarte a explorar m\u00e1s opciones. Adem\u00e1s de presentar cargos penales en estos casos, tambi\u00e9n puedes presentar una demanda civil contra los responsables. Esto puede ayudarte a buscar una indemnizaci\u00f3n que te ayude a pagar las facturas m\u00e9dicas, a atender mejor a un familiar y otros gastos en los que incurrir\u00e1s mientras buscas una atenci\u00f3n mejor.   <\/p>\n<p>Para obtener asistencia y asesor\u00eda legal, contacta <a href=\"contacta con nosotros.html\">al Grupo Legal Flaxman<\/a>, una firma de abogados de Florida del Sur con oficinas en Miami, Homestead y Hollywood. Nuestro equipo de abogados ya ha recuperado da\u00f1os para miles de demandantes y nuestro equipo legal estar\u00eda encantado de reunirse con usted en una consulta gratuita y sin compromiso de su caso para que podamos abordar sus preocupaciones y preguntas. Siempre puedes ponerte en contacto con nosotros a trav\u00e9s de nuestro sitio web o llamando al 866-352-9626.  <\/p>\n<\/p><\/div>\n<\/p><\/div>\n","protected":false},"excerpt":{"rendered":"<p>Sin honorarios a menos que ganemos. Llama al 866-352-9626 para una &#8230; <\/p>\n","protected":false},"author":3,"featured_media":0,"parent":0,"menu_order":0,"comment_status":"closed","ping_status":"closed","template":"template-practice-areas.php","meta":{"footnotes":""},"class_list":["post-22226","page","type-page","status-publish","hentry"],"featured_image_src":null,"featured_image_src_square":null,"_links":{"self":[{"href":"https:\/\/flaxmanlaw.com\/es\/wp-json\/wp\/v2\/pages\/22226","targetHints":{"allow":["GET"]}}],"collection":[{"href":"https:\/\/flaxmanlaw.com\/es\/wp-json\/wp\/v2\/pages"}],"about":[{"href":"https:\/\/flaxmanlaw.com\/es\/wp-json\/wp\/v2\/types\/page"}],"author":[{"embeddable":true,"href":"https:\/\/flaxmanlaw.com\/es\/wp-json\/wp\/v2\/users\/3"}],"replies":[{"embeddable":true,"href":"https:\/\/flaxmanlaw.com\/es\/wp-json\/wp\/v2\/comments?post=22226"}],"version-history":[{"count":0,"href":"https:\/\/flaxmanlaw.com\/es\/wp-json\/wp\/v2\/pages\/22226\/revisions"}],"wp:attachment":[{"href":"https:\/\/flaxmanlaw.com\/es\/wp-json\/wp\/v2\/media?parent=22226"}],"curies":[{"name":"wp","href":"https:\/\/api.w.org\/{rel}","templated":true}]}}