{"id":22227,"date":"2024-11-18T12:44:42","date_gmt":"2024-11-18T12:44:42","guid":{"rendered":"https:\/\/flaxmanlaw.wpenginepowered.com\/accidentes-de-motocicleta-en-miami-abogados-de-accidentes-de-motocicleta-del-condado-de-miami-dade\/"},"modified":"2024-11-18T12:44:42","modified_gmt":"2024-11-18T12:44:42","slug":"accidentes-de-motocicleta-en-miami-abogados-de-accidentes-de-motocicleta-del-condado-de-miami-dade","status":"publish","type":"page","link":"https:\/\/flaxmanlaw.com\/es\/accidentes-de-motocicleta-en-miami-abogados-de-accidentes-de-motocicleta-del-condado-de-miami-dade\/","title":{"rendered":"Accidentes de Motocicleta en Miami | Abogados de Accidentes de Motocicleta del Condado de Miami-Dade"},"content":{"rendered":"<div class=\"bodytext\">\n<h2>Accidentes de Maniobra en Motocicleta en Miami<\/h1><\/h2>\n<div class=\"description\">\n<p>Muchos accidentes de moto en Miami y Florida se deben a problemas de maniobrabilidad. Por ejemplo, un conductor puede suponer que un motorista y su moto pueden apartarse del camino o un fabricante puede instalar una pieza defectuosa para mejorar la maniobrabilidad de una moto. En ambos casos, puedes tener una reclamaci\u00f3n legal para reclamar una indemnizaci\u00f3n por tus p\u00e9rdidas.  <\/p>\n<p>Para averiguar si tienes una demanda, siempre puedes <a href=\"contacta con nosotros.html\">ponerte en contacto con<\/a> el Grupo Legal Flaxman para concertar una cita gratuita. Estaremos encantados de explorar tus opciones legales contigo. <\/p>\n<p><strong class=\"heading4\">Qu\u00e9 Hacer Si Has Sufrido Un Accidente De Maniobra En Miami O En Tu Comunidad<\/strong><\/p>\n<p>Si te has visto implicado en un accidente de moto causado por problemas de maniobrabilidad, hay varias cosas que tendr\u00e1s que hacer:<\/p>\n<p><strong>1) Busca atenci\u00f3n m\u00e9dica r\u00e1pidamente.<\/strong>  Como los motoristas tienen pocas capas de protecci\u00f3n, pueden llevarte al hospital con lesiones graves si sufres un accidente de moto. Aunque parezcas estar bien despu\u00e9s de un accidente de moto, es muy importante que te hagan una evaluaci\u00f3n m\u00e9dica lo antes posible tras el accidente. La realidad es que los accidentes de moto suelen provocar traumatismos craneoencef\u00e1licos, lesiones de tejidos blandos y otras lesiones que pueden ser dif\u00edciles de detectar. Puede que te encuentres bien, pero que hayas sufrido un traumatismo craneoencef\u00e1lico grave o incluso potencialmente mortal. Acude siempre a un profesional m\u00e9dico cualificado para que te haga una evaluaci\u00f3n m\u00e9dica completa.    <\/p>\n<p><strong>2) Re\u00fane documentaci\u00f3n.<\/strong>  En cuanto puedas despu\u00e9s del accidente, empieza a documentar las pruebas de tu caso. Intercambia informaci\u00f3n sobre el seguro e informaci\u00f3n de contacto con cualquier otro conductor implicado, consigue la informaci\u00f3n de contacto de cualquier testigo, haz fotos del lugar del accidente, consigue una copia de cualquier informe policial o m\u00e9dico relacionado con tu caso, lleva un diario de tus lesiones y guarda los recibos relacionados con cualquier gasto que puedas tener como consecuencia de tu accidente. Cuanta m\u00e1s informaci\u00f3n tengas, m\u00e1s f\u00e1cil te resultar\u00e1 negociar con las compa\u00f1\u00edas de seguros o presentar una reclamaci\u00f3n para abogar por una indemnizaci\u00f3n justa en tu caso.  <\/p>\n<p><strong>3) Informa del accidente.<\/strong>  Si sospechas que el otro conductor implicado en tu accidente iba bebido o si sospechas que tu accidente de moto se debi\u00f3 a que alguien infringi\u00f3 las leyes de circulaci\u00f3n, no dejes de ponerte en contacto con la polic\u00eda. Tambi\u00e9n querr\u00e1s ponerte en contacto con la polic\u00eda si el accidente fue grave y provoc\u00f3 lesiones graves o la muerte. Independientemente de la gravedad del accidente, deber\u00e1s informar del incidente a la compa\u00f1\u00eda de seguros para iniciar el proceso de reclamaci\u00f3n.  <\/p>\n<p><strong>4) Busca asesoramiento jur\u00eddico.<\/strong>  Antes de tomar ninguna decisi\u00f3n definitiva sobre tu caso y antes de firmar ning\u00fan documento del seguro o aceptar ninguna oferta de acuerdo, querr\u00e1s obtener asesoramiento jur\u00eddico sobre tu situaci\u00f3n para asegurarte de que exploras todas tus opciones para obtener una indemnizaci\u00f3n. Un abogado de lesiones personales de tu comunidad puede ayudarte a comprender cu\u00e1nto pueden costarte tus lesiones y c\u00f3mo deber\u00eda ser un acuerdo justo para ti. <\/p>\n<p>Si t\u00fa o un ser querido ha resultado lesionado en un accidente de motocicleta o de tr\u00e1fico en cualquier lugar de Florida del Sur, contacta con los abogados del <a href=\"index.html\">Grupo Legal Flaxman<\/a> y estaremos encantados de ofrecerte una consulta gratuita sobre accidentes para que podamos responder a tus preguntas y ayudarte a revisar tus opciones y derechos.<\/p>\n<\/p><\/div>\n<\/p><\/div>\n","protected":false},"excerpt":{"rendered":"<p>Sin honorarios a menos que ganemos. Llama al 866-352-9626 para una &#8230; <\/p>\n","protected":false},"author":3,"featured_media":0,"parent":0,"menu_order":0,"comment_status":"closed","ping_status":"closed","template":"template-practice-areas.php","meta":{"footnotes":""},"class_list":["post-22227","page","type-page","status-publish","hentry"],"featured_image_src":null,"featured_image_src_square":null,"_links":{"self":[{"href":"https:\/\/flaxmanlaw.com\/es\/wp-json\/wp\/v2\/pages\/22227","targetHints":{"allow":["GET"]}}],"collection":[{"href":"https:\/\/flaxmanlaw.com\/es\/wp-json\/wp\/v2\/pages"}],"about":[{"href":"https:\/\/flaxmanlaw.com\/es\/wp-json\/wp\/v2\/types\/page"}],"author":[{"embeddable":true,"href":"https:\/\/flaxmanlaw.com\/es\/wp-json\/wp\/v2\/users\/3"}],"replies":[{"embeddable":true,"href":"https:\/\/flaxmanlaw.com\/es\/wp-json\/wp\/v2\/comments?post=22227"}],"version-history":[{"count":0,"href":"https:\/\/flaxmanlaw.com\/es\/wp-json\/wp\/v2\/pages\/22227\/revisions"}],"wp:attachment":[{"href":"https:\/\/flaxmanlaw.com\/es\/wp-json\/wp\/v2\/media?parent=22227"}],"curies":[{"name":"wp","href":"https:\/\/api.w.org\/{rel}","templated":true}]}}