{"id":22229,"date":"2024-11-18T12:44:42","date_gmt":"2024-11-18T12:44:42","guid":{"rendered":"https:\/\/flaxmanlaw.wpenginepowered.com\/accidente-de-motocicleta-en-miami-abogados-de-lesiones-de-motocicleta-en-el-condado-de-miami-dade\/"},"modified":"2025-05-06T10:05:05","modified_gmt":"2025-05-06T10:05:05","slug":"accidente-de-motocicleta-en-miami-abogados-de-lesiones-de-motocicleta-en-el-condado-de-miami-dade","status":"publish","type":"page","link":"https:\/\/flaxmanlaw.com\/es\/accidente-de-motocicleta-en-miami-abogados-de-lesiones-de-motocicleta-en-el-condado-de-miami-dade\/","title":{"rendered":"Accidente de moto en Miami"},"content":{"rendered":"<div class=\"bodytext\">\n<h2>Accidente de moto en Miami<\/h2>\n<div class=\"description\">\n<p>Como ciudad portuaria y la mayor \u00e1rea metropolitana del sur de Florida, Miami es conocida acertadamente como La Puerta de Am\u00e9rica. Es famosa por su vibrante vida nocturna, sus excelentes restaurantes y sus muchas comodidades. Es famosa como escapada de famosos y famosa por su clima c\u00e1lido y sus playas. Sin embargo, muchas personas que viajan a la ciudad se sorprenden de que Miami sea tan limpia para una ciudad de su tama\u00f1o. De hecho, Miami es una de las grandes ciudades m\u00e1s ricas y tambi\u00e9n una de las m\u00e1s limpias de Estados Unidos. Los habitantes de Miami disfrutan de calles limpias, muchos espacios verdes y mucho que ver y hacer.<\/p>\n<p>Sin embargo, aunque Miami tiene mucho que ver y hacer, tambi\u00e9n tiene su buena dosis de accidentes de moto. Cada a\u00f1o, miles de residentes de Florida sufren lesiones graves en accidentes de moto en Miami. Estos accidentes causan graves lesiones cerebrales, fracturas \u00f3seas, amputaciones, muertes, lesiones medulares, quemaduras y muchas otras lesiones graves. En muchos casos, debido al tama\u00f1o y la fuerza de los coches en comparaci\u00f3n con las motocicletas, los accidentes de moto en Miami suelen causar lesiones que alteran la vida, as\u00ed como v\u00edctimas mortales. Si has sufrido un accidente de moto en Miami, puedes tardar meses o incluso a\u00f1os en curarte. Mientras te concentras en sanar, permite que el <a href=\"index.html\">Grupo Legal Flaxman<\/a> se encargue de los asuntos legales de tu caso.<\/p>\n<p>Es importante obtener asesoramiento jur\u00eddico preciso y fiable inmediatamente despu\u00e9s de tu accidente de moto. Puedes tener derecho a una indemnizaci\u00f3n mayor de la que crees, y tus costes y facturas m\u00e9dicas pueden ser mucho mayores en el futuro de lo que predices. Un <a href=\"charles-flaxman.html\">abogado<\/a> calificado en <a href=\"charles-flaxman.html\">accidentes de motocicleta en Miami<\/a>, del Grupo Legal Flaxman, puede ayudarte a comprender el verdadero costo de tus lesiones y puede ayudarte a determinar cu\u00e1les son tus derechos y opciones para buscar una compensaci\u00f3n justa o un arreglo justo en tu caso. Sin este tipo de asesor\u00eda legal, podr\u00edas terminar renunciando a tus derechos de buscar justicia o podr\u00edas terminar conform\u00e1ndote con una peque\u00f1a oferta de arreglo que no cubra adecuadamente todos tus gastos m\u00e9dicos. Si esto ocurriera, podr\u00edas verte obligado a pagar de tu bolsillo muchos gastos m\u00e9dicos y da\u00f1os y perjuicios.<\/p>\n<p>Antes de firmar cualquier documento, ponte en contacto con el Grupo Legal Flaxman para obtener asesor\u00eda legal sobre tus opciones. El equipo legal del Grupo Legal Flaxman puede ofrecerte asesor\u00eda y puede ayudarte a descifrar esos documentos antes de que los firmes. No querr\u00e1s renunciar con tu firma a tus derechos a un acuerdo justo o a reclamar un dinero justo que pueda ayudarte a recuperarte y sanar con la atenci\u00f3n m\u00e9dica adecuada. A menudo se necesita un abogado calificado de Florida para comprender todas tus opciones legales despu\u00e9s de un accidente de motocicleta en Florida del Sur, y es vital comprender todas tus opciones para tomar una decisi\u00f3n informada en tu caso. Llame hoy mismo al Grupo Legal Flaxman para hablar con un abogado calificado de Florida del Sur que sepa escuchar y pueda ayudarle a comprender sus opciones. Tu consulta inicial es gratuita y sin compromiso.<\/p>\n<p>El Grupo Legal Flaxman se enorgullece de formar parte de la comunidad de Miami, con oficinas en la Suite 400 del 6303 Blue Lagoon Drive en Miami. Puedes ponerte en contacto con nuestro despacho llamando al (305) 621-0099. <a href=\"contacta con nosotros.html\">Llame hoy mismo<\/a> para programar una consulta gratuita sobre accidentes y hablar sobre su caso.<\/p>\n<\/div>\n<div class=\"subpageslist\"><strong class=\"heading4 widget-title\"><a href=\"miami-accidentes-de-una-moto.html\">Accidentes de una sola bicicleta<\/a><\/strong> <strong class=\"heading4 widget-title\"><a href=\"miami-accidentes-de-motocicleta-de-visibilidad-limitada.html\">Visibilidad limitada<\/a><\/strong> <strong class=\"heading4 widget-title\"><a href=\"miami-perder-control-en-giros.html\">P\u00e9rdida de control en giros<\/a><\/strong> <strong class=\"heading4 widget-title\"><a href=\"accidentes de moto en miami.html\">Accidentes por maniobrabilidad<\/a><\/strong><\/div>\n<\/div>\n","protected":false},"excerpt":{"rendered":"<p>Sin honorarios a menos que ganemos. Llama al 866-352-9626 para una &#8230; <\/p>\n","protected":false},"author":3,"featured_media":0,"parent":0,"menu_order":0,"comment_status":"closed","ping_status":"closed","template":"template-practice-areas.php","meta":{"footnotes":""},"class_list":["post-22229","page","type-page","status-publish","hentry"],"featured_image_src":null,"featured_image_src_square":null,"_links":{"self":[{"href":"https:\/\/flaxmanlaw.com\/es\/wp-json\/wp\/v2\/pages\/22229","targetHints":{"allow":["GET"]}}],"collection":[{"href":"https:\/\/flaxmanlaw.com\/es\/wp-json\/wp\/v2\/pages"}],"about":[{"href":"https:\/\/flaxmanlaw.com\/es\/wp-json\/wp\/v2\/types\/page"}],"author":[{"embeddable":true,"href":"https:\/\/flaxmanlaw.com\/es\/wp-json\/wp\/v2\/users\/3"}],"replies":[{"embeddable":true,"href":"https:\/\/flaxmanlaw.com\/es\/wp-json\/wp\/v2\/comments?post=22229"}],"version-history":[{"count":0,"href":"https:\/\/flaxmanlaw.com\/es\/wp-json\/wp\/v2\/pages\/22229\/revisions"}],"wp:attachment":[{"href":"https:\/\/flaxmanlaw.com\/es\/wp-json\/wp\/v2\/media?parent=22229"}],"curies":[{"name":"wp","href":"https:\/\/api.w.org\/{rel}","templated":true}]}}