{"id":22232,"date":"2024-11-18T12:44:42","date_gmt":"2024-11-18T12:44:42","guid":{"rendered":"https:\/\/flaxmanlaw.wpenginepowered.com\/negligencia-medica-en-miami-abogados-de-abuso-en-residencias-de-ancianos-del-condado-de-miami-dade\/"},"modified":"2024-11-18T12:44:42","modified_gmt":"2024-11-18T12:44:42","slug":"negligencia-medica-en-miami-abogados-de-abuso-en-residencias-de-ancianos-del-condado-de-miami-dade","status":"publish","type":"page","link":"https:\/\/flaxmanlaw.com\/es\/negligencia-medica-en-miami-abogados-de-abuso-en-residencias-de-ancianos-del-condado-de-miami-dade\/","title":{"rendered":"Negligencia m\u00e9dica en Miami | Abogados de abuso en residencias de ancianos del condado de Miami-Dade"},"content":{"rendered":"<div class=\"bodytext\">\n<h2>Negligencia m\u00e9dica en Miami<\/h1><\/h2>\n<div class=\"description\">\n<p>La negligencia m\u00e9dica y la mala praxis m\u00e9dica en Miami y Florida pueden provocar afecciones graves e incluso potencialmente mortales. En algunos casos, los pacientes no reciben la atenci\u00f3n, las pruebas diagn\u00f3sticas o el tratamiento adecuados a tiempo y, como consecuencia, pueden sufrir lesiones o complicaciones potencialmente mortales. En algunos casos, los pacientes mueren porque la negligencia m\u00e9dica provoca infecciones o complicaciones graves.  <\/p>\n<p>En todos los casos en que se produce una negligencia m\u00e9dica o una mala praxis m\u00e9dica comunitaria, es importante obtener respuestas y averiguar qu\u00e9 sali\u00f3 mal. Si usted tiene una demanda legal, puede ser importante presentar esa demanda legal con el fin de responsabilizar a las partes implicadas para asegurar que otros no resulten lesionados de manera similar. A los abogados del Grupo Legal Flaxman les gustar\u00eda invitarte a revisar tu situaci\u00f3n con uno de nuestros abogados de lesiones personales. Podemos ayudarte a entender si tienes una demanda y podemos ayudarte a explorar todos tus recursos y opciones legales.   <\/p>\n<p><strong class=\"heading4\">\u00bfQu\u00e9 es la negligencia m\u00e9dica en Miami y Florida?<\/strong><\/p>\n<p>La negligencia m\u00e9dica puede adoptar diversas formas:<\/p>\n<ul class=\"no-spacing-list\">\n<li>Sobre medicaci\u00f3n<\/li>\n<li>Bajo medicaci\u00f3n<\/li>\n<li>Denegaci\u00f3n de servicios m\u00e9dicos a una persona enferma<\/li>\n<li>Medicaci\u00f3n incorrecta o mal programada<\/li>\n<li>No suministrar a un paciente o residente la medicaci\u00f3n prescrita por un m\u00e9dico<\/li>\n<\/ul>\n<p>En muchos casos, la negligencia m\u00e9dica puede tener consecuencias nefastas. Alguien que tenga una enfermedad grave y no reciba la medicaci\u00f3n que necesita a tiempo y en el m\u00e9todo prescrito puede sufrir graves complicaciones. Una persona sobremedicada tambi\u00e9n puede desarrollar interacciones medicamentosas graves y otros problemas que pueden provocar lesiones y afecciones devastadoras.  <\/p>\n<p><strong class=\"heading4\">Los efectos de la negligencia m\u00e9dica pueden ser graves<\/strong><\/p>\n<p>La negligencia m\u00e9dica puede tener consecuencias nefastas para los pacientes con enfermedades graves:<\/p>\n<ul>\n<li>Un paciente con diabetes puede entrar en shock o coma si la medicaci\u00f3n se administra incorrectamente<\/li>\n<li>Un paciente con hipertensi\u00f3n o colesterol puede sufrir un derrame cerebral o un infarto de miocardio si no recibe el tratamiento correcto para su enfermedad<\/li>\n<li>Un paciente con una caries dental o una infecci\u00f3n puede desarrollar una infecci\u00f3n grave potencialmente mortal conocida como sepsis si no recibe los cuidados adecuados<\/li>\n<li>Un paciente que se ha sometido a un tratamiento m\u00e9dico grave o a una intervenci\u00f3n quir\u00fargica puede sufrir una infecci\u00f3n o incluso lesiones mortales si no recibe los cuidados postoperatorios adecuados<\/li>\n<li>Un paciente con un c\u00e1ncer no detectado puede ser incapaz de tratarlo con \u00e9xito si la enfermedad no se detecta o trata a tiempo<\/li>\n<li>Un paciente con co\u00e1gulos sangu\u00edneos puede perder una pierna o morir si el co\u00e1gulo sangu\u00edneo no se detecta y se trata a tiempo<\/li>\n<li>Un paciente con apendicitis puede sufrir un accidente mortal si no se le lleva inmediatamente a urgencias<\/li>\n<li>Un paciente con dolores tor\u00e1cicos u otros s\u00edntomas graves puede sufrir un infarto mortal u otra lesi\u00f3n mortal si no se le lleva r\u00e1pidamente a urgencias<\/li>\n<li>Un paciente con un hueso roto puede sufrir una incapacidad permanente o incluso sucumbir mortalmente si no recibe el tratamiento m\u00e9dico adecuado<\/li>\n<\/ul>\n<p>El Grupo Legal Flaxman ofrece una representaci\u00f3n compasiva y dedicada a las familias que han sufrido negligencia y abuso en asilos de ancianos y otras formas de negligencia m\u00e9dica en todo Florida del Sur. Si usted cree que puede tener una demanda o tiene preguntas y preocupaciones sobre su situaci\u00f3n, <a href=\"contacta con nosotros.html\">contacte hoy mismo al Grupo Legal Flaxman<\/a> para recibir una evaluaci\u00f3n gratuita de su caso. <\/p>\n<\/p><\/div>\n<\/p><\/div>\n","protected":false},"excerpt":{"rendered":"<p>Sin honorarios a menos que ganemos. Llama al 866-352-9626 para una &#8230; <\/p>\n","protected":false},"author":3,"featured_media":0,"parent":0,"menu_order":0,"comment_status":"closed","ping_status":"closed","template":"template-practice-areas.php","meta":{"footnotes":""},"class_list":["post-22232","page","type-page","status-publish","hentry"],"featured_image_src":null,"featured_image_src_square":null,"_links":{"self":[{"href":"https:\/\/flaxmanlaw.com\/es\/wp-json\/wp\/v2\/pages\/22232","targetHints":{"allow":["GET"]}}],"collection":[{"href":"https:\/\/flaxmanlaw.com\/es\/wp-json\/wp\/v2\/pages"}],"about":[{"href":"https:\/\/flaxmanlaw.com\/es\/wp-json\/wp\/v2\/types\/page"}],"author":[{"embeddable":true,"href":"https:\/\/flaxmanlaw.com\/es\/wp-json\/wp\/v2\/users\/3"}],"replies":[{"embeddable":true,"href":"https:\/\/flaxmanlaw.com\/es\/wp-json\/wp\/v2\/comments?post=22232"}],"version-history":[{"count":0,"href":"https:\/\/flaxmanlaw.com\/es\/wp-json\/wp\/v2\/pages\/22232\/revisions"}],"wp:attachment":[{"href":"https:\/\/flaxmanlaw.com\/es\/wp-json\/wp\/v2\/media?parent=22232"}],"curies":[{"name":"wp","href":"https:\/\/api.w.org\/{rel}","templated":true}]}}