{"id":22233,"date":"2024-11-18T12:44:42","date_gmt":"2024-11-18T12:44:42","guid":{"rendered":"https:\/\/flaxmanlaw.wpenginepowered.com\/muerte-por-negligencia-en-miami-lakes-abogados-de-lesiones-personales-en-el-condado-de-miami-dade\/"},"modified":"2024-11-18T12:44:42","modified_gmt":"2024-11-18T12:44:42","slug":"muerte-por-negligencia-en-miami-lakes-abogados-de-lesiones-personales-en-el-condado-de-miami-dade","status":"publish","type":"page","link":"https:\/\/flaxmanlaw.com\/es\/muerte-por-negligencia-en-miami-lakes-abogados-de-lesiones-personales-en-el-condado-de-miami-dade\/","title":{"rendered":"Muerte por negligencia en Miami Lakes | Abogados de lesiones personales en el condado de Miami-Dade"},"content":{"rendered":"<div class=\"bodytext\">\n<h2>Muerte por negligencia en Miami Lakes<\/h1><\/h2>\n<div class=\"description\">\n<p>Miami Lakes, Florida, es conocida como un lugar maravilloso para visitar y vivir, en parte porque est\u00e1 cerca de muchas de las atracciones y comodidades del sur de Florida, pero conserva todas las ventajas de una comunidad m\u00e1s peque\u00f1a. Miami Lakes es famosa por sus grandes parcelas, hermosas casas, \u00edndices de delincuencia muy bajos, espacios verdes y calles limpias. En realidad un suburbio de Miami, Miami Lakes se desarroll\u00f3 en la d\u00e9cada de 1960 en terrenos que hab\u00edan sido propiedad del senador del estado de Florida Ernest \u00abCap\u00bb Graham. En la actualidad, Miami Lakes cuenta con atracciones asombrosas, as\u00ed como restaurantes y tiendas estupendas. Es un lugar estupendo para visitar o vivir.    <\/p>\n<p>Si usted vive en Miami Lakes y cree que puede tener una demanda por homicidio culposo en Miami Lakes, contacte al Grupo Legal Flaxman si desea hablar con un abogado experimentado. <a href=\"contacta con nosotros.html\">Contactar<\/a>al Grupo Legal Flaxman es f\u00e1cil. El Grupo Legal Flaxman mantiene tres oficinas, incluyendo oficinas en Miami, Hollywood y Homestead. El Grupo Legal Flaxman tambi\u00e9n cuenta con un n\u00famero telef\u00f3nico que atiende las 24 horas del d\u00eda, siete d\u00edas a la semana, para que usted siempre pueda contactar a un profesional comprensivo para hablar sobre su demanda y para programar una consulta gratuita sobre accidentes.  <\/p>\n<p><a href=\"index.html\">El Grupo Legal Flaxman<\/a> puede proporcionarle asesor\u00eda gratuita sobre c\u00f3mo puede proteger sus derechos despu\u00e9s de un accidente grave, como un accidente de tr\u00e1fico en Miami Lakes, un accidente mar\u00edtimo, o un accidente laboral. S\u00f3lo <a href=\"contacta con nosotros.html\">contacte<\/a> hoy mismo al Grupo Legal Flaxman para programar una consulta gratuita y confidencial para hablar sobre su caso. La consulta es sin compromiso, as\u00ed que no hay riesgo alguno para usted.  <\/p>\n<p>Una muerte en la familia causa una p\u00e9rdida devastadora y tambi\u00e9n puede afectar grave y negativamente a la econom\u00eda familiar. Aunque es muy poco lo que puede hacerse para compensar la p\u00e9rdida de un ser querido, buscar una indemnizaci\u00f3n justa por la p\u00e9rdida puede ayudar a introducir cambios en la sociedad que creen nuevas normas de seguridad. En muchos casos, se han implantado normas de seguridad porque una familia en duelo ha tenido el valor suficiente para buscar justicia. Buscar asesoramiento jur\u00eddico y un recurso legal tambi\u00e9n puede garantizar que t\u00fa y tu familia dispong\u00e1is de recursos econ\u00f3micos para empezar a sanar juntos. Si el ser querido perdido ten\u00eda hijos, buscar una indemnizaci\u00f3n econ\u00f3mica justa puede garantizar que esos hijos se enfrenten a un futuro brillante y dispongan de recursos econ\u00f3micos para perseguir sus sue\u00f1os.    <\/p>\n<p>Tu caso <a href=\"muerte por negligencia.html\">de muerte por negligencia<\/a> en Miami Lakes puede valer m\u00e1s de lo que crees y conseguir una indemnizaci\u00f3n justa puede ser m\u00e1s importante de lo que reconoces para iniciar el proceso de curaci\u00f3n. Con una indemnizaci\u00f3n justa, usted puede ser capaz de pagar la atenci\u00f3n m\u00e9dica y sanitaria de calidad que necesita para recuperarse, y puede ser capaz de pagar los gastos m\u00e9dicos finales, as\u00ed como los gastos cotidianos que necesita pagar a medida que avanza en el proceso de curaci\u00f3n. <a href=\"contacta con nosotros.html\">Contacta<\/a> hoy mismo <a href=\"contacta con nosotros.html\">con<\/a> el compasivo y experimentado equipo legal del Grupo Legal Flaxman para concertar una consulta gratuita sobre accidentes y hablar sobre tu situaci\u00f3n espec\u00edfica y tus derechos. Tu consulta gratuita sobre accidentes podr\u00eda ser el primer paso que des en el camino hacia la recuperaci\u00f3n.  <\/p>\n<\/p><\/div>\n<\/p><\/div>\n","protected":false},"excerpt":{"rendered":"<p>Sin honorarios a menos que ganemos. Llama al 866-352-9626 para una &#8230; <\/p>\n","protected":false},"author":3,"featured_media":0,"parent":0,"menu_order":0,"comment_status":"closed","ping_status":"closed","template":"template-practice-areas.php","meta":{"footnotes":""},"class_list":["post-22233","page","type-page","status-publish","hentry"],"featured_image_src":null,"featured_image_src_square":null,"_links":{"self":[{"href":"https:\/\/flaxmanlaw.com\/es\/wp-json\/wp\/v2\/pages\/22233","targetHints":{"allow":["GET"]}}],"collection":[{"href":"https:\/\/flaxmanlaw.com\/es\/wp-json\/wp\/v2\/pages"}],"about":[{"href":"https:\/\/flaxmanlaw.com\/es\/wp-json\/wp\/v2\/types\/page"}],"author":[{"embeddable":true,"href":"https:\/\/flaxmanlaw.com\/es\/wp-json\/wp\/v2\/users\/3"}],"replies":[{"embeddable":true,"href":"https:\/\/flaxmanlaw.com\/es\/wp-json\/wp\/v2\/comments?post=22233"}],"version-history":[{"count":0,"href":"https:\/\/flaxmanlaw.com\/es\/wp-json\/wp\/v2\/pages\/22233\/revisions"}],"wp:attachment":[{"href":"https:\/\/flaxmanlaw.com\/es\/wp-json\/wp\/v2\/media?parent=22233"}],"curies":[{"name":"wp","href":"https:\/\/api.w.org\/{rel}","templated":true}]}}