{"id":22235,"date":"2024-11-18T12:44:42","date_gmt":"2024-11-18T12:44:42","guid":{"rendered":"https:\/\/flaxmanlaw.wpenginepowered.com\/lesiones-laborales-miami-lakes-abogados-compensacion-laboral-condado-miami-dade\/"},"modified":"2024-11-18T12:44:42","modified_gmt":"2024-11-18T12:44:42","slug":"lesiones-laborales-miami-lakes-abogados-compensacion-laboral-condado-miami-dade","status":"publish","type":"page","link":"https:\/\/flaxmanlaw.com\/es\/lesiones-laborales-miami-lakes-abogados-compensacion-laboral-condado-miami-dade\/","title":{"rendered":"Lesiones Laborales Miami Lakes | Abogados Compensaci\u00f3n Laboral Condado Miami-Dade"},"content":{"rendered":"<div class=\"bodytext\">\n<h2>Lesiones laborales en Miami Lakes<\/h1><\/h2>\n<div class=\"description\">\n<p>Miami Lakes, en el condado de Miami-Dade de Florida, es un suburbio de Miami. Con una poblaci\u00f3n de m\u00e1s de 22.600 habitantes en 2004, la ciudad se ha ido expandiendo y creciendo, atrayendo a nuevos residentes por su proximidad a Miami y sus tranquilas calles. Los terrenos donde se asienta la comunidad eran originalmente propiedad del senador Ernest Graham. Desde principios de la d\u00e9cada de 1960, la Graham Company (entonces conocida como Sengra) ha estado desarrollando la zona. El desarrollo contin\u00faa en la actualidad.    <\/p>\n<p>Como cualquier otra comunidad, Miami Lakes ve su cuota de lesiones, incluyendo lesiones laborales. El equipo jur\u00eddico del Grupo Legal Flaxman ha trabajado extensamente con v\u00edctimas de lesiones personales que han sufrido lesiones en accidentes de oficina, incidentes de violencia en el lugar de trabajo, y en accidentes en sitios de construcci\u00f3n en Miami Lakes y otras comunidades. No importa d\u00f3nde trabajes, mereces un lugar de trabajo seguro. Si has resultado lesionado en el trabajo, siempre puedes <a href=\"contacta con nosotros.html\">contactar<\/a> al Grupo Legal Flaxman para recibir asesor\u00eda legal y la revisi\u00f3n de tu caso.   <\/p>\n<p><strong class=\"heading4\">Qu\u00e9 hacer si te lesionas en el trabajo en Miami Lakes o en el sur de Florida<\/strong><\/p>\n<p>Si sufres alguna lesi\u00f3n en el lugar de trabajo, es importante que sigas los siguientes pasos:<\/p>\n<ol>\n<li>Busca ayuda m\u00e9dica. Aunque creas que no has sufrido una lesi\u00f3n grave, es importante que te examine un m\u00e9dico. Algunas lesiones que no producen s\u00edntomas de inmediato siguen siendo muy graves. Algunos pacientes con lesiones en la cabeza potencialmente mortales en Miami Lakes, por ejemplo, sufren lesiones graves o incluso mueren por no recibir ayuda m\u00e9dica a tiempo. En muchos casos, no buscan ayuda m\u00e9dica porque no presentan s\u00edntomas aparentes. Las lesiones de tejidos blandos y otros tipos de lesiones tambi\u00e9n pueden no presentar s\u00edntomas evidentes, por lo que es importante obtener una opini\u00f3n m\u00e9dica.     <\/li>\n<li>Informa inmediatamente de tus lesiones a tu supervisor e inicia el proceso de reclamaci\u00f3n de indemnizaci\u00f3n por accidente laboral si la necesitas. Retrasar la notificaci\u00f3n de tus lesiones puede dificultar la prueba de tu lesi\u00f3n y complicar tu reclamaci\u00f3n. <\/li>\n<li>Busca asesoramiento jur\u00eddico. El proceso de reclamaci\u00f3n de indemnizaci\u00f3n por accidente laboral en Miami Lakes puede ser complejo. En algunos casos, los trabajadores tienen dificultades para obtener una indemnizaci\u00f3n justa por sus lesiones y por los salarios perdidos. Un abogado de lesiones personales en Miami Lakes o en tu comunidad de Florida puede ayudarte a explorar todas tus opciones legales y puede revisar el proceso contigo.   <\/li>\n<\/ol>\n<p><strong class=\"heading4\">Hay ayuda disponible para las lesiones laborales<\/strong><\/p>\n<p>El sitio web <a href=\"index.html\">del Grupo Legal Flaxman<\/a> es un poderoso recurso sobre lesiones laborales. El equipo jur\u00eddico del Grupo Legal Flaxman ha estado trabajando en el \u00e1rea de Florida del Sur durante m\u00e1s de 25 a\u00f1os y ya ha recuperado m\u00e1s de 25 millones de d\u00f3lares en indemnizaciones a favor de miles de v\u00edctimas de lesiones laborales y personales. Cuentan con una red de profesionales y expertos a los que recurrir. Adem\u00e1s, el sitio web y los blogs del Grupo Legal Flaxman proporcionan abundante informaci\u00f3n sobre las leyes de Florida, los derechos personales, y las opciones legales disponibles para las v\u00edctimas de lesiones personales. Si desea saber m\u00e1s sobre lo que el Grupo Legal Flaxman puede hacer por usted, contacte hoy mismo al Grupo Legal Flaxman para recibir una evaluaci\u00f3n gratuita de su caso.    <\/p>\n<p>Usted merece un abogado de lesiones personales bien informado y dedicado si ha resultado lesionado en un accidente laboral. Charles Flaxman y el resto del personal jur\u00eddico del Grupo Legal Flaxman han dedicado sus vidas a ayudar a v\u00edctimas de lesiones personales y de lesiones laborales en todo Florida del Sur. Usted puede contactar hoy mismo al Grupo Legal Flaxman para programar una consulta gratuita sobre accidentes y hablar sobre su situaci\u00f3n.  <\/p>\n<\/p><\/div>\n<\/p><\/div>\n","protected":false},"excerpt":{"rendered":"<p>Sin honorarios a menos que ganemos. Llama al 866-352-9626 para una &#8230; <\/p>\n","protected":false},"author":3,"featured_media":0,"parent":0,"menu_order":0,"comment_status":"closed","ping_status":"closed","template":"template-practice-areas.php","meta":{"footnotes":""},"class_list":["post-22235","page","type-page","status-publish","hentry"],"featured_image_src":null,"featured_image_src_square":null,"_links":{"self":[{"href":"https:\/\/flaxmanlaw.com\/es\/wp-json\/wp\/v2\/pages\/22235","targetHints":{"allow":["GET"]}}],"collection":[{"href":"https:\/\/flaxmanlaw.com\/es\/wp-json\/wp\/v2\/pages"}],"about":[{"href":"https:\/\/flaxmanlaw.com\/es\/wp-json\/wp\/v2\/types\/page"}],"author":[{"embeddable":true,"href":"https:\/\/flaxmanlaw.com\/es\/wp-json\/wp\/v2\/users\/3"}],"replies":[{"embeddable":true,"href":"https:\/\/flaxmanlaw.com\/es\/wp-json\/wp\/v2\/comments?post=22235"}],"version-history":[{"count":0,"href":"https:\/\/flaxmanlaw.com\/es\/wp-json\/wp\/v2\/pages\/22235\/revisions"}],"wp:attachment":[{"href":"https:\/\/flaxmanlaw.com\/es\/wp-json\/wp\/v2\/media?parent=22235"}],"curies":[{"name":"wp","href":"https:\/\/api.w.org\/{rel}","templated":true}]}}