{"id":22236,"date":"2024-11-18T12:44:42","date_gmt":"2024-11-18T12:44:42","guid":{"rendered":"https:\/\/flaxmanlaw.wpenginepowered.com\/fallo-mecanico-miami-abogados-de-accidentes-de-coche-del-condado-de-miami-dade\/"},"modified":"2024-11-18T12:44:42","modified_gmt":"2024-11-18T12:44:42","slug":"fallo-mecanico-miami-abogados-de-accidentes-de-coche-del-condado-de-miami-dade","status":"publish","type":"page","link":"https:\/\/flaxmanlaw.com\/es\/fallo-mecanico-miami-abogados-de-accidentes-de-coche-del-condado-de-miami-dade\/","title":{"rendered":"Fallo Mec\u00e1nico Miami | Abogados de Accidentes de Coche del Condado de Miami-Dade"},"content":{"rendered":"<div class=\"bodytext\">\n<h2>Fallo mec\u00e1nico en Miami<\/h1><\/h2>\n<div class=\"description\">\n<p>Puede ser especialmente frustrante sufrir lesiones en un accidente de coche causado por un fallo mec\u00e1nico. Al fin y al cabo, los fallos mec\u00e1nicos suelen poder evitarse con la diligencia debida por parte de los fabricantes y dise\u00f1adores de veh\u00edculos. Si eres comprador o propietario de un coche en Miami u otra comunidad, por supuesto esperas que el dinero que tanto te ha costado ganar se destine a un veh\u00edculo seguro. Por desgracia, todos los a\u00f1os hay personas que resultan gravemente heridas o mueren debido a las malas pr\u00e1cticas de fabricaci\u00f3n y al mal dise\u00f1o de los autom\u00f3viles. Si esto te ha sucedido, siempre puedes ponerte en contacto con el Grupo Legal Flaxman para programar una evaluaci\u00f3n gratuita de tu caso.    <\/p>\n<p><strong class=\"heading4\">\u00bfQui\u00e9n es responsable de tu accidente de tr\u00e1fico?<\/strong><\/p>\n<p>Decidir la responsabilidad en un caso de <a href=\"accidentes-coche.html\">accidente de coche<\/a> que implique un fallo mec\u00e1nico puede ser muy complicado. Los fabricantes de autom\u00f3viles y otros pueden tratar de se\u00f1alar con el dedo y alegar que un conductor fue negligente en el mantenimiento del veh\u00edculo o que un mec\u00e1nico u otra parte realiz\u00f3 un mantenimiento incorrecto del veh\u00edculo. Los concesionarios y los mec\u00e1nicos pueden intentar culpar al fabricante del coche. Mientras tanto, el conductor del coche se queda con considerables facturas m\u00e9dicas, el dolor de una lesi\u00f3n grave y la frustraci\u00f3n del caso.   <\/p>\n<p>En estos casos, es importante consultar a un abogado de lesiones personales en Miami o en tu comunidad. Un buen abogado de lesiones personales puede investigar la causa de tu colisi\u00f3n y ayudar a encontrar a las partes responsables en tu situaci\u00f3n. En tu caso, puede haber varias partes responsables implicadas, y esto puede, en algunos casos, mejorar tus posibilidades de obtener una indemnizaci\u00f3n justa por tus lesiones.  <\/p>\n<p><strong class=\"heading4\">Probar un fallo mec\u00e1nico tras tu accidente de tr\u00e1fico<\/strong><\/p>\n<p>En muchos casos, es dif\u00edcil saber si tus lesiones en un accidente de coche fueron causadas en parte por un fallo mec\u00e1nico o si el fallo mec\u00e1nico desempe\u00f1\u00f3 un papel en la causa de la colisi\u00f3n en primer lugar. Para determinarlo, a menudo es necesario trabajar con expertos en reconstrucci\u00f3n de accidentes, ingenieros, testigos, investigadores privados y, de hecho, todo un equipo de profesionales. <\/p>\n<p>Los investigadores privados tienen acceso a este tipo de redes y recursos para poder investigar a fondo todos los detalles de un accidente. Tambi\u00e9n pueden probar piezas concretas del veh\u00edculo e incluso pueden obtener informaci\u00f3n de otros propietarios de coches para ver si otros han sufrido lesiones similares por un problema mec\u00e1nico del modelo de coche. <\/p>\n<p>Una vez concluida la investigaci\u00f3n, los abogados de lesiones personales pueden perseguir a todas las partes responsables -ya sean fabricantes, concesionarios de autom\u00f3viles u otros- en una demanda por lesiones personales o responsabilidad por productos defectuosos en Miami. A menudo puedes trabajar con un abogado de lesiones personales en Miami para obtener algunas respuestas. <\/p>\n<p>\u00bfTe gustar\u00eda hablar con un abogado de accidentes automovil\u00edsticos sobre tu caso? <a href=\"contacta con nosotros.html\">Contacta<\/a> hoy mismo <a href=\"contacta con nosotros.html\">con<\/a> el Grupo Legal Flaxman para obtener respuestas a tus preguntas y averiguar si tienes un caso. Los abogados del <a href=\"index.html\">Grupo Legal<\/a> Flaxman cuentan con m\u00e1s de seis d\u00e9cadas de experiencia en casos de lesiones personales y accidentes de tr\u00e1fico y pueden ayudarte a comprender tus opciones legales antes de que tomes cualquier decisi\u00f3n final en tu caso. <\/p>\n<\/p><\/div>\n<\/p><\/div>\n","protected":false},"excerpt":{"rendered":"<p>Sin honorarios a menos que ganemos. Llama al 866-352-9626 para una &#8230; <\/p>\n","protected":false},"author":3,"featured_media":0,"parent":0,"menu_order":0,"comment_status":"closed","ping_status":"closed","template":"template-practice-areas.php","meta":{"footnotes":""},"class_list":["post-22236","page","type-page","status-publish","hentry"],"featured_image_src":null,"featured_image_src_square":null,"_links":{"self":[{"href":"https:\/\/flaxmanlaw.com\/es\/wp-json\/wp\/v2\/pages\/22236","targetHints":{"allow":["GET"]}}],"collection":[{"href":"https:\/\/flaxmanlaw.com\/es\/wp-json\/wp\/v2\/pages"}],"about":[{"href":"https:\/\/flaxmanlaw.com\/es\/wp-json\/wp\/v2\/types\/page"}],"author":[{"embeddable":true,"href":"https:\/\/flaxmanlaw.com\/es\/wp-json\/wp\/v2\/users\/3"}],"replies":[{"embeddable":true,"href":"https:\/\/flaxmanlaw.com\/es\/wp-json\/wp\/v2\/comments?post=22236"}],"version-history":[{"count":0,"href":"https:\/\/flaxmanlaw.com\/es\/wp-json\/wp\/v2\/pages\/22236\/revisions"}],"wp:attachment":[{"href":"https:\/\/flaxmanlaw.com\/es\/wp-json\/wp\/v2\/media?parent=22236"}],"curies":[{"name":"wp","href":"https:\/\/api.w.org\/{rel}","templated":true}]}}