{"id":22237,"date":"2024-11-18T12:44:42","date_gmt":"2024-11-18T12:44:42","guid":{"rendered":"https:\/\/flaxmanlaw.wpenginepowered.com\/accidentes-por-cambio-imprudente-de-carril-en-miami-lakes-abogados-de-accidentes-de-trafico-en-el-condado-de-miami-dade\/"},"modified":"2024-11-18T12:44:42","modified_gmt":"2024-11-18T12:44:42","slug":"accidentes-por-cambio-imprudente-de-carril-en-miami-lakes-abogados-de-accidentes-de-trafico-en-el-condado-de-miami-dade","status":"publish","type":"page","link":"https:\/\/flaxmanlaw.com\/es\/accidentes-por-cambio-imprudente-de-carril-en-miami-lakes-abogados-de-accidentes-de-trafico-en-el-condado-de-miami-dade\/","title":{"rendered":"Accidentes por cambio imprudente de carril en Miami Lakes | Abogados de accidentes de tr\u00e1fico en el condado de Miami-Dade"},"content":{"rendered":"<div class=\"bodytext\">\n<h2>Accidentes por Cambio de Carril Inseguro en Miami Lakes<\/h1><\/h2>\n<div class=\"description\">\n<p>Las colisiones por cambio de carril ocurren todos los d\u00edas y en muchos casos son completamente evitables. Se espera que los automovilistas tomen precauciones sencillas al cambiar de carril para adelantar a un veh\u00edculo o para situarse en el carril correcto para girar. Cuando los conductores no lo hacen, pueden provocar accidentes de tr\u00e1fico graves e incluso mortales en Miami Lakes o en sus comunidades.  <\/p>\n<p>Los abogados del Grupo Legal Flaxman han ayudado a miles de v\u00edctimas de lesiones personales y de accidentes por cambio inseguro de carril en todo Florida del Sur. Conocen de primera mano la devastaci\u00f3n que a menudo puede seguir a una colisi\u00f3n lateral grave, un choque frontal u otro accidente de tr\u00e1fico. Si usted desea asesor\u00eda legal compasiva y profesional de un equipo legal de servicios integrales, contacte hoy mismo al Grupo Legal Flaxman para una consulta gratuita de su caso.  <\/p>\n<p><strong class=\"heading4\">Ejemplos de cambios de carril inseguros en Miami Lakes y Florida<\/strong><\/p>\n<p>Hay muchas cosas que pueden hacer los conductores que pueden hacer peligrosos los cambios de carril, entre ellas:<\/p>\n<ul>\n<li>No controlar el tr\u00e1fico en sentido contrario<\/li>\n<li>Intentar cambiar de carril donde no est\u00e1 permitido hacerlo<\/li>\n<li>Intentar rodear a un coche en un arc\u00e9n u otra zona donde no est\u00e9 permitido adelantar<\/li>\n<li>No se\u00f1alizar<\/li>\n<li>No comprobar los \u00e1ngulos muertos antes de cambiar de carril<\/li>\n<li>Hacer un cambio de carril demasiado r\u00e1pido o demasiado despacio para el flujo del tr\u00e1fico<\/li>\n<li>Hacer un cambio de carril demasiado cerca de una intersecci\u00f3n de seguridad<\/li>\n<\/ul>\n<p><strong class=\"heading4\">La realidad econ\u00f3mica de los accidentes por cambio de carril<\/strong><\/p>\n<p>Los accidentes de tr\u00e1fico, como los de cambio de carril, provocan lesiones graves y a menudo devastadoras, como quemaduras, traumatismos craneoencef\u00e1licos, lesiones medulares y otras. En algunos casos, provocan la muerte de un ser querido. Por supuesto, en esos momentos es normal que las familias se centren en su duelo y en el dolor y sufrimiento sufridos en el accidente de tr\u00e1fico. Sin embargo, muy pronto se dar\u00e1 a conocer la realidad econ\u00f3mica de la colisi\u00f3n de tr\u00e1fico.   <\/p>\n<p>Estos tipos de colisiones en carretera suelen provocar graves dificultades econ\u00f3micas. Si una familia ha perdido a un ser querido, por ejemplo, puede tener un perceptor de ingresos menos en el hogar y enfrentarse a considerables gastos m\u00e9dicos finales, gastos conmemorativos, etc. Adem\u00e1s, los familiares que hayan resultado gravemente heridos en el accidente pueden estar incapacitados para trabajar durante semanas o meses. Es posible que nunca puedan reincorporarse a sus carreras debido a las lesiones sufridas.   <\/p>\n<p>Este tipo de situaci\u00f3n econ\u00f3mica, en la que las familias tienen facturas m\u00e9dicas crecientes por un lado e ingresos decrecientes por otro, puede provocar dificultades econ\u00f3micas, quiebra, desahucio, ruina de la calificaci\u00f3n crediticia y otros problemas graves. Muchas familias creen que la cobertura m\u00e9dica o su seguro de autom\u00f3vil les ayudar\u00e1n a pagar los gastos, pero desgraciadamente con demasiada frecuencia resulta que no es as\u00ed. Las compa\u00f1\u00edas de seguros pueden infravalorar las reclamaciones o negar que determinados gastos est\u00e9n cubiertos por una p\u00f3liza.  <\/p>\n<p>Si desea hablar con un abogado de lesiones personales hoy mismo, <a href=\"contacta con nosotros.html\">contacte al Grupo Legal Flaxman<\/a> para una consulta gratuita de su caso. Su consulta inicial es absolutamente confidencial y sin compromiso, por lo que no arriesga nada al obtener una valoraci\u00f3n legal honesta y exhaustiva de su situaci\u00f3n. Si desea saber si tiene una demanda legal o le gustar\u00eda conocer la fuerza potencial o el valor de su demanda, contacte al Grupo Legal Flaxman para su cita gratuita.  <\/p>\n<\/p><\/div>\n<\/p><\/div>\n","protected":false},"excerpt":{"rendered":"<p>Sin honorarios a menos que ganemos. Llama al 866-352-9626 para una &#8230; <\/p>\n","protected":false},"author":3,"featured_media":0,"parent":0,"menu_order":0,"comment_status":"closed","ping_status":"closed","template":"template-practice-areas.php","meta":{"footnotes":""},"class_list":["post-22237","page","type-page","status-publish","hentry"],"featured_image_src":null,"featured_image_src_square":null,"_links":{"self":[{"href":"https:\/\/flaxmanlaw.com\/es\/wp-json\/wp\/v2\/pages\/22237","targetHints":{"allow":["GET"]}}],"collection":[{"href":"https:\/\/flaxmanlaw.com\/es\/wp-json\/wp\/v2\/pages"}],"about":[{"href":"https:\/\/flaxmanlaw.com\/es\/wp-json\/wp\/v2\/types\/page"}],"author":[{"embeddable":true,"href":"https:\/\/flaxmanlaw.com\/es\/wp-json\/wp\/v2\/users\/3"}],"replies":[{"embeddable":true,"href":"https:\/\/flaxmanlaw.com\/es\/wp-json\/wp\/v2\/comments?post=22237"}],"version-history":[{"count":0,"href":"https:\/\/flaxmanlaw.com\/es\/wp-json\/wp\/v2\/pages\/22237\/revisions"}],"wp:attachment":[{"href":"https:\/\/flaxmanlaw.com\/es\/wp-json\/wp\/v2\/media?parent=22237"}],"curies":[{"name":"wp","href":"https:\/\/api.w.org\/{rel}","templated":true}]}}