{"id":22238,"date":"2024-11-18T12:44:42","date_gmt":"2024-11-18T12:44:42","guid":{"rendered":"https:\/\/flaxmanlaw.wpenginepowered.com\/miami-perder-el-control-en-las-curvas-abogados-de-accidentes-de-motocicleta-del-condado-de-miami-dade\/"},"modified":"2024-11-18T12:44:42","modified_gmt":"2024-11-18T12:44:42","slug":"miami-perder-el-control-en-las-curvas-abogados-de-accidentes-de-motocicleta-del-condado-de-miami-dade","status":"publish","type":"page","link":"https:\/\/flaxmanlaw.com\/es\/miami-perder-el-control-en-las-curvas-abogados-de-accidentes-de-motocicleta-del-condado-de-miami-dade\/","title":{"rendered":"Miami Perder el Control en las Curvas | Abogados de Accidentes de Motocicleta del Condado de Miami-Dade"},"content":{"rendered":"<div class=\"bodytext\">\n<h2>Miami pierde el control en los giros<\/h1><\/h2>\n<div class=\"description\">\n<p>Los motoristas noveles suelen tener problemas con los giros. Al girar, es importante que el motorista reduzca la velocidad y evite utilizar los frenos durante el giro. En el momento de girar, el motorista debe acelerar. Un giro y una frenada mal coordinados pueden hacer que pierdas el control de la moto y provoques un accidente. Por desgracia, en algunos casos los giros mal coordinados son inevitables. Puede que sepas exactamente c\u00f3mo hacer un giro seguro, pero la negligencia de otro conductor o el mal dise\u00f1o de la carretera pueden hacer que frenes bruscamente o pierdas el control.     <\/p>\n<p>Si usted ha resultado lesionado en un accidente de motocicleta en Miami o en Florida, contacte al <a href=\"index.html\">Grupo Legal Flaxman<\/a> al 866-352-9626 para determinar si puede buscar una compensaci\u00f3n. Usted puede tener opciones, como presentar una demanda legal o presentar una reclamaci\u00f3n a trav\u00e9s de su compa\u00f1\u00eda de seguros. Perm\u00edtanos decirle qu\u00e9 opciones tiene en una evaluaci\u00f3n completa y gratuita de su caso.  <\/p>\n<p><strong class=\"heading4\">Presentar una reclamaci\u00f3n al seguro tras un accidente de moto<\/strong><\/p>\n<p>Si te has salido o has perdido el control en una curva, puedes presentar una reclamaci\u00f3n al seguro para pedir una indemnizaci\u00f3n por tus lesiones y da\u00f1os. Florida es un estado sin culpa. Esto significa que, independientemente de qui\u00e9n tenga la culpa del accidente, puedes solicitar una indemnizaci\u00f3n por las facturas m\u00e9dicas y otros gastos. Sin embargo, tambi\u00e9n tienes la opci\u00f3n de presentar una demanda civil contra cualquiera que sea responsable de tus lesiones.   <\/p>\n<p>Ten en cuenta que, aunque tengas un seguro excelente, puedes encontrarte pagando gastos de tu bolsillo. Las compa\u00f1\u00edas de seguros quieren resolver las reclamaciones a bajo coste, y esto puede significar que algunos de tus gastos y da\u00f1os se infravaloren. Adem\u00e1s, algunas aseguradoras pueden intentar denegar tu reclamaci\u00f3n. Por desgracia, debido a la gravedad de las lesiones habituales en los accidentes de moto, a veces surgen dificultades con el seguro.   <\/p>\n<p><strong class=\"heading4\">Buscar asistencia jur\u00eddica tras un accidente de tr\u00e1fico<\/strong><\/p>\n<p>En estas situaciones y en todas las relacionadas con un accidente de tr\u00e1fico en Florida, te conviene consultar a un abogado de lesiones personales. Un abogado de lesiones personales puede examinar tu p\u00f3liza de seguro, cualquier oferta de seguro o de acuerdo, y los detalles de tu caso para darte una evaluaci\u00f3n honesta y completa de tus opciones. Un abogado de lesiones personales tambi\u00e9n puede representarte ante tu compa\u00f1\u00eda de seguros o cualquier parte responsable para conseguir la m\u00e1xima indemnizaci\u00f3n en tu caso.  <\/p>\n<p>Si usted ha resultado lesionado en un choque de motocicleta o en una colisi\u00f3n de tr\u00e1fico en Miami o en cualquier parte de Florida del Sur, <a href=\"contacta con nosotros.html\">contacte<\/a> al Grupo Legal Flaxman en nuestro n\u00famero gratuito 866-352-9626 o a trav\u00e9s de nuestro formulario en l\u00ednea para programar una consulta inicial gratuita. Nuestros abogados cuentan con m\u00e1s de seis d\u00e9cadas de experiencia combinada y estar\u00e1n encantados de reunirse con usted para revisar las opciones que puede tener. Puede que tengas m\u00e1s opciones legales de las que crees y que tu caso valga m\u00e1s de lo que piensas. Obtener informaci\u00f3n y representaci\u00f3n legal ahora puede ser crucial para garantizar que puedas luchar por la justicia y por la cantidad de indemnizaci\u00f3n que la ley de Florida te permita solicitar.   <\/p>\n<\/p><\/div>\n<\/p><\/div>\n","protected":false},"excerpt":{"rendered":"<p>Sin honorarios a menos que ganemos. Llama al 866-352-9626 para una &#8230; <\/p>\n","protected":false},"author":3,"featured_media":0,"parent":0,"menu_order":0,"comment_status":"closed","ping_status":"closed","template":"template-practice-areas.php","meta":{"footnotes":""},"class_list":["post-22238","page","type-page","status-publish","hentry"],"featured_image_src":null,"featured_image_src_square":null,"_links":{"self":[{"href":"https:\/\/flaxmanlaw.com\/es\/wp-json\/wp\/v2\/pages\/22238","targetHints":{"allow":["GET"]}}],"collection":[{"href":"https:\/\/flaxmanlaw.com\/es\/wp-json\/wp\/v2\/pages"}],"about":[{"href":"https:\/\/flaxmanlaw.com\/es\/wp-json\/wp\/v2\/types\/page"}],"author":[{"embeddable":true,"href":"https:\/\/flaxmanlaw.com\/es\/wp-json\/wp\/v2\/users\/3"}],"replies":[{"embeddable":true,"href":"https:\/\/flaxmanlaw.com\/es\/wp-json\/wp\/v2\/comments?post=22238"}],"version-history":[{"count":0,"href":"https:\/\/flaxmanlaw.com\/es\/wp-json\/wp\/v2\/pages\/22238\/revisions"}],"wp:attachment":[{"href":"https:\/\/flaxmanlaw.com\/es\/wp-json\/wp\/v2\/media?parent=22238"}],"curies":[{"name":"wp","href":"https:\/\/api.w.org\/{rel}","templated":true}]}}