{"id":22239,"date":"2024-11-18T12:44:42","date_gmt":"2024-11-18T12:44:42","guid":{"rendered":"https:\/\/flaxmanlaw.wpenginepowered.com\/accidentes-de-una-sola-moto-en-miami-lakes-abogados-de-lesiones-de-motocicleta-del-condado-de-miami-dade\/"},"modified":"2024-11-18T12:44:42","modified_gmt":"2024-11-18T12:44:42","slug":"accidentes-de-una-sola-moto-en-miami-lakes-abogados-de-lesiones-de-motocicleta-del-condado-de-miami-dade","status":"publish","type":"page","link":"https:\/\/flaxmanlaw.com\/es\/accidentes-de-una-sola-moto-en-miami-lakes-abogados-de-lesiones-de-motocicleta-del-condado-de-miami-dade\/","title":{"rendered":"Accidentes de una sola moto en Miami Lakes | Abogados de lesiones de motocicleta del condado de Miami-Dade"},"content":{"rendered":"<div class=\"bodytext\">\n<h2>Accidentes de una sola bicicleta en Miami Lakes<\/h1><\/h2>\n<div class=\"description\">\n<p>Debido al dise\u00f1o de una motocicleta, el veh\u00edculo de dos ruedas es susceptible de ciertos peligros, como el vuelco y el derrape. Incluso los conductores experimentados pueden perder el control en los giros si las condiciones de la carretera son malas o si otro conductor que comparte la carretera es negligente. <\/p>\n<p>Si has resultado herido en una colisi\u00f3n de moto en Miami Lakes o en tu comunidad, quiz\u00e1 te sorprenda saber que tienes m\u00e1s opciones de las que crees. Usted puede ser capaz de negociar con su aseguradora, perseguir a un conductor culpable, o perseguir a otras partes responsables en su caso. Para averiguar qu\u00e9 opciones legales tiene, no dude en contactar al Grupo Legal Flaxman al 866-352-9626 para una consulta gratuita y sin compromiso de su caso.  <\/p>\n<p><strong class=\"heading4\">El mal dise\u00f1o de las carreteras en Miami Lakes y Florida puede provocar accidentes de una sola motocicleta<\/strong><\/p>\n<p>Tras un accidente de moto en el que se ve implicado un solo veh\u00edculo, muchas autoridades tienden a culpar al motorista del accidente. Sin embargo, muchos de estos accidentes est\u00e1n causados en realidad por un mal dise\u00f1o de la carretera. Puede haber muchos tipos de problemas de dise\u00f1o y mantenimiento de la carretera que pueden causar accidentes de una sola moto, entre ellos:  <\/p>\n<ul>\n<li>Escombros en las carreteras<\/li>\n<li>Baches<\/li>\n<li>Firme irregular<\/li>\n<li>Carriles estrechos<\/li>\n<li>Mala se\u00f1alizaci\u00f3n<\/li>\n<li>Se\u00f1alizaci\u00f3n vial inadecuada<\/li>\n<li>Barandillas rotas o ausentes<\/li>\n<li>Se\u00f1alizaci\u00f3n excesiva<\/li>\n<li>Precauciones inadecuadas para evitar que la fauna silvestre deambule por la carretera<\/li>\n<\/ul>\n<p>Adem\u00e1s del mal dise\u00f1o y mantenimiento de las carreteras, puede haber otras razones para que se produzca un accidente de moto. Por ejemplo, muchos de este tipo de accidentes son causados en realidad por otros conductores. Un motorista puede apartarse del camino de otro motorista que conduce negligentemente y esto puede causar un accidente de moto individual. Aunque el otro conductor no haya estado directamente implicado en el accidente, sigue siendo el conductor culpable el que lo ha provocado en primer lugar.   <\/p>\n<p>En otros casos, el mal tiempo, la mala visibilidad y otros problemas tambi\u00e9n pueden contribuir al accidente. Tras un accidente de moto, es importante consultar a un abogado de lesiones personales para obtener respuestas sobre lo que ha causado el accidente y para obtener informaci\u00f3n sobre lo que puede hacerse para conservar una indemnizaci\u00f3n justa por las lesiones sufridas. <\/p>\n<p><strong class=\"heading4\">\u00bfQu\u00e9 cobertura tienes tras una colisi\u00f3n de tr\u00e1fico?<\/strong><\/p>\n<p>Aunque tengas seguro, ten en cuenta que en algunos casos el seguro no cubrir\u00e1 el coste total de tus lesiones, dej\u00e1ndote con miles de d\u00f3lares -o m\u00e1s- que pagar t\u00fa mismo. No quieres que te ocurra esto. Que el dinero de tu seguro se agote antes de que est\u00e9s totalmente recuperado y tengas que pagar todas tus lesiones puede ponerte a ti y a tu familia en graves apuros econ\u00f3micos. Para protegerte de esta eventualidad, ponte en contacto con un abogado de lesiones personales de tu comunidad para que revise tus opciones y te ayude a comprender exactamente c\u00f3mo salvaguardar tus finanzas.   <\/p>\n<p>Si usted est\u00e1 buscando respuestas directas a sus preguntas y asesor\u00eda legal sobre su situaci\u00f3n legal espec\u00edfica, <a href=\"contacta con nosotros.html\">contacte hoy mismo al Grupo Legal Flaxman<\/a> para recibir una consulta gratuita sobre accidentes. Tu consulta sin costo es tu oportunidad de revisar tu situaci\u00f3n con un miembro de nuestro personal jur\u00eddico para que puedas comprender c\u00f3mo la ley de Florida puede afectar tu caso y para que puedas entender qu\u00e9 opciones existen si deseas buscar una compensaci\u00f3n. No hay riesgo ni coste alguno, as\u00ed que \u00bfpor qu\u00e9 no obtener una evaluaci\u00f3n jur\u00eddica de tu situaci\u00f3n?  <\/p>\n<\/p><\/div>\n<\/p><\/div>\n","protected":false},"excerpt":{"rendered":"<p>Sin honorarios a menos que ganemos. Llama al 866-352-9626 para una &#8230; <\/p>\n","protected":false},"author":3,"featured_media":0,"parent":0,"menu_order":0,"comment_status":"closed","ping_status":"closed","template":"template-practice-areas.php","meta":{"footnotes":""},"class_list":["post-22239","page","type-page","status-publish","hentry"],"featured_image_src":null,"featured_image_src_square":null,"_links":{"self":[{"href":"https:\/\/flaxmanlaw.com\/es\/wp-json\/wp\/v2\/pages\/22239","targetHints":{"allow":["GET"]}}],"collection":[{"href":"https:\/\/flaxmanlaw.com\/es\/wp-json\/wp\/v2\/pages"}],"about":[{"href":"https:\/\/flaxmanlaw.com\/es\/wp-json\/wp\/v2\/types\/page"}],"author":[{"embeddable":true,"href":"https:\/\/flaxmanlaw.com\/es\/wp-json\/wp\/v2\/users\/3"}],"replies":[{"embeddable":true,"href":"https:\/\/flaxmanlaw.com\/es\/wp-json\/wp\/v2\/comments?post=22239"}],"version-history":[{"count":0,"href":"https:\/\/flaxmanlaw.com\/es\/wp-json\/wp\/v2\/pages\/22239\/revisions"}],"wp:attachment":[{"href":"https:\/\/flaxmanlaw.com\/es\/wp-json\/wp\/v2\/media?parent=22239"}],"curies":[{"name":"wp","href":"https:\/\/api.w.org\/{rel}","templated":true}]}}