{"id":22245,"date":"2024-11-18T12:44:42","date_gmt":"2024-11-18T12:44:42","guid":{"rendered":"https:\/\/flaxmanlaw.wpenginepowered.com\/distancia-de-frenado-en-miami-lakes-abogados-de-accidentes-de-camion-en-el-condado-de-miami-dade\/"},"modified":"2024-11-18T12:44:42","modified_gmt":"2024-11-18T12:44:42","slug":"distancia-de-frenado-en-miami-lakes-abogados-de-accidentes-de-camion-en-el-condado-de-miami-dade","status":"publish","type":"page","link":"https:\/\/flaxmanlaw.com\/es\/distancia-de-frenado-en-miami-lakes-abogados-de-accidentes-de-camion-en-el-condado-de-miami-dade\/","title":{"rendered":"Distancia de frenado en Miami Lakes | Abogados de accidentes de cami\u00f3n en el condado de Miami-Dade"},"content":{"rendered":"<div class=\"bodytext\">\n<h2>Distancia de parada en Miami Lakes<\/h1><\/h2>\n<div class=\"description\">\n<p>Tu turismo puede frenar en seco, lo que puede ayudarte a evitar chocar contra un peat\u00f3n o golpear a otro coche. Por desgracia, los grandes camiones comerciales que ves en la carretera a tu lado no tienen esta ventaja. Los camiones grandes tardan mucho m\u00e1s en detenerse que tu coche, raz\u00f3n por la que siempre debes dejar m\u00e1s espacio a los camiones de 18 ruedas y a los grandes camiones. Tambi\u00e9n es la raz\u00f3n por la que los conductores de camiones est\u00e1n especialmente formados para frenar correctamente. Sin embargo, incluso con estas precauciones, en Miami Lakes y otras comunidades de Florida pueden producirse y se producen colisiones de camiones causadas por problemas de distancia de frenado.    <\/p>\n<p>Si usted ha resultado lesionado por este tipo de colisi\u00f3n, los abogados <a href=\"contacta con nosotros.html\">del Grupo Legal Flaxman<\/a> estar\u00e1n encantados de hablar con usted sobre sus opciones legales. Siempre puedes llamar a nuestro bufete para una revisi\u00f3n gratuita de tu caso sin compromiso. Nuestros abogados tienen m\u00e1s de seis d\u00e9cadas de experiencia manejando casos de distancia de frenado y otros casos de lesiones personales, as\u00ed que podemos atender algunas de las preocupaciones que puedas tener despu\u00e9s de tu colisi\u00f3n.  <\/p>\n<p><strong class=\"heading4\">Cuestiones que pueden aumentar las distancias de frenado<\/strong><\/p>\n<p>Hay muchas cosas que pueden agravar los problemas de las distancias de frenado y que pueden provocar una colisi\u00f3n:<\/p>\n<p> <strong> 1) Conducci\u00f3n bajo los efectos del alcohol<\/strong>. Cuando un conductor est\u00e1 bajo los efectos del alcohol, puede no darse cuenta de la necesidad de parar y puede tener tiempos de reacci\u00f3n retardados, lo que significa que aumenta la distancia de frenado porque no empieza a frenar cuando lo necesita. <\/p>\n<p> <strong> 2) Conducci\u00f3n distra\u00edda<\/strong>. Al igual que ocurre con la conducci\u00f3n bajo los efectos del alcohol, la conducci\u00f3n distra\u00edda en Miami Lakes y otras comunidades puede aumentar las distancias de frenado, porque aumenta el tiempo que transcurre antes de que el camionero se d\u00e9 cuenta de que tiene que frenar. <\/p>\n<p> <strong> 3) Exceso de velocidad<\/strong>. La velocidad excesiva no s\u00f3lo aumenta las probabilidades de que una colisi\u00f3n de camiones sea grave, sino que tambi\u00e9n puede aumentar las distancias de frenado y dificultar que un camionero evite una colisi\u00f3n. Cuando un camionero frena bruscamente con exceso de velocidad, se ejerce una presi\u00f3n adicional sobre los frenos y los neum\u00e1ticos, lo que puede provocar un fallo de los neum\u00e1ticos y los frenos y un accidente.  <\/p>\n<p> <strong> 4) Fatiga del conductor<\/strong>. Los conductores cansados tienen tiempos de respuesta m\u00e1s lentos, lo que significa que pueden no frenar a tiempo para evitar una colisi\u00f3n. <\/p>\n<p> <strong> 5) Camiones con sobrepeso y sobrecarga<\/strong>. Cuando los camiones superan las cargas de peso seguras, tienen distancias de frenado a\u00fan m\u00e1s largas porque el peso del cami\u00f3n lo empuja hacia delante, sobre todo en cuestas y pendientes. Adem\u00e1s, los camiones sobrecargados y con sobrepeso ejercen una presi\u00f3n adicional sobre los frenos, lo que aumenta la probabilidad de que fallen.  <\/p>\n<p> <strong> 6) Neum\u00e1ticos calvos<\/strong>. Los neum\u00e1ticos desgastados o calvos no pueden agarrarse a la superficie de la carretera con la misma eficacia, lo que significa que un cami\u00f3n puede tardar mucho m\u00e1s de lo normal en detenerse, especialmente en superficies resbaladizas o cuando se conduce a velocidades m\u00e1s altas. <\/p>\n<p> <strong> 7) Defectos mec\u00e1nicos<\/strong>. A veces, tanto los fabricantes de frenos como los mec\u00e1nicos que los instalan cometen errores que provocan fallos en los frenos. En los casos en que los fabricantes y otras partes responsables pudieran o debieran haber tenido conocimiento de un dise\u00f1o, un fallo de fabricaci\u00f3n u otra cuesti\u00f3n potencialmente peligrosa, estas personas pueden ser consideradas responsables en caso de accidente de coche o cami\u00f3n causado por un fallo de los frenos.  <\/p>\n<p>\u00bfHas sufrido lesiones graves debido a un mayor tiempo de frenado o a una aplicaci\u00f3n m\u00e1s lenta de los frenos por parte de un camionero? Contacta con el bufete <a href=\"contacta con nosotros.html\">del Grupo Legal Flaxman<\/a> en cualquier momento para averiguar si tienes derecho a reclamar. <\/p>\n<\/p><\/div>\n<\/p><\/div>\n","protected":false},"excerpt":{"rendered":"<p>Sin honorarios a menos que ganemos. Llama al 866-352-9626 para una &#8230; <\/p>\n","protected":false},"author":3,"featured_media":0,"parent":0,"menu_order":0,"comment_status":"closed","ping_status":"closed","template":"template-practice-areas.php","meta":{"footnotes":""},"class_list":["post-22245","page","type-page","status-publish","hentry"],"featured_image_src":null,"featured_image_src_square":null,"_links":{"self":[{"href":"https:\/\/flaxmanlaw.com\/es\/wp-json\/wp\/v2\/pages\/22245","targetHints":{"allow":["GET"]}}],"collection":[{"href":"https:\/\/flaxmanlaw.com\/es\/wp-json\/wp\/v2\/pages"}],"about":[{"href":"https:\/\/flaxmanlaw.com\/es\/wp-json\/wp\/v2\/types\/page"}],"author":[{"embeddable":true,"href":"https:\/\/flaxmanlaw.com\/es\/wp-json\/wp\/v2\/users\/3"}],"replies":[{"embeddable":true,"href":"https:\/\/flaxmanlaw.com\/es\/wp-json\/wp\/v2\/comments?post=22245"}],"version-history":[{"count":0,"href":"https:\/\/flaxmanlaw.com\/es\/wp-json\/wp\/v2\/pages\/22245\/revisions"}],"wp:attachment":[{"href":"https:\/\/flaxmanlaw.com\/es\/wp-json\/wp\/v2\/media?parent=22245"}],"curies":[{"name":"wp","href":"https:\/\/api.w.org\/{rel}","templated":true}]}}