{"id":22246,"date":"2024-11-18T12:44:42","date_gmt":"2024-11-18T12:44:42","guid":{"rendered":"https:\/\/flaxmanlaw.wpenginepowered.com\/accidente-de-autobus-escolar-en-miami-lakes-abogados-de-lesiones-en-el-condado-de-miami-dade\/"},"modified":"2024-11-18T12:44:42","modified_gmt":"2024-11-18T12:44:42","slug":"accidente-de-autobus-escolar-en-miami-lakes-abogados-de-lesiones-en-el-condado-de-miami-dade","status":"publish","type":"page","link":"https:\/\/flaxmanlaw.com\/es\/accidente-de-autobus-escolar-en-miami-lakes-abogados-de-lesiones-en-el-condado-de-miami-dade\/","title":{"rendered":"Accidente de autob\u00fas escolar en Miami Lakes | Abogados de lesiones en el condado de Miami-Dade"},"content":{"rendered":"<div class=\"bodytext\">\n<h2>Accidente de autob\u00fas escolar en Miami Lakes<\/h1><\/h2>\n<div class=\"description\">\n<p>Como padre, por supuesto que quieres proteger a tu hijo. Si env\u00edas a tu hijo todos los d\u00edas al colegio y del colegio en un autob\u00fas escolar, puedes estar seguro de que est\u00e1s tomando medidas para evitar que tu hijo sufra un accidente de tr\u00e1fico en Miami Lakes o en tu comunidad. Al fin y al cabo, los accidentes de coche son mucho m\u00e1s frecuentes que los de autob\u00fas escolar. Pero, \u00bfqu\u00e9 ocurre cuando el consejo escolar o el conductor de un autob\u00fas escolar es negligente y ello provoca una colisi\u00f3n y lesiones graves a tu hijo?   <\/p>\n<p>En esta situaci\u00f3n, es importante consultar con un abogado de lesiones personales para averiguar c\u00f3mo obtener una indemnizaci\u00f3n que pueda ayudar a tu hijo a obtener servicios m\u00e9dicos de calidad, as\u00ed como otros servicios que necesite para curarse. Si deseas averiguar qu\u00e9 se puede hacer en tu caso, no dudes en contactar hoy mismo al Grupo Legal Flaxman para una revisi\u00f3n de tu caso sin costo y sin compromiso. Nuestros abogados forman parte de una firma de servicios integrales y han manejado miles de casos de lesiones personales y de lesiones infantiles en Miami Lakes y en todo Florida del Sur. Conocemos los recursos locales y las leyes locales que est\u00e1n dise\u00f1adas para ayudarle a proteger a su familia.   <\/p>\n<p><strong class=\"heading4\">\u00bfQui\u00e9n es responsable tras una colisi\u00f3n con un autob\u00fas escolar en Miami Lakes o en tu comunidad de Florida?<\/strong><\/p>\n<p>Las empresas que poseen y explotan autobuses escolares, que pueden ser consejos escolares o escuelas, tienen la obligaci\u00f3n legal de garantizar la seguridad de los ni\u00f1os que van a bordo de los autobuses escolares. Esto significa asegurarse de que los autobuses cumplen las normas y reglamentos, as\u00ed como seleccionar cuidadosamente a los conductores y realizar un mantenimiento adecuado de los autobuses. Cuando los autobuses escolares toman atajos y no adoptan las medidas necesarias para proteger a los ni\u00f1os, pueden ser considerados parcialmente responsables si un accidente de coche o de autob\u00fas causa lesiones a los ni\u00f1os.  <\/p>\n<p>Hay muchas cosas que los consejos escolares y las escuelas pueden hacer para asegurarse de que sus autobuses escolares son seguros:<\/p>\n<ul>\n<li>Examinar cuidadosamente a los conductores de autobuses escolares para garantizar que s\u00f3lo se permite subir a los autobuses a operadores cualificados y formados.<\/li>\n<li>Designar profesores o monitores infantiles en los autobuses para garantizar que todos permanezcan seguros en los autobuses<\/li>\n<li>Ense\u00f1ar seguridad en el autob\u00fas a los ni\u00f1os<\/li>\n<li>Mantener correctamente los autobuses<\/li>\n<li>Elegir dise\u00f1os y modelos de autobuses escolares m\u00e1s seguros y actualizar los autobuses seg\u00fan sea necesario<\/li>\n<li>Proporcionar una zona segura para que los autobuses aparquen delante o cerca de la escuela<\/li>\n<li>Disponer de pol\u00edticas que garanticen que los ni\u00f1os pueden desembarcar y embarcar en los autobuses de forma segura<\/li>\n<li>Disponer de pol\u00edticas y sistemas que garanticen la presencia de los ni\u00f1os en el autob\u00fas y que los ni\u00f1os no tengan comportamientos peligrosos o imprudentes en el autob\u00fas.<\/li>\n<\/ul>\n<p>Cuando las escuelas y los consejos escolares no toman estas precauciones y los ni\u00f1os sufren lesiones por su negligencia, pueden ser considerados responsables de las lesiones que sufran los ni\u00f1os.<\/p>\n<p><strong class=\"heading4\">Obtener respuestas tras una lesi\u00f3n infantil<\/strong><\/p>\n<p>Si tu hijo ha sufrido lesiones graves, necesitar\u00e1s asesoramiento legal para proteger a tu familia. Para hablar con un abogado de lesiones personales, siempre puedes <a href=\"contacta con nosotros.html\">ponerte en contacto con<\/a> el Grupo Legal Flaxman a trav\u00e9s de nuestro sitio web o llamando al 866-352-9626 a cualquier hora del d\u00eda o de la noche. Nuestros tel\u00e9fonos est\u00e1n atendidos las 24 horas del d\u00eda para su conveniencia. <a href=\"index.html\">El Grupo<\/a> Legal <a href=\"index.html\">Flaxman<\/a> es una firma de servicios integrales con oficinas en Homestead, Hollywood y Miami. Nos complace ofrecer a todos los nuevos clientes una consulta inicial gratuita.   <\/p>\n<\/p><\/div>\n<\/p><\/div>\n","protected":false},"excerpt":{"rendered":"<p>Sin honorarios a menos que ganemos. Llama al 866-352-9626 para una &#8230; <\/p>\n","protected":false},"author":3,"featured_media":0,"parent":0,"menu_order":0,"comment_status":"closed","ping_status":"closed","template":"template-practice-areas.php","meta":{"footnotes":""},"class_list":["post-22246","page","type-page","status-publish","hentry"],"featured_image_src":null,"featured_image_src_square":null,"_links":{"self":[{"href":"https:\/\/flaxmanlaw.com\/es\/wp-json\/wp\/v2\/pages\/22246","targetHints":{"allow":["GET"]}}],"collection":[{"href":"https:\/\/flaxmanlaw.com\/es\/wp-json\/wp\/v2\/pages"}],"about":[{"href":"https:\/\/flaxmanlaw.com\/es\/wp-json\/wp\/v2\/types\/page"}],"author":[{"embeddable":true,"href":"https:\/\/flaxmanlaw.com\/es\/wp-json\/wp\/v2\/users\/3"}],"replies":[{"embeddable":true,"href":"https:\/\/flaxmanlaw.com\/es\/wp-json\/wp\/v2\/comments?post=22246"}],"version-history":[{"count":0,"href":"https:\/\/flaxmanlaw.com\/es\/wp-json\/wp\/v2\/pages\/22246\/revisions"}],"wp:attachment":[{"href":"https:\/\/flaxmanlaw.com\/es\/wp-json\/wp\/v2\/media?parent=22246"}],"curies":[{"name":"wp","href":"https:\/\/api.w.org\/{rel}","templated":true}]}}