{"id":22248,"date":"2024-11-18T12:44:42","date_gmt":"2024-11-18T12:44:42","guid":{"rendered":"https:\/\/flaxmanlaw.wpenginepowered.com\/accidentes-de-vuelco-en-miami-lakes-abogados-de-accidentes-de-coche-en-el-condado-de-miami-dade\/"},"modified":"2024-11-18T12:44:42","modified_gmt":"2024-11-18T12:44:42","slug":"accidentes-de-vuelco-en-miami-lakes-abogados-de-accidentes-de-coche-en-el-condado-de-miami-dade","status":"publish","type":"page","link":"https:\/\/flaxmanlaw.com\/es\/accidentes-de-vuelco-en-miami-lakes-abogados-de-accidentes-de-coche-en-el-condado-de-miami-dade\/","title":{"rendered":"Accidentes de vuelco en Miami Lakes | Abogados de accidentes de coche en el condado de Miami-Dade"},"content":{"rendered":"<div class=\"bodytext\">\n<h2>Accidentes por vuelco en Miami Lakes<\/h1><\/h2>\n<div class=\"description\">\n<p>En 2007, la Administraci\u00f3n Nacional de Seguridad del Tr\u00e1fico en Carretera (NHTSA) public\u00f3 un informe, \u00abUn an\u00e1lisis de las colisiones por vuelco de veh\u00edculos de motor y los resultados de lesiones\u00bb. Seg\u00fan ese estudio, s\u00f3lo en 2004 se produjeron 256.695 vuelcos en todo el pa\u00eds. Estas colisiones provocaron 10.553 v\u00edctimas mortales, as\u00ed como numerosos heridos.  <\/p>\n<p>En Miami Lakes, los accidentes automovil\u00edsticos y las volcaduras cobran demasiadas vidas y causan demasiadas lesiones. Los abogados del Grupo Legal Flaxman han trabajado con sobrevivientes de estos accidentes y han visto de primera mano el nivel de devastaci\u00f3n que estos accidentes de tr\u00e1fico causan. Trabajamos con una extensa red de peritos, expertos m\u00e9dicos, expertos en reconstrucci\u00f3n de accidentes, investigadores privados, y otros profesionales para construir casos s\u00f3lidos a favor de los clientes. Si deseas hablar con un abogado de lesiones personales para hablar sobre tus opciones, agenda hoy mismo una consulta gratuita sobre accidentes con el Grupo Legal Flaxman.   <\/p>\n<p><strong class=\"heading4\">\u00bfQu\u00e9 debes hacer tras un accidente con vuelco en Miami Lakes?<\/strong><\/p>\n<p>Si has sufrido un accidente con vuelco, es vital que recibas ayuda m\u00e9dica urgente de inmediato. Aunque tengas la suerte de salir ileso de este tipo de accidente, ten en cuenta que este tipo de accidente de coche conlleva un alto riesgo de traumatismo craneal. Aunque no recuerdes haberte golpeado la cabeza cuando el coche volc\u00f3, es posible que lo hayas hecho. Por desgracia, incluso las lesiones cerebrales potencialmente mortales no siempre presentan s\u00edntomas de inmediato. Lo que ocurre a veces es que los supervivientes de accidentes de coche se sienten bien durante una o dos horas despu\u00e9s del accidente, s\u00f3lo para desarrollar dolor de cabeza y otros s\u00edntomas repentinos y potencialmente mortales de una lesi\u00f3n cerebral. Hacerse examinar inmediatamente es muy importante y puede salvarte la vida.     <\/p>\n<p><strong class=\"heading4\">Obtener ayuda tras un accidente de tr\u00e1fico<\/strong><\/p>\n<p>Si alguien ha resultado herido o puede haber resultado herido en un accidente con vuelco, busca primero ayuda m\u00e9dica. Como este tipo de accidente suele ser grave, tambi\u00e9n querr\u00e1s denunciarlo inmediatamente a las autoridades. Tambi\u00e9n querr\u00e1s informar del accidente a tu compa\u00f1\u00eda de seguros para que puedas iniciar el proceso de reclamaci\u00f3n al seguro.  <\/p>\n<p>Sin embargo, debido a la posibilidad de lesiones graves con este tipo de choque, es importante consultar tambi\u00e9n con un abogado de lesiones personales. Hay muchas cosas que un abogado de lesiones personales en Miami Lakes o en tu comunidad de Florida puede hacer por ti en este caso: <\/p>\n<ul>\n<li>Te ayudan a evaluar las ofertas de seguros<\/li>\n<li>Pueden negociar con las compa\u00f1\u00edas de seguros en tu nombre para ayudarte a obtener una indemnizaci\u00f3n justa<\/li>\n<li>Pueden ayudarte a revisar y comprender todas tus opciones legales<\/li>\n<li>Pueden darte una segunda opini\u00f3n honesta sobre el coste total probable de tus lesiones y los gastos de reparaci\u00f3n<\/li>\n<li>Pueden iniciar una reclamaci\u00f3n judicial en tu nombre si eso es lo que decides hacer<\/li>\n<\/ul>\n<p>Puedes iniciar el proceso legal de tu caso antes de lo que imaginas. Las l\u00edneas telef\u00f3nicas del Grupo Legal Flaxman en el 866-352-9626 est\u00e1n atendidas las 24 horas del d\u00eda, los siete d\u00edas de la semana, para que puedas iniciar el proceso ahora mismo con una simple llamada telef\u00f3nica. Una vez que nos contactes, podemos ofrecerte una revisi\u00f3n gratuita de tu caso para ayudarte a entender si tienes una demanda legal. Si decides emprender una reclamaci\u00f3n judicial, podemos actuar de inmediato, asegurando pruebas en tu nombre y trabajando para construir el caso m\u00e1s s\u00f3lido posible. Para averiguar qu\u00e9 es posible en tu caso, contacta hoy mismo con <a href=\"contacta con nosotros.html\">el Grupo Legal Flaxman<\/a>.    <\/p>\n<\/p><\/div>\n<\/p><\/div>\n","protected":false},"excerpt":{"rendered":"<p>Sin honorarios a menos que ganemos. Llama al 866-352-9626 para una &#8230; <\/p>\n","protected":false},"author":3,"featured_media":0,"parent":0,"menu_order":0,"comment_status":"closed","ping_status":"closed","template":"template-practice-areas.php","meta":{"footnotes":""},"class_list":["post-22248","page","type-page","status-publish","hentry"],"featured_image_src":null,"featured_image_src_square":null,"_links":{"self":[{"href":"https:\/\/flaxmanlaw.com\/es\/wp-json\/wp\/v2\/pages\/22248","targetHints":{"allow":["GET"]}}],"collection":[{"href":"https:\/\/flaxmanlaw.com\/es\/wp-json\/wp\/v2\/pages"}],"about":[{"href":"https:\/\/flaxmanlaw.com\/es\/wp-json\/wp\/v2\/types\/page"}],"author":[{"embeddable":true,"href":"https:\/\/flaxmanlaw.com\/es\/wp-json\/wp\/v2\/users\/3"}],"replies":[{"embeddable":true,"href":"https:\/\/flaxmanlaw.com\/es\/wp-json\/wp\/v2\/comments?post=22248"}],"version-history":[{"count":0,"href":"https:\/\/flaxmanlaw.com\/es\/wp-json\/wp\/v2\/pages\/22248\/revisions"}],"wp:attachment":[{"href":"https:\/\/flaxmanlaw.com\/es\/wp-json\/wp\/v2\/media?parent=22248"}],"curies":[{"name":"wp","href":"https:\/\/api.w.org\/{rel}","templated":true}]}}