{"id":22249,"date":"2024-11-18T12:44:42","date_gmt":"2024-11-18T12:44:42","guid":{"rendered":"https:\/\/flaxmanlaw.wpenginepowered.com\/miami-lakes-responsabilidad-de-locales-abogados-de-resbalones-y-caidas-del-condado-de-miami-dade\/"},"modified":"2024-11-18T12:44:42","modified_gmt":"2024-11-18T12:44:42","slug":"miami-lakes-responsabilidad-de-locales-abogados-de-resbalones-y-caidas-del-condado-de-miami-dade","status":"publish","type":"page","link":"https:\/\/flaxmanlaw.com\/es\/miami-lakes-responsabilidad-de-locales-abogados-de-resbalones-y-caidas-del-condado-de-miami-dade\/","title":{"rendered":"Miami Lakes Responsabilidad de Locales | Abogados de Resbalones y Ca\u00eddas del Condado de Miami-Dade"},"content":{"rendered":"<div class=\"bodytext\">\n<h2>Responsabilidad de los locales de Miami Lakes<\/h1><\/h2>\n<div class=\"description\">\n<p>Los propietarios de inmuebles en Miami Lakes pueden ser propietarios de viviendas, propietarios de inmuebles privados, personas que alquilan inmuebles comerciales, centros comerciales, propietarios de inmuebles empresariales, propietarios de inmuebles comerciales y otros. Se espera que todos estos propietarios tomen precauciones para mantener sus instalaciones seguras para los visitantes, empresarios, inquilinos y otras personas que tengan un motivo leg\u00edtimo para visitar la propiedad. <\/p>\n<p>\u00bfTe has lesionado en una propiedad ajena? \u00bfEs posible que sus lesiones hayan sido causadas por seguridad inadecuada en Miami Lakes o por una propiedad mal mantenida? Contacta al Grupo Legal Flaxman para una consulta gratuita sobre accidentes y hablar sobre tus opciones para obtener una compensaci\u00f3n justa.  <\/p>\n<p><strong class=\"heading4\">\u00bfQu\u00e9 conduce a las demandas por responsabilidad de los locales?<\/strong><\/p>\n<p>Una serie de condiciones de la propiedad pueden dar lugar a reclamaciones por responsabilidad de los locales:<\/p>\n<ul>\n<li>Seguridad inadecuada<\/li>\n<li>Iluminaci\u00f3n inadecuada<\/li>\n<li>Aceras o pasarelas rotas o desniveladas<\/li>\n<li>Escombros en el suelo o en las pasarelas<\/li>\n<li>Superficies resbaladizas o sustancias derramadas en el suelo<\/li>\n<li>Perros u otros animales que no est\u00e9n correctamente sujetos<\/li>\n<li>Pelda\u00f1os desiguales o defectos en las escaleras<\/li>\n<li>Techos bajos o puertas sin se\u00f1ales de advertencia adecuadas<\/li>\n<li>Falta de se\u00f1ales de advertencia adecuadas para peligros conocidos, suelos resbaladizos y otros problemas<\/li>\n<li>Obstrucciones en superficies de paso, escaleras y suelos<\/li>\n<li>Objetos sobresalientes en el suelo<\/li>\n<li>Falta de pasamanos y otros elementos de seguridad en escaleras y pelda\u00f1os<\/li>\n<li>Ventanas y puertas mal mantenidas o que funcionan mal<\/li>\n<li>Escombros en pasillos o en el exterior<\/li>\n<\/ul>\n<p><strong class=\"heading4\">Obtener asesoramiento jur\u00eddico<\/strong><\/p>\n<p>Si te has lesionado, es importante que consultes con un abogado de lesiones personales en Miami Lakes o en tu comunidad antes de tomar cualquier decisi\u00f3n definitiva sobre tu caso. Aunque ahora mismo est\u00e9s lesionado y centrado sobre todo en curarte, es importante que tengas en cuenta que las decisiones que tomes sobre tu situaci\u00f3n legal y econ\u00f3mica en este momento pueden afectarte durante a\u00f1os. <\/p>\n<p>Decidir reclamar una indemnizaci\u00f3n ahora mismo puede aumentar tus posibilidades de obtener una indemnizaci\u00f3n justa, porque puedes construir un caso m\u00e1s s\u00f3lido si consigues documentaci\u00f3n y pruebas de inmediato. Decidir no reclamar una indemnizaci\u00f3n puede suponer p\u00e9rdidas econ\u00f3micas y dificultades m\u00e1s adelante, si te das cuenta dentro de meses o a\u00f1os de que tus lesiones y p\u00e9rdida de ingresos acaban cost\u00e1ndote m\u00e1s de lo que esperabas. <\/p>\n<p>Los abogados del Grupo Legal Flaxman tienen un historial de obtener compensaciones justas a favor de demandantes por lesiones personales que han resultado lesionados debido a un propietario imprudente. Por ejemplo, Charles Flaxman, del Grupo Legal Flaxman, pudo recuperar una compensaci\u00f3n significativa a favor de un oficial de polic\u00eda de Nueva Jersey que fue baleado mientras visitaba Florida. El hombre sufri\u00f3 una grave lesi\u00f3n en el pie mientras era v\u00edctima de un robo en una propiedad. El propietario no tom\u00f3 medidas para crear un entorno seguro, a pesar de que la zona hab\u00eda sufrido delitos y atracos con anterioridad. El polic\u00eda no pudo volver a su trabajo, pero consigui\u00f3 una indemnizaci\u00f3n que le ayud\u00f3 a pagar los ingresos perdidos y el tratamiento m\u00e9dico del pie. Si a usted le gustar\u00eda saber m\u00e1s sobre los casos en los que el Grupo Legal <a href=\"contacta con nosotros.html\">Flaxman<\/a> ha trabajado o le gustar\u00eda saber c\u00f3mo la experiencia de nuestros abogados puede ponerse a trabajar en su caso, contacte al Grupo Legal Flaxman en cualquier momento para programar una revisi\u00f3n de su caso gratuita y sin compromiso.     <\/p>\n<\/p><\/div>\n<\/p><\/div>\n","protected":false},"excerpt":{"rendered":"<p>Sin honorarios a menos que ganemos. Llama al 866-352-9626 para una &#8230; <\/p>\n","protected":false},"author":3,"featured_media":0,"parent":0,"menu_order":0,"comment_status":"closed","ping_status":"closed","template":"template-practice-areas.php","meta":{"footnotes":""},"class_list":["post-22249","page","type-page","status-publish","hentry"],"featured_image_src":null,"featured_image_src_square":null,"_links":{"self":[{"href":"https:\/\/flaxmanlaw.com\/es\/wp-json\/wp\/v2\/pages\/22249","targetHints":{"allow":["GET"]}}],"collection":[{"href":"https:\/\/flaxmanlaw.com\/es\/wp-json\/wp\/v2\/pages"}],"about":[{"href":"https:\/\/flaxmanlaw.com\/es\/wp-json\/wp\/v2\/types\/page"}],"author":[{"embeddable":true,"href":"https:\/\/flaxmanlaw.com\/es\/wp-json\/wp\/v2\/users\/3"}],"replies":[{"embeddable":true,"href":"https:\/\/flaxmanlaw.com\/es\/wp-json\/wp\/v2\/comments?post=22249"}],"version-history":[{"count":0,"href":"https:\/\/flaxmanlaw.com\/es\/wp-json\/wp\/v2\/pages\/22249\/revisions"}],"wp:attachment":[{"href":"https:\/\/flaxmanlaw.com\/es\/wp-json\/wp\/v2\/media?parent=22249"}],"curies":[{"name":"wp","href":"https:\/\/api.w.org\/{rel}","templated":true}]}}