{"id":22250,"date":"2024-11-18T12:44:42","date_gmt":"2024-11-18T12:44:42","guid":{"rendered":"https:\/\/flaxmanlaw.wpenginepowered.com\/peligros-de-las-carreteras-de-miami-lakes-abogados-de-accidentes-de-trafico-del-condado-de-miami-dade\/"},"modified":"2024-11-18T12:44:42","modified_gmt":"2024-11-18T12:44:42","slug":"peligros-de-las-carreteras-de-miami-lakes-abogados-de-accidentes-de-trafico-del-condado-de-miami-dade","status":"publish","type":"page","link":"https:\/\/flaxmanlaw.com\/es\/peligros-de-las-carreteras-de-miami-lakes-abogados-de-accidentes-de-trafico-del-condado-de-miami-dade\/","title":{"rendered":"Peligros de las carreteras de Miami Lakes | Abogados de accidentes de tr\u00e1fico del condado de Miami-Dade"},"content":{"rendered":"<div class=\"bodytext\">\n<h2>Peligros de las carreteras de Miami Lakes  <\/h1><\/h2>\n<div class=\"description\">\n<p>Cada a\u00f1o, los peligros de la carretera, como la falta de se\u00f1ales de obra, los escombros en la calzada y las roderas, provocan miles de colisiones de autom\u00f3viles en Miami Lakes y los alrededores del sur de Florida. Si has resultado herido en un accidente de tr\u00e1fico causado por un peligro vial evitable o por cualquier tipo de negligencia, es posible que tengas una reclamaci\u00f3n legal. Puedes reclamar una indemnizaci\u00f3n tanto a las autoridades como a los conductores culpables. Sin embargo, tienes que presentar tu reclamaci\u00f3n r\u00e1pidamente.   <\/p>\n<p>El Grupo Legal Flaxman es una firma de servicios integrales con experiencia en el manejo de casos de accidentes de tr\u00e1fico en todo Florida del Sur. De hecho, nuestros abogados cuentan con m\u00e1s de seis d\u00e9cadas de experiencia y han ayudado exitosamente a miles de demandantes por lesiones personales a obtener una compensaci\u00f3n. Contacte hoy mismo al Grupo Legal Flaxman para recibir asesor\u00eda legal y una consulta gratuita sobre accidentes.  <\/p>\n<p><strong class=\"heading4\">Los retos de los casos de peligro vial en Miami Lakes<\/strong><\/p>\n<p>Los casos de riesgo vial suelen ser muy dif\u00edciles por varias razones. Uno de los retos es que estas situaciones suelen implicar a m\u00faltiples partes responsables, incluidas las autoridades gubernamentales (que suelen ser responsables de las carreteras). Las entidades gubernamentales est\u00e1n fuertemente protegidas por poderosos abogados y disponen de muchos recursos -pagados con tus impuestos- para dedicarlos a su defensa. En muchos casos, las partes responsables intentar\u00e1n echar la culpa al perjudicado o a otra persona.   <\/p>\n<p>Los casos de siniestro vial tambi\u00e9n suelen implicar <a href=\"accidentes-coche.html\">accidentes de<\/a> un solo <a href=\"accidentes-coche.html\">coche<\/a>. Esto significa que no hay un segundo conductor culpable ni una compa\u00f1\u00eda de seguros a la que perseguir. En estos casos es m\u00e1s importante buscar a las partes responsables para obtener una indemnizaci\u00f3n justa por las lesiones que hayas podido sufrir. Por desgracia, en los casos de un solo veh\u00edculo a veces se tiende a culpar al conductor lesionado, aunque el accidente no haya sido culpa suya. A menudo hace falta un abogado muy h\u00e1bil para descubrir lo que ocurri\u00f3 realmente y demostrar las causas del accidente ante un tribunal.    <\/p>\n<p><strong class=\"heading4\">Trabajar con un abogado de lesiones personales en Miami Lakes<\/strong><\/p>\n<p>Debido a las dificultades que suelen plantearse en este tipo de casos de accidente de tr\u00e1fico, es muy importante obtener asesoramiento jur\u00eddico o incluso trabajar con un abogado de lesiones personales a la hora de reclamar una indemnizaci\u00f3n. Hay muchas cosas que puede hacer un abogado de lesiones personales si te has lesionado debido a un mal dise\u00f1o de la carretera o a peligros en ella: <\/p>\n<ul>\n<li>Pueden investigar la causa de tu accidente<\/li>\n<li>Pueden ayudarte a asesorarte sobre tus opciones y derechos legales<\/li>\n<li>Pueden ayudar a iniciar una reclamaci\u00f3n legal contra las partes responsables<\/li>\n<li>Pueden negociar con tu seguro de coche y con otras compa\u00f1\u00edas de seguros<\/li>\n<li>Pueden ocuparse de todos los detalles de tu reclamaci\u00f3n legal y de las reclamaciones al seguro<\/li>\n<li>Pueden construir un caso s\u00f3lido para ti si decides presentar una reclamaci\u00f3n<\/li>\n<li>Pueden ayudarte a comprender los probables costes a largo plazo de tus lesiones<\/li>\n<li>Pueden ayudarte a encontrar recursos locales que puedan ayudarte mientras empiezas a curarte<\/li>\n<li>Pueden ayudarte a encontrar un coche de alquiler, as\u00ed como otros servicios que puedas necesitar<\/li>\n<\/ul>\n<p>\u00bfEst\u00e1 usted buscando un abogado experimentado en accidentes automovil\u00edsticos en el \u00e1rea de Florida del Sur? <a href=\"index.html\">El Grupo Legal Flaxman<\/a> es una firma de servicios integrales con tres oficinas en Florida del Sur. Nuestro equipo de abogados ya ha recuperado m\u00e1s de 100 millones de d\u00f3lares a favor de miles de v\u00edctimas de lesiones personales. Trabajamos con una poderosa red de expertos en reconstrucci\u00f3n de accidentes, ingenieros, testigos expertos, investigadores, expertos m\u00e9dicos, y otros profesionales para construir casos rigurosos. <a href=\"contacta con nosotros.html\">Ponte en contacto con nosotros<\/a> hoy mismo para programar una revisi\u00f3n gratuita de tu caso y repasar los detalles de tu posible caso.  <\/p>\n<\/p><\/div>\n<\/p><\/div>\n","protected":false},"excerpt":{"rendered":"<p>Sin honorarios a menos que ganemos. Llama al 866-352-9626 para una &#8230; <\/p>\n","protected":false},"author":3,"featured_media":0,"parent":0,"menu_order":0,"comment_status":"closed","ping_status":"closed","template":"template-practice-areas.php","meta":{"footnotes":""},"class_list":["post-22250","page","type-page","status-publish","hentry"],"featured_image_src":null,"featured_image_src_square":null,"_links":{"self":[{"href":"https:\/\/flaxmanlaw.com\/es\/wp-json\/wp\/v2\/pages\/22250","targetHints":{"allow":["GET"]}}],"collection":[{"href":"https:\/\/flaxmanlaw.com\/es\/wp-json\/wp\/v2\/pages"}],"about":[{"href":"https:\/\/flaxmanlaw.com\/es\/wp-json\/wp\/v2\/types\/page"}],"author":[{"embeddable":true,"href":"https:\/\/flaxmanlaw.com\/es\/wp-json\/wp\/v2\/users\/3"}],"replies":[{"embeddable":true,"href":"https:\/\/flaxmanlaw.com\/es\/wp-json\/wp\/v2\/comments?post=22250"}],"version-history":[{"count":0,"href":"https:\/\/flaxmanlaw.com\/es\/wp-json\/wp\/v2\/pages\/22250\/revisions"}],"wp:attachment":[{"href":"https:\/\/flaxmanlaw.com\/es\/wp-json\/wp\/v2\/media?parent=22250"}],"curies":[{"name":"wp","href":"https:\/\/api.w.org\/{rel}","templated":true}]}}