{"id":22253,"date":"2024-11-18T12:44:42","date_gmt":"2024-11-18T12:44:42","guid":{"rendered":"https:\/\/flaxmanlaw.wpenginepowered.com\/negligencia-fisica-miami-lakes-abogados-abuso-ancianos-condado-miami-dade\/"},"modified":"2024-11-18T12:44:42","modified_gmt":"2024-11-18T12:44:42","slug":"negligencia-fisica-miami-lakes-abogados-abuso-ancianos-condado-miami-dade","status":"publish","type":"page","link":"https:\/\/flaxmanlaw.com\/es\/negligencia-fisica-miami-lakes-abogados-abuso-ancianos-condado-miami-dade\/","title":{"rendered":"Negligencia F\u00edsica Miami Lakes | Abogados Abuso Ancianos Condado Miami-Dade"},"content":{"rendered":"<div class=\"bodytext\">\n<h2>Negligencia f\u00edsica en Miami Lakes<\/h1><\/h2>\n<div class=\"description\">\n<p>El maltrato en residencias de ancianos es espantoso, pero, por desgracia, diversas formas de negligencia pueden ser igual de generalizadas, si no m\u00e1s, y tienden a ser a\u00fan m\u00e1s invisibles y m\u00e1s dif\u00edciles de detectar. En muchos casos, los malos tratos y la negligencia en residencias de ancianos de Miami Lakes y Florida se pasan por alto, a pesar de que pueden poner en peligro la vida de los residentes y pacientes de los centros de cuidados a largo plazo. La negligencia f\u00edsica puede adoptar muchas formas, desde la falta de alimentos y agua adecuados hasta la falta de interacci\u00f3n social. En muchos casos, las familias no se enteran de ejemplos atroces de negligencia hasta que es demasiado tarde y un ser querido ha resultado gravemente herido o incluso muerto.   <\/p>\n<p>Si un miembro de su familia ha sido v\u00edctima de abuso o negligencia en un asilo de ancianos, contacte al Grupo Legal Flaxman en cualquier momento para programar una evaluaci\u00f3n de su caso gratuita y sin compromiso. Nuestro personal jur\u00eddico puede ayudarte a averiguar si tienes una demanda legal y puede ayudarte a presentar una demanda legal si cumples los requisitos. <\/p>\n<p><strong class=\"heading4\">Tipos de Negligencia F\u00edsica en Miami Lakes y Florida<\/strong><\/p>\n<p>La negligencia personal puede adoptar muchas formas, como la negligencia en la higiene personal de un residente y la negligencia en las necesidades b\u00e1sicas. La negligencia en la higiene personal es una de las formas m\u00e1s comunes de negligencia f\u00edsica. Implica no proporcionar a los residentes servicios b\u00e1sicos como higiene bucal, mudas de ropa limpias, ropa de cama limpia, aseo personal y otros servicios. Un residente o paciente de una residencia de ancianos u otro entorno asistencial que haya sido v\u00edctima de este tipo de negligencia puede no ser ba\u00f1ado o aseado con frecuencia, y puede no recibir la ayuda que necesita para mantener la limpieza general. Como consecuencia, pueden desarrollar mal olor corporal, escaras, infestaciones de piojos e incluso infecciones cut\u00e1neas. Para alguien que ya es fr\u00e1gil o que padece una enfermedad preexistente, este tipo de infecciones pueden incluso llegar a ser mortales.     <\/p>\n<p>Otra forma habitual de negligencia f\u00edsica es la desatenci\u00f3n de las necesidades b\u00e1sicas. Un problema muy com\u00fan en las residencias de ancianos y otros centros de cuidados de larga duraci\u00f3n es la falta de nutrici\u00f3n y agua adecuadas para los residentes. Algunos residentes pueden incluso ser v\u00edctimas de desnutrici\u00f3n y deshidrataci\u00f3n hasta el punto de que su salud se vea afectada. En otros casos, los centros de cuidados de larga duraci\u00f3n pueden no proporcionar un entorno limpio y seguro a los residentes, lo que tambi\u00e9n puede considerarse negligencia f\u00edsica.   <\/p>\n<p><strong class=\"heading4\">Busca asesoramiento jur\u00eddico si t\u00fa o un ser querido hab\u00e9is sufrido lesiones<\/strong><\/p>\n<p>Los abogados del Grupo Legal Flaxman est\u00e1n comprometidos a ayudar a los clientes a obtener resultados. Nuestro bufete de servicios integrales trabaja con investigadores privados, expertos m\u00e9dicos y otros profesionales para construir casos s\u00f3lidos. Nuestros abogados trabajan las 24 horas del d\u00eda, y nuestras l\u00edneas telef\u00f3nicas al 866-352-9626 est\u00e1n atendidas las 24 horas del d\u00eda, los siete d\u00edas de la semana. Nos comprometemos a ayudar a los clientes, sea cual sea el asunto y sea cual sea la hora. Si deseas averiguar si es posible una compensaci\u00f3n legal en tu caso, no dudes en <a href=\"contacta con nosotros.html\">contactar hoy mismo al Grupo Legal Flaxman<\/a> para programar una consulta gratuita sobre accidentes.    <\/p>\n<\/p><\/div>\n<\/p><\/div>\n","protected":false},"excerpt":{"rendered":"<p>Sin honorarios a menos que ganemos. Llama al 866-352-9626 para una &#8230; <\/p>\n","protected":false},"author":3,"featured_media":0,"parent":0,"menu_order":0,"comment_status":"closed","ping_status":"closed","template":"template-practice-areas.php","meta":{"footnotes":""},"class_list":["post-22253","page","type-page","status-publish","hentry"],"featured_image_src":null,"featured_image_src_square":null,"_links":{"self":[{"href":"https:\/\/flaxmanlaw.com\/es\/wp-json\/wp\/v2\/pages\/22253","targetHints":{"allow":["GET"]}}],"collection":[{"href":"https:\/\/flaxmanlaw.com\/es\/wp-json\/wp\/v2\/pages"}],"about":[{"href":"https:\/\/flaxmanlaw.com\/es\/wp-json\/wp\/v2\/types\/page"}],"author":[{"embeddable":true,"href":"https:\/\/flaxmanlaw.com\/es\/wp-json\/wp\/v2\/users\/3"}],"replies":[{"embeddable":true,"href":"https:\/\/flaxmanlaw.com\/es\/wp-json\/wp\/v2\/comments?post=22253"}],"version-history":[{"count":0,"href":"https:\/\/flaxmanlaw.com\/es\/wp-json\/wp\/v2\/pages\/22253\/revisions"}],"wp:attachment":[{"href":"https:\/\/flaxmanlaw.com\/es\/wp-json\/wp\/v2\/media?parent=22253"}],"curies":[{"name":"wp","href":"https:\/\/api.w.org\/{rel}","templated":true}]}}