{"id":22255,"date":"2024-11-18T12:44:42","date_gmt":"2024-11-18T12:44:42","guid":{"rendered":"https:\/\/flaxmanlaw.wpenginepowered.com\/abuso-fisico-en-miami-lakes-abogados-de-lesiones-en-el-condado-de-miami-dade\/"},"modified":"2024-11-18T12:44:42","modified_gmt":"2024-11-18T12:44:42","slug":"abuso-fisico-en-miami-lakes-abogados-de-lesiones-en-el-condado-de-miami-dade","status":"publish","type":"page","link":"https:\/\/flaxmanlaw.com\/es\/abuso-fisico-en-miami-lakes-abogados-de-lesiones-en-el-condado-de-miami-dade\/","title":{"rendered":"Abuso f\u00edsico en Miami Lakes | Abogados de lesiones en el condado de Miami-Dade"},"content":{"rendered":"<div class=\"bodytext\">\n<h2>Maltrato f\u00edsico en Miami Lakes<\/h1><\/h2>\n<div class=\"description\">\n<p>Las agresiones f\u00edsicas en Miami Lakes y otras comunidades pueden ocurrir en cualquier momento. Puede ocurrir en un aparcamiento oscuro por la noche, en el lugar de trabajo o en un centro de vida asistida. Lo \u00fanico que tienen en com\u00fan es que siempre son devastadoras para el superviviente. En demasiados casos, las agresiones tambi\u00e9n provocan lesiones graves, como traumatismos craneoencef\u00e1licos, fracturas, heridas de bala, cicatrices y otras lesiones graves.   <\/p>\n<p>Si has resultado herido en un asalto, atraco, agresi\u00f3n u otro acto violento, tienes opciones legales. Por ejemplo, puedes presentar cargos penales contra el agresor. Sin embargo, aunque nunca se detenga al agresor, puedes presentar una denuncia civil para obtener una indemnizaci\u00f3n por tus p\u00e9rdidas. Para averiguar si tienes derecho a una indemnizaci\u00f3n en tu situaci\u00f3n, <a href=\"contacta con nosotros.html\">ponte en contacto con <\/a>el Grupo Legal Flaxman en cualquier momento para concertar una evaluaci\u00f3n gratuita y sin compromiso de tu caso.   <\/p>\n<p><strong class=\"heading4\">La agresi\u00f3n con lesiones puede ocurrir en cualquier sitio<\/strong><\/p>\n<p>En los centros de vida asistida y residencias de ancianos, el maltrato de ancianos puede consistir en agresiones f\u00edsicas y golpes. Puede ser especialmente devastador ser familiar de un adulto vulnerable que ha sido agredido o maltratado. Por supuesto, en estos casos querr\u00e1s justicia, as\u00ed como una indemnizaci\u00f3n que pueda ayudarte a pagar mejores cuidados para tu ser querido, as\u00ed como tratamiento m\u00e9dico.  <\/p>\n<p>Las agresiones tambi\u00e9n pueden producirse en el lugar de trabajo. La violencia en el lugar de trabajo puede derivarse de malas pr\u00e1cticas de contrataci\u00f3n, seguridad inadecuada o mala selecci\u00f3n de trabajadores y clientes. En estos casos, un trabajador puede presentar una demanda contra su empresario y tener derecho a prestaciones de indemnizaci\u00f3n por accidente laboral en Miami Lakes o en su comunidad.  <\/p>\n<p>Adem\u00e1s, las agresiones f\u00edsicas y las lesiones tambi\u00e9n pueden producirse en entornos de cuidado de ni\u00f1os. Cuando las agresiones y los ataques se producen en las escuelas debido al acoso u otras formas de maltrato, pueden ser devastadores para las familias. Sobre todo si el ni\u00f1o sufre lesiones graves como consecuencia de la agresi\u00f3n. Las escuelas y los consejos escolares tienen la obligaci\u00f3n de mantener a salvo a los alumnos, y cuando incumplen esa obligaci\u00f3n es posible que las familias reclamen una indemnizaci\u00f3n para ayudar a sus hijos a disfrutar de una atenci\u00f3n m\u00e9dica de la mejor calidad y poder permitirse el asesoramiento, la tutor\u00eda y otros servicios que sus hijos puedan necesitar mientras se recuperan.   <\/p>\n<p>La agresi\u00f3n con lesiones tambi\u00e9n puede ocurrir a casi cualquier persona que se encuentre en un aparcamiento, garaje u otra propiedad p\u00fablica. La realidad es que la violencia se produce pr\u00e1cticamente en cualquier lugar. Sin embargo, si tu agresi\u00f3n fue causada por una seguridad inadecuada, tienes opciones para reclamar una indemnizaci\u00f3n que te permita pagar los salarios perdidos, las facturas m\u00e9dicas y otros gastos. Es importante emprender este tipo de acciones legales, no s\u00f3lo para obtener una indemnizaci\u00f3n que te permita no sufrir econ\u00f3micamente tras la agresi\u00f3n, sino tambi\u00e9n para enviar un mensaje claro a los propietarios de que la negligencia que causa lesiones graves no es aceptable. En muchos casos, una reclamaci\u00f3n judicial es el empuj\u00f3n final que anima a los propietarios a realizar importantes cambios de seguridad para proteger a los dem\u00e1s.    <\/p>\n<p><strong class=\"heading4\">Consigue ayuda legal hoy<\/strong><\/p>\n<p>Anteriormente conocido como Flaxman y L\u00f3pez, <a href=\"index.html\">el Grupo Legal Flaxman<\/a> es una firma legal de servicios integrales en el \u00e1rea de Florida del Sur. Si desea saber qu\u00e9 se puede hacer en su situaci\u00f3n, no dude en contactar hoy mismo a nuestro compasivo y profesional personal jur\u00eddico para su consulta gratuita y sin compromiso sobre su caso. <\/p>\n<\/p><\/div>\n<\/p><\/div>\n","protected":false},"excerpt":{"rendered":"<p>Sin honorarios a menos que ganemos. Llama al 866-352-9626 para una &#8230; <\/p>\n","protected":false},"author":3,"featured_media":0,"parent":0,"menu_order":0,"comment_status":"closed","ping_status":"closed","template":"template-practice-areas.php","meta":{"footnotes":""},"class_list":["post-22255","page","type-page","status-publish","hentry"],"featured_image_src":null,"featured_image_src_square":null,"_links":{"self":[{"href":"https:\/\/flaxmanlaw.com\/es\/wp-json\/wp\/v2\/pages\/22255","targetHints":{"allow":["GET"]}}],"collection":[{"href":"https:\/\/flaxmanlaw.com\/es\/wp-json\/wp\/v2\/pages"}],"about":[{"href":"https:\/\/flaxmanlaw.com\/es\/wp-json\/wp\/v2\/types\/page"}],"author":[{"embeddable":true,"href":"https:\/\/flaxmanlaw.com\/es\/wp-json\/wp\/v2\/users\/3"}],"replies":[{"embeddable":true,"href":"https:\/\/flaxmanlaw.com\/es\/wp-json\/wp\/v2\/comments?post=22255"}],"version-history":[{"count":0,"href":"https:\/\/flaxmanlaw.com\/es\/wp-json\/wp\/v2\/pages\/22255\/revisions"}],"wp:attachment":[{"href":"https:\/\/flaxmanlaw.com\/es\/wp-json\/wp\/v2\/media?parent=22255"}],"curies":[{"name":"wp","href":"https:\/\/api.w.org\/{rel}","templated":true}]}}