{"id":22256,"date":"2024-11-18T12:44:42","date_gmt":"2024-11-18T12:44:42","guid":{"rendered":"https:\/\/flaxmanlaw.wpenginepowered.com\/miami-lakes-responsabilidad-por-productos-defectuosos-abogados-de-productos-defectuosos-del-condado-de-miami-dade\/"},"modified":"2024-11-18T12:44:42","modified_gmt":"2024-11-18T12:44:42","slug":"miami-lakes-responsabilidad-por-productos-defectuosos-abogados-de-productos-defectuosos-del-condado-de-miami-dade","status":"publish","type":"page","link":"https:\/\/flaxmanlaw.com\/es\/miami-lakes-responsabilidad-por-productos-defectuosos-abogados-de-productos-defectuosos-del-condado-de-miami-dade\/","title":{"rendered":"Miami Lakes Responsabilidad por Productos Defectuosos | Abogados de Productos Defectuosos del Condado de Miami-Dade"},"content":{"rendered":"<div class=\"bodytext\">\n<h2>Responsabilidad por productos defectuosos en Miami Lakes<\/h1><\/h2>\n<div class=\"description\">\n<p>Miami Lakes como una comunidad planificada en el condado de Miami-Dade, en el sur de Florida. Conocida por su bello dise\u00f1o est\u00e9tico y sus baj\u00edsimos \u00edndices de delincuencia, la ciudad fue fundada en la d\u00e9cada de 1930 por la familia que m\u00e1s tarde fundar\u00eda las Empresas Graham. La comunidad de 3000 acres cuenta con lagos, zonas verdes, calles muy transitables y una bella est\u00e9tica. La ciudad se considera un \u00e9xito de las comunidades planificadas y a\u00fan hoy est\u00e1 supervisada por las Empresas Graham.   <\/p>\n<p>Si vives en Miami Lakes y te has lesionado con un producto que crees defectuoso, es posible que puedas presentar una demanda legal a trav\u00e9s de un abogado de lesiones personales de Miami Lakes. Una reclamaci\u00f3n por responsabilidad civil por productos defectuosos puede producirse en cualquier momento en que est\u00e9s utilizando un producto conforme a su finalidad y el producto te cause una lesi\u00f3n. La lesi\u00f3n puede deberse a un mal dise\u00f1o, a un defecto de fabricaci\u00f3n o a un fallo en la etiqueta de advertencia. Por ejemplo, un juguete infantil puede contener plomo, lo que se considera un defecto de fabricaci\u00f3n si la pintura con plomo no estaba prevista como parte del dise\u00f1o. Un juguete puede considerarse mal dise\u00f1ado y ser objeto de una demanda de responsabilidad por productos defectuosos si tiene piezas peque\u00f1as que se desprenden f\u00e1cilmente y suponen un peligro de asfixia. Si un tel\u00e9fono puede sobrecalentarse y provocar una <a href=\"lesiones-quemaduras.html\">quemadura en Miami Lakes<\/a>, pero no hay ninguna advertencia en la etiqueta ni en el manual de instrucciones, puede considerarse un fallo de la etiqueta de advertencia y dar lugar a una reclamaci\u00f3n por producto defectuoso.     <\/p>\n<p>En algunos casos, los productos defectuosos lesionan gravemente o incluso matan a clientes inocentes. Cuando esto ocurre, es importante ponerse en contacto con un abogado de lesiones personales de Miami Lakes lo antes posible. Un abogado de lesiones personales puede iniciar el proceso de demanda antes de que prescriba el plazo. Un buen abogado tambi\u00e9n puede consultar con expertos independientes e investigadores personales para iniciar una investigaci\u00f3n sobre el producto y el proceso de fabricaci\u00f3n. Un abogado de lesiones personales de Miami Lakes puede negociar y presentar la demanda ante los tribunales para que la v\u00edctima obtenga la indemnizaci\u00f3n m\u00e1s justa posible por sus lesiones. Esta indemnizaci\u00f3n puede ser decisiva para ayudar a pagar los da\u00f1os materiales, las facturas m\u00e9dicas, la p\u00e9rdida de ingresos y otros gastos asociados a la lesi\u00f3n.     <\/p>\n<p>Si has resultado lesionado por un producto peligroso, mereces la compensaci\u00f3n m\u00e1s justa posible seg\u00fan la ley de Florida. Si usted ha resultado lesionado y cree que las lesiones fueron causadas por un producto defectuoso, contacte al <a href=\"index.html\">Grupo Legal Flaxman<\/a>. El equipo legal del Grupo Legal Flaxman cuenta con la experiencia y habilidades para identificar a las partes responsables en su demanda y para perseguir agresivamente su caso en su nombre. Nuestro equipo legal puede investigar exhaustivamente tu situaci\u00f3n, preparar cuidadosamente tu caso, y llevar tu demanda hasta las \u00faltimas consecuencias para que obtengas la mejor compensaci\u00f3n posible. Para hablar con un experimentado y dedicado miembro de nuestro equipo legal, <a href=\"contacta con nosotros.html\">contacta<\/a> hoy mismo al Grupo Legal Flaxman para programar una consulta gratuita y sin compromiso. El Grupo Legal Flaxman tiene tel\u00e9fonos atendidos personalmente las 24 horas del d\u00eda, los siete d\u00edas de la semana. La firma tambi\u00e9n cuenta con tres ubicaciones convenientes, as\u00ed como horarios flexibles de citas para su comodidad.      <\/p>\n<\/p><\/div>\n<\/p><\/div>\n","protected":false},"excerpt":{"rendered":"<p>Sin honorarios a menos que ganemos. Llama al 866-352-9626 para una &#8230; <\/p>\n","protected":false},"author":3,"featured_media":0,"parent":0,"menu_order":0,"comment_status":"closed","ping_status":"closed","template":"template-practice-areas.php","meta":{"footnotes":""},"class_list":["post-22256","page","type-page","status-publish","hentry"],"featured_image_src":null,"featured_image_src_square":null,"_links":{"self":[{"href":"https:\/\/flaxmanlaw.com\/es\/wp-json\/wp\/v2\/pages\/22256","targetHints":{"allow":["GET"]}}],"collection":[{"href":"https:\/\/flaxmanlaw.com\/es\/wp-json\/wp\/v2\/pages"}],"about":[{"href":"https:\/\/flaxmanlaw.com\/es\/wp-json\/wp\/v2\/types\/page"}],"author":[{"embeddable":true,"href":"https:\/\/flaxmanlaw.com\/es\/wp-json\/wp\/v2\/users\/3"}],"replies":[{"embeddable":true,"href":"https:\/\/flaxmanlaw.com\/es\/wp-json\/wp\/v2\/comments?post=22256"}],"version-history":[{"count":0,"href":"https:\/\/flaxmanlaw.com\/es\/wp-json\/wp\/v2\/pages\/22256\/revisions"}],"wp:attachment":[{"href":"https:\/\/flaxmanlaw.com\/es\/wp-json\/wp\/v2\/media?parent=22256"}],"curies":[{"name":"wp","href":"https:\/\/api.w.org\/{rel}","templated":true}]}}