{"id":22257,"date":"2024-11-18T12:44:42","date_gmt":"2024-11-18T12:44:42","guid":{"rendered":"https:\/\/flaxmanlaw.wpenginepowered.com\/negligencia-farmaceutica-en-miami-lakes-abogados-de-lesiones-personales-en-el-condado-de-miami-dade\/"},"modified":"2024-11-18T12:44:42","modified_gmt":"2024-11-18T12:44:42","slug":"negligencia-farmaceutica-en-miami-lakes-abogados-de-lesiones-personales-en-el-condado-de-miami-dade","status":"publish","type":"page","link":"https:\/\/flaxmanlaw.com\/es\/negligencia-farmaceutica-en-miami-lakes-abogados-de-lesiones-personales-en-el-condado-de-miami-dade\/","title":{"rendered":"Negligencia farmac\u00e9utica en Miami Lakes | Abogados de lesiones personales en el condado de Miami-Dade"},"content":{"rendered":"<div class=\"bodytext\">\n<h2>Negligencia farmac\u00e9utica en Miami Lakes<\/h1><\/h2>\n<div class=\"description\">\n<p>Miami Lakes es una comunidad \u00fanica por varias razones. Desarrollada y propiedad en gran parte de la empresa de la familia Graham desde su fundaci\u00f3n, la comunidad se desarrolla siguiendo la est\u00e9tica de dise\u00f1o del movimiento del Nuevo Urbanismo. Esto significa que las calles de la ciudad est\u00e1n arboladas y que la comunidad tiene carreteras curvas y lagos, en lugar de la cuadr\u00edcula cuadrada de las grandes ciudades. La comunidad tambi\u00e9n est\u00e1 dise\u00f1ada para que los servicios est\u00e9n a poca distancia de las zonas residenciales arboladas. Miami Lakes tambi\u00e9n es conocida por su singular mural interior en Memoria de los Veteranos, que se encuentra en el interior del Centro Comunitario del Parque Royal Oaks de la ciudad.    <\/p>\n<p>Miami Lakes tiene un buen sistema m\u00e9dico, y eso incluye un sistema de farmacias. Las farmacias son esenciales para ofrecer a los pacientes medicamentos con y sin receta. Por desgracia, cuando los farmac\u00e9uticos son negligentes en sus funciones, los pacientes pueden sufrir lesiones graves e incluso mortales. Si has sufrido lesiones graves debido a un medicamento, puedes informarte sobre tus opciones legales poni\u00e9ndote en contacto con el <a href=\"index.html\">Grupo Legal Flaxman<\/a>.   <\/p>\n<p><strong class=\"heading4\">Motivos de negligencia farmac\u00e9utica en Miami Lakes y otras ciudades de Florida<\/strong><\/p>\n<p>Los errores farmac\u00e9uticos pueden producirse por muchas razones. En Miami Lakes, las negligencias m\u00e9dicas y los errores de farmacia suelen deberse a la falta de personal y a pol\u00edticas deficientes. En algunos casos, la negligencia farmac\u00e9utica en Miami Lakes y otras ciudades de Florida se produce porque algunos medicamentos parecen similares. Seg\u00fan la Administraci\u00f3n de Alimentos y Medicamentos (FDA), ha habido informes de confusiones y mezclas de medicamentos:   <\/p>\n<ul>\n<li>Lamictal (lamotrigina) y Lamisil (terbinafina)<\/li>\n<li>Taxotere (docetaxel) y Taxol (paclitaxel)<\/li>\n<li>Metadona y Metadate ER (metilfenidato)<\/li>\n<li>Serzone (nefazodona) y Seroquel (quetiapina)<\/li>\n<li>Zyrtec (cetirizina), Zantac (ranitidina) y Zyprexa (olanzapina)<\/li>\n<li>Celebrex (celecoxib) y Celexa (citalopram)<\/li>\n<\/ul>\n<p>Otro problema que suele producirse con los errores de farmacia tiene que ver con la composici\u00f3n. Algunos medicamentos deben ser compuestos o mezclados seg\u00fan las especificaciones de un m\u00e9dico por un farmac\u00e9utico. Cuando estos medicamentos se mezclan incorrectamente en la farmacia, pueden producirse lesiones graves o incluso muertes. Los errores de composici\u00f3n pueden producirse por varias razones:   <\/p>\n<ul>\n<li>Informaci\u00f3n ilegible o incompleta de la receta del m\u00e9dico<\/li>\n<li>Descuido o formaci\u00f3n incorrecta por parte del farmac\u00e9utico<\/li>\n<li>Etiquetado incorrecto de los ingredientes en la farmacia<\/li>\n<li>Mezclas de ingredientes<\/li>\n<li>Pol\u00edticas de farmacia deficientes o condiciones de trabajo favorables a los pobres<\/li>\n<li>Distracci\u00f3n<\/li>\n<\/ul>\n<p>Independientemente de por qu\u00e9 se produzca un error farmac\u00e9utico, es importante obtener informaci\u00f3n sobre lo que lo ha provocado. Se espera que las farmacias tomen precauciones razonables para evitar lesiones a los pacientes. Si has sufrido lesiones tras recibir un medicamento de una farmacia, querr\u00e1s consultar a un abogado de lesiones personales en Miami Lakes o en tu comunidad. Un buen <a href=\"sobre nosotros.html\">abogado de lesiones<\/a> puede investigar las causas de tus lesiones, puede ayudarte a comprender tus opciones y puede ayudarte a buscar justicia e indemnizaci\u00f3n si tienes derecho a una reclamaci\u00f3n legal.   <\/p>\n<p>\u00bfEst\u00e1 usted buscando un abogado experimentado en negligencia farmac\u00e9utica o negligencia m\u00e9dica en Miami Lakes o en el \u00e1rea circundante? <a href=\"contacta con nosotros.html\">Contacte<\/a> hoy mismo al Grupo Legal Flaxman para una revisi\u00f3n gratuita de su caso. El personal jur\u00eddico del Grupo Legal Flaxman ha estado trabajando con demandantes por negligencia farmac\u00e9utica y lesiones personales durante m\u00e1s de dos d\u00e9cadas y media. <\/p>\n<\/p><\/div>\n<\/p><\/div>\n","protected":false},"excerpt":{"rendered":"<p>Sin honorarios a menos que ganemos. Llama al 866-352-9626 para una &#8230; <\/p>\n","protected":false},"author":3,"featured_media":0,"parent":0,"menu_order":0,"comment_status":"closed","ping_status":"closed","template":"template-practice-areas.php","meta":{"footnotes":""},"class_list":["post-22257","page","type-page","status-publish","hentry"],"featured_image_src":null,"featured_image_src_square":null,"_links":{"self":[{"href":"https:\/\/flaxmanlaw.com\/es\/wp-json\/wp\/v2\/pages\/22257","targetHints":{"allow":["GET"]}}],"collection":[{"href":"https:\/\/flaxmanlaw.com\/es\/wp-json\/wp\/v2\/pages"}],"about":[{"href":"https:\/\/flaxmanlaw.com\/es\/wp-json\/wp\/v2\/types\/page"}],"author":[{"embeddable":true,"href":"https:\/\/flaxmanlaw.com\/es\/wp-json\/wp\/v2\/users\/3"}],"replies":[{"embeddable":true,"href":"https:\/\/flaxmanlaw.com\/es\/wp-json\/wp\/v2\/comments?post=22257"}],"version-history":[{"count":0,"href":"https:\/\/flaxmanlaw.com\/es\/wp-json\/wp\/v2\/pages\/22257\/revisions"}],"wp:attachment":[{"href":"https:\/\/flaxmanlaw.com\/es\/wp-json\/wp\/v2\/media?parent=22257"}],"curies":[{"name":"wp","href":"https:\/\/api.w.org\/{rel}","templated":true}]}}