{"id":22258,"date":"2024-11-18T12:44:42","date_gmt":"2024-11-18T12:44:42","guid":{"rendered":"https:\/\/flaxmanlaw.wpenginepowered.com\/autobuses-privados-de-miami-lakes-abogados-de-lesiones-del-condado-de-miami-dade\/"},"modified":"2024-11-18T12:44:42","modified_gmt":"2024-11-18T12:44:42","slug":"autobuses-privados-de-miami-lakes-abogados-de-lesiones-del-condado-de-miami-dade","status":"publish","type":"page","link":"https:\/\/flaxmanlaw.com\/es\/autobuses-privados-de-miami-lakes-abogados-de-lesiones-del-condado-de-miami-dade\/","title":{"rendered":"Autobuses privados de Miami Lakes | Abogados de lesiones del condado de Miami-Dade"},"content":{"rendered":"<div class=\"bodytext\">\n<h2>Autobuses privados Miami Lakes<\/h1><\/h2>\n<div class=\"description\">\n<p>Las colisiones de autobuses de enlace y autobuses privados en Miami Lakes y Florida pueden implicar a autobuses de enlace de aeropuertos, autobuses privados de hoteles y otros servicios de conductores y autom\u00f3viles. Este tipo de colisiones suelen dejar a los perjudicados con lesiones graves y enfrentados a un proceso de reclamaci\u00f3n al seguro confuso y dif\u00edcil. <\/p>\n<p>Si has sufrido lesiones en una colisi\u00f3n de autob\u00fas privado o lanzadera, ponte en contacto con un abogado de lesiones personales que tenga experiencia en colisiones de autobuses lanzadera, as\u00ed como en accidentes de tr\u00e1fico. Este tipo de demandas no son como otros tipos de demandas por lesiones personales, como las lesiones en el lugar de trabajo, por ejemplo. Los abogados del Grupo Legal Flaxman han trabajado en el \u00e1rea de Florida del Sur durante m\u00e1s de sesenta a\u00f1os juntos y han ganado miles de demandas de autobuses lanzadera y de lesiones personales en los tribunales y en la mesa de negociaciones. Contacta hoy mismo con nuestro bufete para una consulta gratuita sobre accidentes para hablar de tus lesiones y de tu posible demanda.   <\/p>\n<p><strong class=\"heading4\">\u00bfQu\u00e9 puedes recuperar tras una colisi\u00f3n con un autob\u00fas de enlace en Miami Lakes o en tu comunidad?<\/strong><\/p>\n<p>Si has sufrido lesiones en un accidente de autob\u00fas de l\u00ednea o privado, puedes obtener una indemnizaci\u00f3n por tus da\u00f1os y perjuicios. A trav\u00e9s de una demanda civil, puedes obtener indemnizaci\u00f3n por: <\/p>\n<ul>\n<li>Gastos m\u00e9dicos, incluidos los gastos m\u00e9dicos previstos en el futuro<\/li>\n<li>P\u00e9rdida de salarios, incluida la p\u00e9rdida de futuras oportunidades de ingresos<\/li>\n<li>Dolor y sufrimiento<\/li>\n<li>Da\u00f1os a tu equipaje y efectos personales<\/li>\n<li>Servicios m\u00e9dicos de larga duraci\u00f3n, como gastos de vida asistida, atenci\u00f3n domiciliaria, servicios de rehabilitaci\u00f3n, etc.<\/li>\n<li>Gastos imprevistos, como el coste del transporte o el coste de nuevos billetes de avi\u00f3n para volver a casa si te has lesionado en una lanzadera del aeropuerto.<\/li>\n<\/ul>\n<p>Pagar t\u00fa mismo estos gastos puede ser agotador desde el punto de vista econ\u00f3mico, ya que pueden sumar f\u00e1cilmente decenas de miles de d\u00f3lares, cientos de miles de d\u00f3lares o incluso m\u00e1s. Es importante tener en cuenta que los gastos m\u00e9dicos, especialmente, pueden ser muy considerables. De hecho, las lesiones m\u00e9dicas inesperadas son la principal causa de quiebra personal en todo el pa\u00eds.  <\/p>\n<p>Obtener informaci\u00f3n sobre los costes previstos y reclamar una indemnizaci\u00f3n justa es un paso importante tras sobrevivir a un accidente. Querr\u00e1s asegurarte de que tienes cubiertas tus finanzas y de que no tienes que tomar decisiones sobre servicios o rechazar servicios m\u00e9dicos que podr\u00edan ayudarte porque no tienes recursos econ\u00f3micos para pagarlos. <\/p>\n<p>Si has perdido a un ser querido en un accidente de autob\u00fas privado o lanzadera, tambi\u00e9n puedes reclamar indemnizaci\u00f3n por p\u00e9rdida de compa\u00f1\u00eda, p\u00e9rdida de contribuci\u00f3n a los ingresos, gastos m\u00e9dicos finales, gastos funerarios y otros gastos mediante una demanda por homicidio culposo. Aunque puede resultar dif\u00edcil pensar en las finanzas en un momento tan doloroso como el de la p\u00e9rdida de un ser querido, es importante salvaguardar tu futuro y el de cualquier familiar dependiente en este tipo de situaci\u00f3n. Un abogado compasivo especializado en lesiones personales puede ayudarte a comprender tus opciones y a obtener la indemnizaci\u00f3n justa que t\u00fa y tu familia merec\u00e9is.  <\/p>\n<p><strong class=\"heading4\">Ponte en contacto con un abogado especializado en accidentes de autob\u00fas<\/strong><\/p>\n<p>Los abogados <a href=\"contacta con nosotros.html\">del Grupo Legal Flaxman<\/a> han trabajado con muchos sobrevivientes de accidentes de autob\u00fas de enlace y con sus familias. Ya que Florida es un centro tur\u00edstico, trabajamos rutinariamente con personas que han resultado lesionadas mientras tomaban autobuses de enlace con el aeropuerto, autobuses tur\u00edsticos, u otros tipos de transporte dirigidos a los turistas. Conocemos los factores legales, de seguros y de otro tipo que pueden influir en estos casos, y nos esforzamos por garantizar que nuestros clientes tengan las mayores posibilidades de recuperaci\u00f3n posibles. Si has resultado lesionado, pon a un abogado de Florida del Sur de tu lado; contacta <a href=\"contacta con nosotros.html\">al Grupo Legal Flaxman<\/a> para un an\u00e1lisis gratuito de tu caso.   <\/p>\n<\/p><\/div>\n<\/p><\/div>\n","protected":false},"excerpt":{"rendered":"<p>Sin honorarios a menos que ganemos. Llama al 866-352-9626 para una &#8230; <\/p>\n","protected":false},"author":3,"featured_media":0,"parent":0,"menu_order":0,"comment_status":"closed","ping_status":"closed","template":"template-practice-areas.php","meta":{"footnotes":""},"class_list":["post-22258","page","type-page","status-publish","hentry"],"featured_image_src":null,"featured_image_src_square":null,"_links":{"self":[{"href":"https:\/\/flaxmanlaw.com\/es\/wp-json\/wp\/v2\/pages\/22258","targetHints":{"allow":["GET"]}}],"collection":[{"href":"https:\/\/flaxmanlaw.com\/es\/wp-json\/wp\/v2\/pages"}],"about":[{"href":"https:\/\/flaxmanlaw.com\/es\/wp-json\/wp\/v2\/types\/page"}],"author":[{"embeddable":true,"href":"https:\/\/flaxmanlaw.com\/es\/wp-json\/wp\/v2\/users\/3"}],"replies":[{"embeddable":true,"href":"https:\/\/flaxmanlaw.com\/es\/wp-json\/wp\/v2\/comments?post=22258"}],"version-history":[{"count":0,"href":"https:\/\/flaxmanlaw.com\/es\/wp-json\/wp\/v2\/pages\/22258\/revisions"}],"wp:attachment":[{"href":"https:\/\/flaxmanlaw.com\/es\/wp-json\/wp\/v2\/media?parent=22258"}],"curies":[{"name":"wp","href":"https:\/\/api.w.org\/{rel}","templated":true}]}}