{"id":22260,"date":"2024-11-18T12:44:42","date_gmt":"2024-11-18T12:44:42","guid":{"rendered":"https:\/\/flaxmanlaw.wpenginepowered.com\/lesiones-en-miami-lakes-abogados-de-accidentes-en-el-condado-de-miami-dade\/"},"modified":"2025-05-06T09:40:27","modified_gmt":"2025-05-06T09:40:27","slug":"lesiones-en-miami-lakes-abogados-de-accidentes-en-el-condado-de-miami-dade","status":"publish","type":"page","link":"https:\/\/flaxmanlaw.com\/es\/lesiones-en-miami-lakes-abogados-de-accidentes-en-el-condado-de-miami-dade\/","title":{"rendered":"Lesiones en Miami Lakes"},"content":{"rendered":"<div class=\"bodytext\">\n<h2>Lesiones Personales Miami Lakes<\/h2>\n<div class=\"description\">\n<p>Miami Lakes es una comunidad suburbana de Florida, planificada por primera vez en 1962. Una empresa conocida ahora como Graham Company empez\u00f3 a crear una comunidad urbanizada en la zona y planific\u00f3 el desarrollo durante 30 a\u00f1os. Sin embargo, Miami Lakes se convirti\u00f3 en un lugar tan popular para vivir que el desarrollo contin\u00faa hasta hoy. Miami Lakes fue una comunidad planificada diferente desde el principio, ya que presentaba muchos lagos curvos, as\u00ed como atractivas calles arboladas. Miami Lakes sigue siendo considerada por algunos una de las comunidades suburbanas m\u00e1s llamativas de la zona. Miami Lakes cuenta con un centro urbano, parques, espacios verdes y zonas comerciales.<\/p>\n<p>Adem\u00e1s de por sus grandes patios traseros, Miami Lakes es conocida por tener un \u00edndice de delincuencia muy bajo. Sin embargo, los accidentes con lesiones personales en Miami Lakes siguen ocurriendo. Los accidentes de coche, los accidentes de peatones y otros accidentes en Miami Lakes pueden ocurrir y ocurren. Si has resultado lesionado en Miami Lakes, existen muchos beneficios al contactar al Grupo Legal Flaxman para una consulta inicial gratuita y sin compromiso:<\/p>\n<p>1) Los costes relacionados con tu accidente pueden ser mayores de lo que crees. Puedes tener que hacer frente a facturas m\u00e9dicas, p\u00e9rdida de ingresos, da\u00f1os materiales y otros gastos. El experimentado equipo del Grupo Legal Flaxman cuenta con d\u00e9cadas de experiencia en la evaluaci\u00f3n de costos y casos de lesiones personales en Miami Lakes. El equipo profesional de abogados del Grupo Legal Flaxman puede ayudarte a comprender tus costes a largo plazo y puede colaborar contigo para que no tengas que pagar todos estos costes t\u00fa solo.<\/p>\n<p>2) Puede que no conozcas todos los detalles de tu accidente. El equipo jur\u00eddico del Grupo Legal Flaxman puede darte algunas respuestas y alg\u00fan cierre mediante la investigaci\u00f3n de tu accidente. En algunos casos, los abogados de lesiones personales cualificados de Miami Lakes tambi\u00e9n pueden ayudar a encontrar otras partes responsables, lo que puede ayudar a las v\u00edctimas de lesiones personales de Miami Lakes a recuperar la mayor parte de los costes y gastos del accidente y las lesiones.<\/p>\n<p>3) Necesitas a alguien de tu lado. Si has sufrido una lesi\u00f3n grave en Miami Lakes, tu futuro y tu potencial de ingresos futuros pueden verse afectados. Las compa\u00f1\u00edas de seguros y las empresas cuentan con poderosos abogados que protegen sus intereses, por eso necesitas que te proteja un abogado cualificado especializado en lesiones personales de Miami Lakes. El equipo jur\u00eddico del Grupo Legal Flaxman tiene la experiencia y la compasi\u00f3n que pueden ayudarte. El Grupo Legal Flaxman se enorgullece de servir al \u00e1rea de Miami Lakes y se enorgullece de haber ayudado exitosamente a miles de v\u00edctimas de lesiones personales en Florida.<\/p>\n<p>4) Necesitas un abogado de lesiones personales cualificado en Miami Lakes. Necesitas un abogado de Miami Lakes con experiencia en ir a juicio y en negociar con las compa\u00f1\u00edas de seguros. Charles Flaxman, del Grupo Legal Flaxman, tiene m\u00e1s de dos d\u00e9cadas de experiencia en ir a juicio y representar casos de lesiones personales en Florida. Adem\u00e1s, Charles Flaxman trabaj\u00f3 durante m\u00e1s de diez a\u00f1os en el sector de los seguros, lo que le hace eminentemente cualificado para negociar con los proveedores de seguros en tu nombre.<\/p>\n<p>Miami Lakes est\u00e1 a s\u00f3lo 15 minutos manejando de las oficinas del Grupo Legal Flaxman en Miami. Para llegar a nuestras oficinas en Miami desde Miami Lakes, conduzca hacia el oeste por Miami Lakes Dr y d\u00e9 vuelta a la izquierda en FL-826 S. Tome la salida FL-836 W y siga los se\u00f1alamientos hacia FL-836 E\/Airport Miami. Incorp\u00f3rate a FL-836 E y toma la salida hacia FL-959 S\/NW 57th Ave\/N Red Rd. Gira a la derecha en Blue Lagoon Dr., donde se encuentra el Grupo Legal Flaxman, en 6303 Blue Lagoon Dr., Suite 400.<\/p>\n<\/div>\n<div class=\"subpageslist\"><strong class=\"heading4 widget-title\"><a href=\"miami-lakes-accidente-de-coche.html\">Accidentes de tr\u00e1fico<\/a><\/strong> <strong class=\"heading4 widget-title\"><a href=\"miami-lakes-accidente-de-camion.html\">Accidentes de cami\u00f3n<\/a><\/strong> <strong class=\"heading4 widget-title\"><a href=\"miami-lakes-accidente-moto.html\">Accidentes de moto<\/a><\/strong> <strong class=\"heading4 widget-title\"><a href=\"miami-lakes-deslizamiento y ca\u00edda.html\">Accidentes por resbalones y ca\u00eddas<\/a><\/strong> <strong class=\"heading4 widget-title\"><a href=\"miami-lakes-muerte por negligencia.html\">Muerte por negligencia<\/a><\/strong> <strong class=\"heading4 widget-title\"><a href=\"miami-lakes-lesion-cabeza.html\">Lesi\u00f3n en la cabeza<\/a><\/strong> <strong class=\"heading4 widget-title\"><a href=\"miami-lakes-accidente-de-bicicleta.html\">Accidentes de bicicleta<\/a><\/strong> <strong class=\"heading4 widget-title\"><a href=\"miami-lakes-productos-responsabilidad.html\">Responsabilidad por productos defectuosos<\/a><\/strong> <strong class=\"heading4 widget-title\"><a href=\"miami-lakes-bus-accident.html\">Accidentes de autob\u00fas<\/a><\/strong> <strong class=\"heading4 widget-title\"><a href=\"miami-lakes-medical-malpractice.html\">Negligencia m\u00e9dica<\/a><\/strong> <strong class=\"heading4 widget-title\"><a href=\"abuso en residencias de ancianos en miami-lakes.html\">Abuso en residencias de ancianos<\/a><\/strong> <strong class=\"heading4 widget-title\"><a href=\"miami-lakes-trabajar-en-lesiones.html\">Lesiones laborales<\/a><\/strong> <strong class=\"heading4 widget-title\"><a href=\"miami-lakes-ni\u00f1o-lesiones.html\">Lesiones infantiles<\/a><\/strong> <strong class=\"heading4 widget-title\"><a href=\"miami-lakes-farmacia-negligencia.html\">Negligencia farmac\u00e9utica<\/a><\/strong> <strong class=\"heading4 widget-title\"><a href=\"miami-lakes-impacto lateral.html\">Impacto lateral<\/a><\/strong> <strong class=\"heading4 widget-title\"><a href=\"miami-lakes-seguro-ley.html\">Derecho de seguros<\/a><\/strong> <strong class=\"heading4 widget-title\"><a href=\"accidente con fuga en miami-lakes.html\">Accidentes con fuga<\/a><\/strong> <strong class=\"heading4 widget-title\"><a href=\"miami-lakes-amputaciones.html\">Amputaciones<\/a><\/strong> <strong class=\"heading4 widget-title\"><a href=\"miami-lakes-lesiones de parto.html\">Lesiones en el parto<\/a><\/strong> <strong class=\"heading4 widget-title\"><a href=\"miami-lakes-perro-muerde.html\">Mordeduras de perro<\/a><\/strong> <strong class=\"heading4 widget-title\"><a href=\"accidentes en los lagos de miami.html\">Accidentes por no ceder el paso<\/a><\/strong> <strong class=\"heading4 widget-title\"><a href=\"miami-lakes-choque frontal.html\">Colisi\u00f3n frontal<\/a><\/strong> <strong class=\"heading4 widget-title\"><a href=\"miami-lakes-accidente-de-motorista-sin-seguro.html\">Accidentes de motoristas con seguro insuficiente<\/a><\/strong> <strong class=\"heading4 widget-title\"><a href=\"peligros de las carreteras de miami-lakes.html\">Peligros de la carretera<\/a><\/strong> <strong class=\"heading4 widget-title\"><a href=\"miami-lakes-pobre-dise\u00f1o-de-caminos.html\">Mal dise\u00f1o de las carreteras<\/a><\/strong> <strong class=\"heading4 widget-title\"><a href=\"miami-lakes-fallo-mecanico.html\">Fallo mec\u00e1nico<\/a><\/strong> <strong class=\"heading4 widget-title\"><a href=\"miami-lakes-reacci\u00f3n-en-cadena-accidentes.html\">Accidentes en cadena<\/a><\/strong> <strong class=\"heading4 widget-title\"><a href=\"accidentes-volcaduras-en-los-lagos-de-miami.html\">Accidentes por vuelco<\/a><\/strong> <strong class=\"heading4 widget-title\"><a href=\"miami-lakes-conduccion-distraida.html\">Conducci\u00f3n distra\u00edda<\/a><\/strong> <strong class=\"heading4 widget-title\"><a href=\"colisiones en la carretera de miami-lakes.html\">Colisiones en Broadside<\/a><\/strong> <strong class=\"heading4 widget-title\"><a href=\"miami-lakes-accidentes de cambio de carril inseguro.html\">Accidentes por cambio de carril inseguro<\/a><\/strong> <strong class=\"heading4 widget-title\"><a href=\"miami-lakes-interseccion-accidentes.html\">Accidentes en intersecciones<\/a><\/strong> <strong class=\"heading4 widget-title\"><a href=\"miami-lakes-seguridad-pasajeros.html\">Seguridad de los pasajeros<\/a><\/strong> <strong class=\"heading4 widget-title\"><a href=\"colisiones por giro a la izquierda en miami-lakes.html\">Colisiones por giro a la izquierda<\/a><\/strong> <strong class=\"heading4 widget-title\"><a href=\"miami-lakes-accidentes-de-choque-trasero.html\">Accidentes por alcance<\/a><\/strong> <strong class=\"heading4 widget-title\"><a href=\"miami-lakes-automovil-motocicleta.html\">Autom\u00f3vil y Motocicleta<\/a><\/strong> <strong class=\"heading4 widget-title\"><a href=\"miami-lakes-equipamiento-pesado-fracasos.html\">Aver\u00edas de maquinaria pesada<\/a><\/strong> <strong class=\"heading4 widget-title\"><a href=\"miami-lakes-drogas-peligrosas.html\">Drogas peligrosas<\/a><\/strong> <strong class=\"heading4 widget-title\"><a href=\"miami-lakes-abandono-fisico.html\">Negligencia f\u00edsica<\/a><\/strong> <strong class=\"heading4 widget-title\"><a href=\"miami-lakes-medical-neglect.html\">Negligencia m\u00e9dica<\/a><\/strong> <strong class=\"heading4 widget-title\"><a href=\"miami-lakes-supervisi\u00f3n-inadecuada.html\">Supervisi\u00f3n inadecuada<\/a><\/strong> <strong class=\"heading4 widget-title\"><a href=\"miami-lakes-vivienda-asistida-negligencia.html\">Negligencia en residencias asistidas<\/a><\/strong> <strong class=\"heading4 widget-title\"><a href=\"miami-lakes-abuso-de-ancianos.html\">Abuso de ancianos<\/a><\/strong> <strong class=\"heading4 widget-title\"><a href=\"miami-lakes-abuso-fisico.html\">Maltrato f\u00edsico<\/a><\/strong> <strong class=\"heading4 widget-title\"><a href=\"miami-lakes-agresion-sexual.html\">Agresi\u00f3n sexual<\/a><\/strong> <strong class=\"heading4 widget-title\"><a href=\"lesiones cerebrales en miami-lakes.html\">Lesi\u00f3n cerebral<\/a><\/strong> <strong class=\"heading4 widget-title\"><a href=\"accidente de autobus escolar en miami-lakes.html\">Accidentes de autob\u00fas escolar<\/a><\/strong> <strong class=\"heading4 widget-title\"><a href=\"miami-lakes-transporte-publico-accidente.html\">Accidentes en el transporte p\u00fablico<\/a><\/strong> <strong class=\"heading4 widget-title\"><a href=\"miami-lakes-buses-privados.html\">Autobuses privados<\/a><\/strong> <strong class=\"heading4 widget-title\"><a href=\"miami-lakes-responsabilidad-predial.html\">Responsabilidad de los locales<\/a><\/strong> <strong class=\"heading4 widget-title\"><a href=\"miami-lakes-seguridad-inadecuada.html\">Seguridad inadecuada<\/a><\/strong> <strong class=\"heading4 widget-title\"><a href=\"miami-lakes-dwi-dui-car-accidents.html\">Accidentes de tr\u00e1fico por DWI\/DUI<\/a><\/strong> <strong class=\"heading4 widget-title\"><a href=\"miami-lakes-atropellado-por-un-conductor-borracho.html\">Atropellado por un conductor ebrio<\/a><\/strong><\/div>\n<\/div>\n","protected":false},"excerpt":{"rendered":"<p>Sin honorarios a menos que ganemos. Llama al 866-352-9626 para una &#8230; <\/p>\n","protected":false},"author":3,"featured_media":0,"parent":0,"menu_order":0,"comment_status":"closed","ping_status":"closed","template":"template-practice-areas.php","meta":{"footnotes":""},"class_list":["post-22260","page","type-page","status-publish","hentry"],"featured_image_src":null,"featured_image_src_square":null,"_links":{"self":[{"href":"https:\/\/flaxmanlaw.com\/es\/wp-json\/wp\/v2\/pages\/22260","targetHints":{"allow":["GET"]}}],"collection":[{"href":"https:\/\/flaxmanlaw.com\/es\/wp-json\/wp\/v2\/pages"}],"about":[{"href":"https:\/\/flaxmanlaw.com\/es\/wp-json\/wp\/v2\/types\/page"}],"author":[{"embeddable":true,"href":"https:\/\/flaxmanlaw.com\/es\/wp-json\/wp\/v2\/users\/3"}],"replies":[{"embeddable":true,"href":"https:\/\/flaxmanlaw.com\/es\/wp-json\/wp\/v2\/comments?post=22260"}],"version-history":[{"count":0,"href":"https:\/\/flaxmanlaw.com\/es\/wp-json\/wp\/v2\/pages\/22260\/revisions"}],"wp:attachment":[{"href":"https:\/\/flaxmanlaw.com\/es\/wp-json\/wp\/v2\/media?parent=22260"}],"curies":[{"name":"wp","href":"https:\/\/api.w.org\/{rel}","templated":true}]}}