{"id":22264,"date":"2024-11-18T12:44:42","date_gmt":"2024-11-18T12:44:42","guid":{"rendered":"https:\/\/flaxmanlaw.wpenginepowered.com\/camiones-con-sobrepeso-sobrecarga-en-miami-lakes-abogados-de-accidentes-de-camion-en-el-condado-de-miami-dade\/"},"modified":"2024-11-18T12:44:42","modified_gmt":"2024-11-18T12:44:42","slug":"camiones-con-sobrepeso-sobrecarga-en-miami-lakes-abogados-de-accidentes-de-camion-en-el-condado-de-miami-dade","status":"publish","type":"page","link":"https:\/\/flaxmanlaw.com\/es\/camiones-con-sobrepeso-sobrecarga-en-miami-lakes-abogados-de-accidentes-de-camion-en-el-condado-de-miami-dade\/","title":{"rendered":"Camiones con sobrepeso \/ sobrecarga en Miami Lakes | Abogados de accidentes de cami\u00f3n en el condado de Miami-Dade"},"content":{"rendered":"<div class=\"bodytext\">\n<h2>Camiones de sobrepeso \/ sobrecarga en Miami Lakes<\/h1><\/h2>\n<div class=\"description\">\n<p>Desde troncos a combustible y equipos industriales, la carga con sobrepeso y mal sujeta puede provocar una cat\u00e1strofe. Este tipo de carga con sobrepeso en los camiones puede causar da\u00f1os en la carretera y da\u00f1ar las infraestructuras, lo que a su vez puede provocar accidentes secundarios en nuestras comunidades. La carga no sujeta o sobrecargada tambi\u00e9n puede derramarse en la carretera, provocando accidentes en cadena en Miami Lakes y otras comunidades de Florida. En algunos casos, los camiones con sobrepeso tambi\u00e9n son propensos a volcar o un camionero puede perder el control de un cami\u00f3n de carga mal sujeto o de un cami\u00f3n sobrecargado. Todas estas colisiones pueden provocar lesiones y p\u00e9rdidas devastadoras.    <\/p>\n<p>Los abogados del Grupo Legal Flaxman cuentan con los recursos y conocimientos legales necesarios para litigar demandas por lesiones personales y accidentes de cami\u00f3n. Nuestra red de investigadores privados, testigos expertos, ingenieros y otros pueden buscar la causa exacta de un accidente recreando la escena del mismo. Nuestro equipo de abogados trabaja duro para que los responsables respondan de las lesiones que causan. Si has resultado lesionado, no dudes en contactar hoy mismo al Grupo Legal Flaxman para una revisi\u00f3n gratuita de tu caso y hablar sobre tu situaci\u00f3n con uno de los abogados de nuestra firma.   <\/p>\n<p><strong class=\"heading4\">\u00bfC\u00f3mo saber si tienes derecho a presentar una demanda tras un accidente de cami\u00f3n en Miami Lakes o en tu comunidad?<\/strong><\/p>\n<p>En muchos casos, es dif\u00edcil saber de un vistazo si un cami\u00f3n lleva una carga incorrecta o con sobrepeso. A menudo, no hay ninguna indicaci\u00f3n visual de que un cami\u00f3n haya superado los l\u00edmites de peso de la carga. En estos casos, puedes tener una reclamaci\u00f3n legal si el propietario o transportista de un cami\u00f3n excedi\u00f3 a sabiendas los l\u00edmites de peso o intent\u00f3 falsificar los registros o evitar las b\u00e1sculas de peso. Sin embargo, a menudo se necesita un abogado cualificado especializado en lesiones personales, as\u00ed como investigadores privados, para reunir pruebas de este tipo de conducta indebida.   <\/p>\n<p>Si sospechas que tu accidente de cami\u00f3n puede haber sido causado por alg\u00fan tipo de negligencia, es importante que hables con un abogado especializado en lesiones personales. Aunque no est\u00e9s seguro de cu\u00e1l ha sido la causa de tus lesiones o de tu accidente, es buena idea que te asesore un abogado experto en lesiones personales. Un buen abogado puede investigar la causa del accidente y ayudarte a comprender si tienes derecho a reclamar. Y lo que es igualmente importante, un abogado de lesiones personales cualificado puede negociar con los acusados y las compa\u00f1\u00edas de seguros, as\u00ed como con otras partes implicadas en tu caso, para conseguir una indemnizaci\u00f3n justa y justicia para ti y tu familia.   <\/p>\n<p><strong class=\"heading4\">\u00bfNecesitas Asesoramiento Jur\u00eddico Tras un Accidente de Tr\u00e1fico?<\/strong><\/p>\n<p>Si usted se ha visto involucrado en un accidente de cami\u00f3n, los abogados <a href=\"index.html\">del Grupo Legal Flaxman <\/a>le urgen a hablar con un abogado experimentado en lesiones personales. Con demasiada frecuencia, los abogados de nuestra firma de servicios integrales han hablado con partes lesionadas que pensaban que no necesitaban ayuda legal porque ten\u00edan seguro o cobertura m\u00e9dica. Con demasiada frecuencia, debido a la costosa y considerable devastaci\u00f3n que pueden causar este tipo de accidentes, los demandantes que han sobrevivido a un accidente de cami\u00f3n se encuentran con que el dinero de su seguro se agota antes de que se contabilicen todas sus facturas m\u00e9dicas y salarios perdidos. Esto puede crear graves dificultades econ\u00f3micas a las v\u00edctimas que ya estaban sufriendo dolor y devastaci\u00f3n debido a las lesiones que han sufrido. No dejes que esto te ocurra a ti. <a href=\"contacta con nosotros.html\">Contacta<\/a> hoy mismo <a href=\"contacta con nosotros.html\">con<\/a> el Grupo Legal Flaxman para una consulta gratuita sobre accidentes.    <\/p>\n<\/p><\/div>\n<\/p><\/div>\n","protected":false},"excerpt":{"rendered":"<p>Sin honorarios a menos que ganemos. Llama al 866-352-9626 para una &#8230; <\/p>\n","protected":false},"author":3,"featured_media":0,"parent":0,"menu_order":0,"comment_status":"closed","ping_status":"closed","template":"template-practice-areas.php","meta":{"footnotes":""},"class_list":["post-22264","page","type-page","status-publish","hentry"],"featured_image_src":null,"featured_image_src_square":null,"_links":{"self":[{"href":"https:\/\/flaxmanlaw.com\/es\/wp-json\/wp\/v2\/pages\/22264","targetHints":{"allow":["GET"]}}],"collection":[{"href":"https:\/\/flaxmanlaw.com\/es\/wp-json\/wp\/v2\/pages"}],"about":[{"href":"https:\/\/flaxmanlaw.com\/es\/wp-json\/wp\/v2\/types\/page"}],"author":[{"embeddable":true,"href":"https:\/\/flaxmanlaw.com\/es\/wp-json\/wp\/v2\/users\/3"}],"replies":[{"embeddable":true,"href":"https:\/\/flaxmanlaw.com\/es\/wp-json\/wp\/v2\/comments?post=22264"}],"version-history":[{"count":0,"href":"https:\/\/flaxmanlaw.com\/es\/wp-json\/wp\/v2\/pages\/22264\/revisions"}],"wp:attachment":[{"href":"https:\/\/flaxmanlaw.com\/es\/wp-json\/wp\/v2\/media?parent=22264"}],"curies":[{"name":"wp","href":"https:\/\/api.w.org\/{rel}","templated":true}]}}