{"id":22269,"date":"2024-11-18T12:44:42","date_gmt":"2024-11-18T12:44:42","guid":{"rendered":"https:\/\/flaxmanlaw.wpenginepowered.com\/drogas-peligrosas-miami-lakes-abogados-de-responsabilidad-por-productos-del-condado-de-miami-dade\/"},"modified":"2024-11-18T12:44:42","modified_gmt":"2024-11-18T12:44:42","slug":"drogas-peligrosas-miami-lakes-abogados-de-responsabilidad-por-productos-del-condado-de-miami-dade","status":"publish","type":"page","link":"https:\/\/flaxmanlaw.com\/es\/drogas-peligrosas-miami-lakes-abogados-de-responsabilidad-por-productos-del-condado-de-miami-dade\/","title":{"rendered":"Drogas Peligrosas Miami Lakes | Abogados de Responsabilidad por Productos del Condado de Miami-Dade"},"content":{"rendered":"<div class=\"bodytext\">\n<h2>Drogas peligrosas en Miami Lakes<\/h1><\/h2>\n<div class=\"description\">\n<p>Las grandes empresas farmac\u00e9uticas tienen costosas campa\u00f1as de marketing que prometen que sus medicamentos y productos mejorar\u00e1n tu vida y tu salud. Tomas estos productos y f\u00e1rmacos por recomendaci\u00f3n de un m\u00e9dico, pero \u00bfqu\u00e9 ocurre cuando los resultados no son los deseados? Por desgracia, cada a\u00f1o en Florida hay personas que resultan gravemente heridas o incluso mueren por consumir medicamentos recetados peligrosos o por utilizar dispositivos farmac\u00e9uticos que no son tan seguros como parecen.  <\/p>\n<p>Si usted ha resultado lesionado despu\u00e9s de usar un dispositivo farmac\u00e9utico, un aparato m\u00e9dico, o despu\u00e9s de tomar medicamentos, contacte al Grupo Legal Flaxman para obtener respuestas. Los abogados del Grupo Legal Flaxman trabajan con expertos m\u00e9dicos e investigadores privados para investigar las causas de los resultados m\u00e9dicos negativos. Adem\u00e1s, nuestros abogados pueden reunirse contigo en una consulta gratuita y sin compromiso de tu caso para ayudarte a asesorarte sobre tus derechos y opciones legales.  <\/p>\n<p><strong class=\"heading4\">Las Drogas Peligrosas en Miami Lakes Causan Lesiones Graves e Incluso Muertes<\/strong><\/p>\n<p>Los f\u00e1rmacos peligrosos pueden causar muchas complicaciones y efectos secundarios graves, como por ejemplo<\/p>\n<ul>\n<li>Convulsiones<\/li>\n<li>Co\u00e1gulos sangu\u00edneos<\/li>\n<li>Defectos de nacimiento<\/li>\n<li>Par\u00e1lisis<\/li>\n<li>Cambios peligrosos en la tensi\u00f3n arterial<\/li>\n<li>Ataques card\u00edacos o accidentes cerebrovasculares<\/li>\n<li>Irritaciones cut\u00e1neas<\/li>\n<li>Coma<\/li>\n<li>P\u00e9rdida de conocimiento<\/li>\n<\/ul>\n<p><strong class=\"heading4\">\u00bfQu\u00e9 tipos de drogas peligrosas se venden al p\u00fablico?<\/strong><\/p>\n<p>Hay muchos tipos de f\u00e1rmacos y dispositivos farmac\u00e9uticos que han demostrado ser peligrosos y producir efectos secundarios en algunos pacientes. Entre ellos se incluyen: <\/p>\n<ul>\n<li>Algunas p\u00edldoras anticonceptivas<\/li>\n<li>Algunos medicamentos destinados a tratar la hipertensi\u00f3n o el colesterol<\/li>\n<li>Pr\u00f3tesis de cadera y pr\u00f3tesis articulares<\/li>\n<li>Algunos dispositivos anticonceptivos<\/li>\n<li>Algunos antidepresivos<\/li>\n<\/ul>\n<p>Casi cualquier tipo de f\u00e1rmaco puede resultar peligroso si no se comprueba adecuadamente su seguridad y no se somete a ensayos estrictos. Incluso con las pruebas adecuadas, los f\u00e1rmacos pueden ser peligrosos para el paciente si no se cierra la informaci\u00f3n completa sobre los efectos secundarios del f\u00e1rmaco y sus posibles interacciones, y si la informaci\u00f3n que acompa\u00f1a al f\u00e1rmaco no es completa y precisa. <\/p>\n<p>Si has sufrido lesiones debido a un medicamento o dispositivo farmac\u00e9utico peligroso, es posible que tengas una reclamaci\u00f3n por lesiones personales o negligencia m\u00e9dica en Miami Lakes o en tu comunidad. Por desgracia, puede ser dif\u00edcil saber si tienes derecho a reclamar. Si has tenido una reacci\u00f3n m\u00e9dica negativa, \u00bfc\u00f3mo puedes estar seguro de que el problema se debi\u00f3 a un problema con el medicamento y no a un error de la farmacia o a una negligencia m\u00e9dica? En muchos casos, es dif\u00edcil saberlo y los profesionales m\u00e9dicos no suelen ser muy comunicativos a la hora de admitir que han cometido un error o han sido negligentes de alguna manera.   <\/p>\n<p>De hecho, muchas farmacias, consultas m\u00e9dicas, hospitales y empresas farmac\u00e9uticas est\u00e1n protegidos por poderosos equipos de abogados y grandes compa\u00f1\u00edas de seguros. Estos demandados har\u00e1n todo lo posible para que su responsabilidad quede minimizada o eliminada. Si has sufrido lesiones, es importante que consultes a un abogado especializado en lesiones personales para revisar tus opciones legales y asegurarte de que tus derechos est\u00e1n protegidos.  <\/p>\n<p>Si usted est\u00e1 buscando un abogado de drogas peligrosas en cualquier comunidad de Florida del Sur, <a href=\"contacta con nosotros.html\">contacte al Grupo Legal Flaxman<\/a> para una evaluaci\u00f3n gratuita y sin compromiso de su caso. Los miembros de nuestra firma de servicios integrales pueden reunirse con usted para darle una evaluaci\u00f3n legal gratuita de su situaci\u00f3n. <\/p>\n<\/p><\/div>\n<\/p><\/div>\n","protected":false},"excerpt":{"rendered":"<p>Sin honorarios a menos que ganemos. Llama al 866-352-9626 para una &#8230; <\/p>\n","protected":false},"author":3,"featured_media":0,"parent":0,"menu_order":0,"comment_status":"closed","ping_status":"closed","template":"template-practice-areas.php","meta":{"footnotes":""},"class_list":["post-22269","page","type-page","status-publish","hentry"],"featured_image_src":null,"featured_image_src_square":null,"_links":{"self":[{"href":"https:\/\/flaxmanlaw.com\/es\/wp-json\/wp\/v2\/pages\/22269","targetHints":{"allow":["GET"]}}],"collection":[{"href":"https:\/\/flaxmanlaw.com\/es\/wp-json\/wp\/v2\/pages"}],"about":[{"href":"https:\/\/flaxmanlaw.com\/es\/wp-json\/wp\/v2\/types\/page"}],"author":[{"embeddable":true,"href":"https:\/\/flaxmanlaw.com\/es\/wp-json\/wp\/v2\/users\/3"}],"replies":[{"embeddable":true,"href":"https:\/\/flaxmanlaw.com\/es\/wp-json\/wp\/v2\/comments?post=22269"}],"version-history":[{"count":0,"href":"https:\/\/flaxmanlaw.com\/es\/wp-json\/wp\/v2\/pages\/22269\/revisions"}],"wp:attachment":[{"href":"https:\/\/flaxmanlaw.com\/es\/wp-json\/wp\/v2\/media?parent=22269"}],"curies":[{"name":"wp","href":"https:\/\/api.w.org\/{rel}","templated":true}]}}