{"id":22270,"date":"2024-11-18T12:44:44","date_gmt":"2024-11-18T12:44:44","guid":{"rendered":"https:\/\/flaxmanlaw.wpenginepowered.com\/accidentes-de-moto-en-miami-springs-abogados-de-accidentes-de-moto-en-el-condado-de-miami-dade\/"},"modified":"2024-11-18T12:44:44","modified_gmt":"2024-11-18T12:44:44","slug":"accidentes-de-moto-en-miami-springs-abogados-de-accidentes-de-moto-en-el-condado-de-miami-dade","status":"publish","type":"page","link":"https:\/\/flaxmanlaw.com\/es\/accidentes-de-moto-en-miami-springs-abogados-de-accidentes-de-moto-en-el-condado-de-miami-dade\/","title":{"rendered":"Accidentes de moto en Miami Springs | Abogados de accidentes de moto en el condado de Miami-Dade"},"content":{"rendered":"<div class=\"bodytext\">\n<h2>Accidentes de Maniobra en Motocicleta en Miami Springs<\/h1><\/h2>\n<div class=\"description\">\n<p>La mayor\u00eda de los entusiastas de las motocicletas eligen conducirlas en lugar de conducir coches, en parte porque les encanta la maniobrabilidad de las motos. Aunque la maniobrabilidad puede significar m\u00e1s libertad en la carretera y la facilidad de sortear veh\u00edculos y obst\u00e1culos, tambi\u00e9n puede provocar accidentes. La mayor\u00eda de las veces, los accidentes por maniobrabilidad en Miami Springs o Florida se deben a una de estas dos cosas: que los motoristas sobrestimen la maniobrabilidad de sus veh\u00edculos, o que los conductores supongan que las motos que comparten la carretera con ellos son m\u00e1s maniobrables de lo que realmente son. Ambas actitudes provocan graves colisiones cada a\u00f1o.   <\/p>\n<p>\u00bfHas resultado lesionado en un choque de motocicleta? Los abogados del Grupo Legal Flaxman estar\u00e1n encantados de responder a tus preguntas y darte una consulta gratuita sobre accidentes. Simplemente utiliza nuestro sitio web o llama a nuestras l\u00edneas telef\u00f3nicas 24\/7 al 866-352-9626 para programar la evaluaci\u00f3n gratuita de tu caso.  <\/p>\n<p><strong class=\"heading4\">\u00bfQui\u00e9n Es Responsable De Mi Accidente De Maniobra En Motocicleta En Miami Springs?<\/strong><\/p>\n<p>Hay muchas partes que pueden ser responsables en tu caso, entre ellas:<\/p>\n<ul>\n<li>El mec\u00e1nico o profesional de la reparaci\u00f3n al que confiaste tu moto<\/li>\n<li>El fabricante que cre\u00f3 la motocicleta o la pieza defectuosa de la motocicleta<\/li>\n<li>Otros conductores o motoristas en la carretera que causaron el accidente<\/li>\n<li>El municipio donde se produjo el accidente, si el dise\u00f1o de la carretera fue un factor<\/li>\n<li>La empresa constructora u otra empresa que realice obras o construcciones donde se produjo el accidente, si los restos de la carretera u otros factores causaron el accidente<\/li>\n<li>Cualquier tienda que te haya vendido una pieza de moto defectuosa o retirada del mercado<\/li>\n<\/ul>\n<p>Para averiguar qui\u00e9n es responsable en tu caso y cu\u00e1les son tus opciones legales, es importante que hables con un abogado de lesiones personales lo antes posible tras tu accidente. Inmediatamente despu\u00e9s de tu accidente, un abogado de lesiones personales puede tomar medidas para preservar tus derechos, investigar el accidente y ayudarte a reclamar una indemnizaci\u00f3n si tienes derecho a ella. <\/p>\n<p><strong class=\"heading4\">\u00bfNo basta con un seguro?<\/strong><\/p>\n<p>Muchas personas que han sufrido lesiones en una motocicleta suponen que su compa\u00f1\u00eda de seguros les proteger\u00e1 tras una colisi\u00f3n y pagar\u00e1 el tratamiento m\u00e9dico, los gastos de sustituci\u00f3n de la motocicleta, los da\u00f1os materiales y mucho m\u00e1s. Por desgracia, con demasiada frecuencia las v\u00edctimas lesionadas de accidentes de coche y moto descubren que no se les indemniza \u00edntegramente. Esto puede deberse a varias razones:  <\/p>\n<ul>\n<li>La aseguradora puede infravalorar el siniestro<\/li>\n<li>La aseguradora puede no tener en cuenta los costes totales y a largo plazo de las lesiones<\/li>\n<li>Las aseguradoras suelen esforzarse por resolver los siniestros a bajo coste para obtener mejores beneficios<\/li>\n<li>Las aseguradoras pueden hacer una oferta antes de que se conozca la gravedad de las lesiones<\/li>\n<\/ul>\n<p>No querr\u00e1s encontrarte en una situaci\u00f3n en la que el dinero de tu seguro se agote antes de que termines el tratamiento y puedas volver al trabajo. Para luchar por una indemnizaci\u00f3n justa, consulta a un abogado de lesiones personales despu\u00e9s de tu colisi\u00f3n. Un abogado puede ayudarte a comprender qu\u00e9 pasos debes dar para maximizar tu indemnizaci\u00f3n y prestaciones.  <\/p>\n<p>Si usted necesita hablar con un abogado de lesiones personales hoy mismo, la firma de servicios integrales del Grupo Legal Flaxman siempre est\u00e1 disponible para revisiones gratuitas de casos. Charles Flaxman, del Grupo Legal Flaxman, ha sido admitido para ejercer ante el Condado del Estado de Florida, las Cortes de Apelaci\u00f3n de Circuito y de Distrito, la Corte de Apelaciones de Estados Unidos, la Suprema Corte de Florida, la Corte de Distrito de Estados Unidos, y el Distrito Sur de Florida. Charles Flaxman ya ha recuperado m\u00e1s de 50 millones de d\u00f3lares en nombre de demandantes de todo el Sur de Florida. Si usted desea que Charles Flaxman y el resto de los abogados y personal jur\u00eddico <a href=\"index.html\">del Grupo Legal Flaxman<\/a> trabajen en su nombre o desea que revisemos sus opciones legales despu\u00e9s de sufrir una lesi\u00f3n, <a href=\"contacta con nosotros.html\">contacte a<\/a> nuestra firma de servicios integrales para recibir una evaluaci\u00f3n gratuita y confidencial de su caso.   <\/p>\n<\/p><\/div>\n<\/p><\/div>\n","protected":false},"excerpt":{"rendered":"<p>Sin honorarios a menos que ganemos. Llama al 866-352-9626 para una &#8230; <\/p>\n","protected":false},"author":3,"featured_media":0,"parent":0,"menu_order":0,"comment_status":"closed","ping_status":"closed","template":"template-practice-areas.php","meta":{"footnotes":""},"class_list":["post-22270","page","type-page","status-publish","hentry"],"featured_image_src":null,"featured_image_src_square":null,"_links":{"self":[{"href":"https:\/\/flaxmanlaw.com\/es\/wp-json\/wp\/v2\/pages\/22270","targetHints":{"allow":["GET"]}}],"collection":[{"href":"https:\/\/flaxmanlaw.com\/es\/wp-json\/wp\/v2\/pages"}],"about":[{"href":"https:\/\/flaxmanlaw.com\/es\/wp-json\/wp\/v2\/types\/page"}],"author":[{"embeddable":true,"href":"https:\/\/flaxmanlaw.com\/es\/wp-json\/wp\/v2\/users\/3"}],"replies":[{"embeddable":true,"href":"https:\/\/flaxmanlaw.com\/es\/wp-json\/wp\/v2\/comments?post=22270"}],"version-history":[{"count":0,"href":"https:\/\/flaxmanlaw.com\/es\/wp-json\/wp\/v2\/pages\/22270\/revisions"}],"wp:attachment":[{"href":"https:\/\/flaxmanlaw.com\/es\/wp-json\/wp\/v2\/media?parent=22270"}],"curies":[{"name":"wp","href":"https:\/\/api.w.org\/{rel}","templated":true}]}}