{"id":22273,"date":"2024-11-18T12:44:44","date_gmt":"2024-11-18T12:44:44","guid":{"rendered":"https:\/\/flaxmanlaw.wpenginepowered.com\/miami-springs-negligencia-medica-abogados-de-abuso-en-residencias-de-ancianos-del-condado-de-miami-dade\/"},"modified":"2024-11-18T12:44:44","modified_gmt":"2024-11-18T12:44:44","slug":"miami-springs-negligencia-medica-abogados-de-abuso-en-residencias-de-ancianos-del-condado-de-miami-dade","status":"publish","type":"page","link":"https:\/\/flaxmanlaw.com\/es\/miami-springs-negligencia-medica-abogados-de-abuso-en-residencias-de-ancianos-del-condado-de-miami-dade\/","title":{"rendered":"Miami Springs Negligencia M\u00e9dica | Abogados de Abuso en Residencias de Ancianos del Condado de Miami-Dade"},"content":{"rendered":"<div class=\"bodytext\">\n<h2>Negligencia m\u00e9dica en Miami Springs<\/h1><\/h2>\n<div class=\"description\">\n<p>Las residencias de ancianos y su personal a veces se aprovechan de los residentes ancianos a su cuidado. Los residentes pueden acabar siendo v\u00edctimas de abusos econ\u00f3micos, f\u00edsicos, sexuales o negligencia. Una forma habitual de negligencia es la negligencia m\u00e9dica. Se define como la denegaci\u00f3n de servicios y atenci\u00f3n m\u00e9dica adecuados a alguien que est\u00e1 bajo su cuidado.   <\/p>\n<p>Si un miembro de tu familia ha resultado lesionado debido a negligencia m\u00e9dica o negligencia y abuso en un asilo de ancianos en Miami Springs tu comunidad, no dudes en contactar al Grupo Legal Flaxman para programar una evaluaci\u00f3n gratuita de tu caso. Puede haber opciones legales que le permitan buscar una compensaci\u00f3n en su caso y que le permitan colocar a su ser querido en un mejor cuidado. Deja que nuestro bufete de servicios integrales revise tus opciones para que sepas lo que puedes hacer.  <\/p>\n<p><strong class=\"heading4\">\u00bfQu\u00e9 puede hacer en tu caso un abogado especializado en lesiones personales o negligencias m\u00e9dicas de Miami Springs o de tu comunidad?<\/strong><\/p>\n<p>Al iniciar una demanda por negligencia m\u00e9dica o mala praxis m\u00e9dica en tu comunidad, un abogado generalmente tendr\u00e1 que construir un caso s\u00f3lido para proteger tus intereses y para darte la mejor oportunidad posible de obtener una indemnizaci\u00f3n justa. Para ello, tu abogado puede: <\/p>\n<ul>\n<li>Reunir pruebas de negligencia m\u00e9dica o iniciar una investigaci\u00f3n para averiguar qu\u00e9 ha ocurrido<\/li>\n<li>Revisa los historiales m\u00e9dicos para encontrar pruebas de negligencia o mala praxis<\/li>\n<li>Investigar los antecedentes de los miembros del personal o de los profesionales m\u00e9dicos implicados para averiguar si ha habido infracciones o cargos previos contra esos profesionales.<\/li>\n<li>Entrevistarte a ti y a cualquier testigo de los malos tratos o la negligencia<\/li>\n<li>Contrata a un investigador privado<\/li>\n<li>Trabaja con peritos y expertos m\u00e9dicos para determinar lo que ha ocurrido<\/li>\n<li>Negociar con los demandantes y sus compa\u00f1\u00edas de seguros para conseguir la oferta de indemnizaci\u00f3n m\u00e1s justa posible<\/li>\n<li>Construye un caso que pueda llevar la lucha a los tribunales, si es necesario<\/li>\n<\/ul>\n<p><strong class=\"heading4\">\u00bfTengo un caso de negligencia m\u00e9dica en Miami Springs o en mi comunidad de Florida?<\/strong><\/p>\n<p>Es dif\u00edcil saber si tienes un caso de negligencia m\u00e9dica. La realidad es que no todos los resultados m\u00e9dicos negativos dan lugar a una reclamaci\u00f3n judicial, porque en algunos casos los m\u00e9dicos y otros profesionales sanitarios hacen todo lo posible, pero aun as\u00ed son incapaces de solucionar o prevenir una complicaci\u00f3n o un problema graves. Sin embargo, si la negligencia o mala praxis m\u00e9dica fue un problema, debes conocer tus opciones legales para poder dar los pasos que m\u00e1s te convengan.  <\/p>\n<p>Por esta raz\u00f3n, si tienes un resultado m\u00e9dico negativo, siempre es mejor hablar con un abogado de lesiones personales para revisar tus opciones legales y tus derechos. Un abogado puede ayudarte a comprender si tienes derecho a reclamar e incluso puede investigar tu situaci\u00f3n para determinar si hubo negligencia o imprudencia. Si despu\u00e9s de hablar con un abogado de lesiones personales decides que tienes un caso s\u00f3lido y que tienes derecho a recibir una indemnizaci\u00f3n econ\u00f3mica, puedes decidir seguir adelante. En estos casos, es importante consultar r\u00e1pidamente a un abogado de lesiones personales, ya que existe un plazo de prescripci\u00f3n para presentar una demanda. Adem\u00e1s, cuanto antes consultes a un abogado de lesiones personales, antes podr\u00e1 empezar a tomar medidas para protegerte a ti y a tu familia.    <\/p>\n<p>Si deseas hablar hoy mismo con un abogado de lesiones personales, <a href=\"contacta con nosotros.html\">contacta con el Grupo Legal Flaxman<\/a> para una evaluaci\u00f3n gratuita de tu caso.<\/p>\n<\/p><\/div>\n<\/p><\/div>\n","protected":false},"excerpt":{"rendered":"<p>Sin honorarios a menos que ganemos. Llama al 866-352-9626 para una &#8230; <\/p>\n","protected":false},"author":3,"featured_media":0,"parent":0,"menu_order":0,"comment_status":"closed","ping_status":"closed","template":"template-practice-areas.php","meta":{"footnotes":""},"class_list":["post-22273","page","type-page","status-publish","hentry"],"featured_image_src":null,"featured_image_src_square":null,"_links":{"self":[{"href":"https:\/\/flaxmanlaw.com\/es\/wp-json\/wp\/v2\/pages\/22273","targetHints":{"allow":["GET"]}}],"collection":[{"href":"https:\/\/flaxmanlaw.com\/es\/wp-json\/wp\/v2\/pages"}],"about":[{"href":"https:\/\/flaxmanlaw.com\/es\/wp-json\/wp\/v2\/types\/page"}],"author":[{"embeddable":true,"href":"https:\/\/flaxmanlaw.com\/es\/wp-json\/wp\/v2\/users\/3"}],"replies":[{"embeddable":true,"href":"https:\/\/flaxmanlaw.com\/es\/wp-json\/wp\/v2\/comments?post=22273"}],"version-history":[{"count":0,"href":"https:\/\/flaxmanlaw.com\/es\/wp-json\/wp\/v2\/pages\/22273\/revisions"}],"wp:attachment":[{"href":"https:\/\/flaxmanlaw.com\/es\/wp-json\/wp\/v2\/media?parent=22273"}],"curies":[{"name":"wp","href":"https:\/\/api.w.org\/{rel}","templated":true}]}}